{"id":2540,"date":"2021-03-18T15:58:42","date_gmt":"2021-03-18T15:58:42","guid":{"rendered":"https:\/\/www.paniker.com\/?page_id=2540"},"modified":"2025-12-01T07:40:26","modified_gmt":"2025-12-01T07:40:26","slug":"quality","status":"publish","type":"page","link":"https:\/\/www.paniker.com\/en\/company\/quality\/","title":{"rendered":"Quality"},"content":{"rendered":"\n<style type=\"text\/css\" data-created_by=\"avia_inline_auto\" id=\"style-css-av-tcya-15e7e54258378eb23c9043aae2615950\">\n.flex_column.av-tcya-15e7e54258378eb23c9043aae2615950{\nborder-radius:0px 0px 0px 0px;\npadding:0px 0px 0px 0px;\n}\n<\/style>\n<div  class='flex_column av-tcya-15e7e54258378eb23c9043aae2615950 av_one_full  avia-builder-el-0  el_before_av_one_full  avia-builder-el-first  first flex_column_div av-zero-column-padding  '     ><p><section  class='av_textblock_section av-k53ufneb-34ce1cf4cbafbd5d1491f3716bb2df93 '   itemscope=\"itemscope\" itemtype=\"https:\/\/schema.org\/CreativeWork\" ><div class='av-small-hide av-mini-hide avia_textblock'  itemprop=\"text\" ><p>[layerslider id=&#8221;24&#8243;]<\/p>\n<\/div><\/section><br \/>\n<section  class='av_textblock_section av-kmeu10b3-0f1374fc37c25aef0e011c941163833a '   itemscope=\"itemscope\" itemtype=\"https:\/\/schema.org\/CreativeWork\" ><div class='av-desktop-hide av-medium-hide avia_textblock'  itemprop=\"text\" ><p>[layerslider id=&#8221;27&#8243;]<\/p>\n<\/div><\/section><br \/>\n\n<style type=\"text\/css\" data-created_by=\"avia_inline_auto\" id=\"style-css-av-k54f526c-dbe3cb8b0bc9dbb2c58f2adafe431c61\">\n#top .hr.hr-invisible.av-k54f526c-dbe3cb8b0bc9dbb2c58f2adafe431c61{\nheight:50px;\n}\n<\/style>\n<div  class='hr av-k54f526c-dbe3cb8b0bc9dbb2c58f2adafe431c61 hr-invisible  avia-builder-el-3  el_after_av_textblock  avia-builder-el-last '><span class='hr-inner '><span class=\"hr-inner-style\"><\/span><\/span><\/div><\/p><\/div>\n\n<style type=\"text\/css\" data-created_by=\"avia_inline_auto\" id=\"style-css-av-cszk46-19f874603945f29c62afddada9dcde0b\">\n#top .flex_column.av-cszk46-19f874603945f29c62afddada9dcde0b{\nmargin-top:0px;\nmargin-bottom:50px;\n}\n.flex_column.av-cszk46-19f874603945f29c62afddada9dcde0b{\nborder-radius:0px 0px 0px 0px;\npadding:0px 0px 0px 0px;\n}\n.responsive #top #wrap_all .flex_column.av-cszk46-19f874603945f29c62afddada9dcde0b{\nmargin-top:0px;\nmargin-bottom:50px;\n}\n<\/style>\n<div  class='flex_column av-cszk46-19f874603945f29c62afddada9dcde0b av_one_full  avia-builder-el-4  el_after_av_one_full  el_before_av_one_third  box-gray calidad first flex_column_div av-animated-generic fade-in av-zero-column-padding  column-top-margin'     ><section  class='av_textblock_section av-kmcjjjcg-b24451f7c2434f9eada4a717c4d853a0 '   itemscope=\"itemscope\" itemtype=\"https:\/\/schema.org\/CreativeWork\" ><div class='avia_textblock'  itemprop=\"text\" ><h1>Quality<\/h1>\n<p>At PANIKER, as expert adhesive manufacturers and in accordance with our Quality Policy, we are interested in guaranteeing the quality of our products.<\/p>\n<p>For this reason, we are certified in ISO 9001: 2015, complying with the requirements for the design, manufacture and marketing of adhesives and glues.<\/p>\n<p>Our hotmelt adhesives have several certifications that guarantee compliance with a Quality Policy, Food Packaging Safety and respect for the Environment.<\/p>\n<p><strong>Download certificates<\/strong><\/p>\n<p><a href=\"\/wp-content\/uploads\/2024\/03\/PANIKER-ALL.zip\">Download all<\/a><br \/>\n<a href=\"\/wp-content\/uploads\/2023\/02\/PANIKER-Certificado-ISO9001-ES-2023.pdf\" target=\"_blank\" rel=\"noopener\">ISO 9001 Paniker<\/a><br \/>\n<a href=\"\/wp-content\/uploads\/2023\/02\/ISO-9001-BEARDOW-ADAMS-2023.pdf\" target=\"_blank\" rel=\"noopener\">ISO 9001 Hotmelts<\/a><br \/>\n<a href=\"\/wp-content\/uploads\/2023\/02\/ISO-14001-2015-certificate-BEARDOW-ADAMS-EN.pdf\" target=\"_blank\" rel=\"noopener\">ISO 14001 Hotmelts<\/a><br \/>\n<a href=\"\/wp-content\/uploads\/2024\/03\/BRCGS-Certificate-2024.pdf\" target=\"_blank\" rel=\"noopener\">BRCGS Hotmelts<\/a><br \/>\n<a href=\"https:\/\/www.paniker.com\/wp-content\/uploads\/2025\/12\/PANIKER-POLITICA-DE-CALIDAD-MEDIO-AMBIENTE-01-06-25.pdf\" target=\"_blank\" rel=\"noopener\">Quality Policy &#8211; Environment Paniker<\/a><br \/>\n<a href=\"https:\/\/www.paniker.com\/wp-content\/uploads\/2025\/12\/PANIKER-REQUISITOS-MEDIOAMBIENTALES-A-PROVEEDORES-Y-SUBCONTRATISTAS-01-06-25.pdf\" target=\"_blank\" rel=\"noopener\">Environmental Requirements for Suppliers and Subcontractors<\/a><\/p>\n<\/div><\/section><\/div><div class='flex_column_table av-dzs770-27a1fb916a1c9dd631e9bcdc8de987fc sc-av_one_third av-equal-height-column-flextable'>\n<style type=\"text\/css\" data-created_by=\"avia_inline_auto\" id=\"style-css-av-dzs770-27a1fb916a1c9dd631e9bcdc8de987fc\">\n.flex_column.av-dzs770-27a1fb916a1c9dd631e9bcdc8de987fc{\nborder-radius:0px 0px 0px 0px;\npadding:0px 0px 0px 0px;\n}\n<\/style>\n<div  class='flex_column av-dzs770-27a1fb916a1c9dd631e9bcdc8de987fc av_one_third  avia-builder-el-6  el_after_av_one_full  el_before_av_one_third  box-blue first no_margin flex_column_table_cell av-equal-height-column av-align-top av-zero-column-padding  column-top-margin'     ><section  class='av_textblock_section av-cev5rg-5fe8a89833db85ac820c82b44c29cd6e '   itemscope=\"itemscope\" itemtype=\"https:\/\/schema.org\/CreativeWork\" ><div class='avia_textblock'  itemprop=\"text\" ><h2>History<\/h2>\n<p>Paniker was founded in 1922, it is one of the oldest adhesive companies in Spain.<br \/>\nSince the shoe wear market in the beginning, PANIKER has diversified its position and has developed wide range of adhesives for demanding markets such us Paper, Converting, packaging, labelling, Graphic Arts, Woodworks, Textile, panel Sandwich, Foam, Automobiles<\/p>\n<p><a class=\"button-link\" href=\"https:\/\/www.paniker.com\/en\/company\/history\/\"><label>More information<\/label><\/a><\/p>\n<\/div><\/section><\/div><\/p>\n\n<style type=\"text\/css\" data-created_by=\"avia_inline_auto\" id=\"style-css-av-14c670-cd9a57b17c6ae1af0457c3f01c6c9789\">\n.flex_column.av-14c670-cd9a57b17c6ae1af0457c3f01c6c9789{\nborder-radius:0px 0px 0px 0px;\npadding:0px 0px 0px 0px;\n}\n<\/style>\n<div  class='flex_column av-14c670-cd9a57b17c6ae1af0457c3f01c6c9789 av_one_third  avia-builder-el-8  el_after_av_one_third  el_before_av_one_third  box-red no_margin flex_column_table_cell av-equal-height-column av-align-top av-zero-column-padding  column-top-margin'     ><section  class='av_textblock_section av-2pzkp8-4377853d5f499049023ba33d57aa5f6d '   itemscope=\"itemscope\" itemtype=\"https:\/\/schema.org\/CreativeWork\" ><div class='avia_textblock'  itemprop=\"text\" ><h2>D+I+I \/ Environment<\/h2>\n<p>Staying true to our pillars, PANIKER has one the most fully equipped laboratories in the Adhesives Industry with highly qualified lab-staff including an exclusive investigation and assessment technician who can guarantee our clients\u2019 expectations<\/p>\n<p><a class=\"button-link\" href=\"\/en\/company\/dii-environment\/\"><label>More information<\/label><\/a><\/p>\n<\/div><\/section><\/div>\n\n<style type=\"text\/css\" data-created_by=\"avia_inline_auto\" id=\"style-css-av-3zvgak-9ae9d728034a5d9f567457c6b15ede9a\">\n.flex_column.av-3zvgak-9ae9d728034a5d9f567457c6b15ede9a{\nborder-radius:0px 0px 0px 0px;\npadding:0px 0px 0px 0px;\n}\n<\/style>\n<div  class='flex_column av-3zvgak-9ae9d728034a5d9f567457c6b15ede9a av_one_third  avia-builder-el-10  el_after_av_one_third  avia-builder-el-last  box-blue no_margin flex_column_table_cell av-equal-height-column av-align-top av-zero-column-padding  column-top-margin'     ><section  class='av_textblock_section av-8k7y4c-7b8387fed22f894b1bbf9474c35db374 '   itemscope=\"itemscope\" itemtype=\"https:\/\/schema.org\/CreativeWork\" ><div class='avia_textblock'  itemprop=\"text\" ><h2>Welcome to Paniker<\/h2>\n<p>Our plant of 12.000 m2, is located in Barcelona, where we produce, Water base, Solvent Base , Pu Adhesives and 2 components. Paniker is the main production plant in Spain and Portugal , with a 44.000 Tn a year capacity with 27 production lines.<\/p>\n<p><a class=\"button-link\" href=\"https:\/\/www.paniker.com\/en\/company\/paniker\/\"><label>More information<\/label><\/a><\/p>\n<\/div><\/section><\/div><\/div><!--close column table wrapper. Autoclose: 1 -->\n","protected":false},"excerpt":{"rendered":"","protected":false},"author":3,"featured_media":0,"parent":763,"menu_order":0,"comment_status":"closed","ping_status":"closed","template":"","meta":{"footnotes":""},"class_list":["post-2540","page","type-page","status-publish","hentry"],"yoast_head":"<!-- This site is optimized with the Yoast SEO plugin v27.3 - https:\/\/yoast.com\/product\/yoast-seo-wordpress\/ -->\n<title>Quality - Paniker<\/title>\n<meta name=\"robots\" content=\"index, follow, max-snippet:-1, max-image-preview:large, max-video-preview:-1\" \/>\n<link rel=\"canonical\" href=\"https:\/\/www.paniker.com\/en\/company\/quality\/\" \/>\n<meta property=\"og:locale\" content=\"en_US\" \/>\n<meta property=\"og:type\" content=\"article\" \/>\n<meta property=\"og:title\" content=\"Quality - Paniker\" \/>\n<meta property=\"og:url\" content=\"https:\/\/www.paniker.com\/en\/company\/quality\/\" \/>\n<meta property=\"og:site_name\" content=\"Paniker\" \/>\n<meta property=\"article:modified_time\" content=\"2025-12-01T07:40:26+00:00\" \/>\n<meta name=\"twitter:card\" content=\"summary_large_image\" \/>\n<meta name=\"twitter:label1\" content=\"Est. reading time\" \/>\n\t<meta name=\"twitter:data1\" content=\"4 minutes\" \/>\n<script type=\"application\/ld+json\" class=\"yoast-schema-graph\">{\"@context\":\"https:\\\/\\\/schema.org\",\"@graph\":[{\"@type\":\"WebPage\",\"@id\":\"https:\\\/\\\/www.paniker.com\\\/en\\\/company\\\/quality\\\/\",\"url\":\"https:\\\/\\\/www.paniker.com\\\/en\\\/company\\\/quality\\\/\",\"name\":\"Quality - Paniker\",\"isPartOf\":{\"@id\":\"https:\\\/\\\/www.paniker.com\\\/#website\"},\"datePublished\":\"2021-03-18T15:58:42+00:00\",\"dateModified\":\"2025-12-01T07:40:26+00:00\",\"breadcrumb\":{\"@id\":\"https:\\\/\\\/www.paniker.com\\\/en\\\/company\\\/quality\\\/#breadcrumb\"},\"inLanguage\":\"en-US\",\"potentialAction\":[{\"@type\":\"ReadAction\",\"target\":[\"https:\\\/\\\/www.paniker.com\\\/en\\\/company\\\/quality\\\/\"]}]},{\"@type\":\"BreadcrumbList\",\"@id\":\"https:\\\/\\\/www.paniker.com\\\/en\\\/company\\\/quality\\\/#breadcrumb\",\"itemListElement\":[{\"@type\":\"ListItem\",\"position\":1,\"name\":\"Inici\",\"item\":\"https:\\\/\\\/www.paniker.com\\\/en\\\/home\\\/\"},{\"@type\":\"ListItem\",\"position\":2,\"name\":\"Company\",\"item\":\"https:\\\/\\\/www.paniker.com\\\/en\\\/company\\\/\"},{\"@type\":\"ListItem\",\"position\":3,\"name\":\"Quality\"}]},{\"@type\":\"WebSite\",\"@id\":\"https:\\\/\\\/www.paniker.com\\\/#website\",\"url\":\"https:\\\/\\\/www.paniker.com\\\/\",\"name\":\"Paniker\",\"description\":\"L\u00edderes en adhesivos l\u00edquidos y s\u00f3lidos\",\"potentialAction\":[{\"@type\":\"SearchAction\",\"target\":{\"@type\":\"EntryPoint\",\"urlTemplate\":\"https:\\\/\\\/www.paniker.com\\\/?s={search_term_string}\"},\"query-input\":{\"@type\":\"PropertyValueSpecification\",\"valueRequired\":true,\"valueName\":\"search_term_string\"}}],\"inLanguage\":\"en-US\"}]}<\/script>\n<!-- \/ Yoast SEO plugin. -->","yoast_head_json":{"title":"Quality - Paniker","robots":{"index":"index","follow":"follow","max-snippet":"max-snippet:-1","max-image-preview":"max-image-preview:large","max-video-preview":"max-video-preview:-1"},"canonical":"https:\/\/www.paniker.com\/en\/company\/quality\/","og_locale":"en_US","og_type":"article","og_title":"Quality - Paniker","og_url":"https:\/\/www.paniker.com\/en\/company\/quality\/","og_site_name":"Paniker","article_modified_time":"2025-12-01T07:40:26+00:00","twitter_card":"summary_large_image","twitter_misc":{"Est. reading time":"4 minutes"},"schema":{"@context":"https:\/\/schema.org","@graph":[{"@type":"WebPage","@id":"https:\/\/www.paniker.com\/en\/company\/quality\/","url":"https:\/\/www.paniker.com\/en\/company\/quality\/","name":"Quality - Paniker","isPartOf":{"@id":"https:\/\/www.paniker.com\/#website"},"datePublished":"2021-03-18T15:58:42+00:00","dateModified":"2025-12-01T07:40:26+00:00","breadcrumb":{"@id":"https:\/\/www.paniker.com\/en\/company\/quality\/#breadcrumb"},"inLanguage":"en-US","potentialAction":[{"@type":"ReadAction","target":["https:\/\/www.paniker.com\/en\/company\/quality\/"]}]},{"@type":"BreadcrumbList","@id":"https:\/\/www.paniker.com\/en\/company\/quality\/#breadcrumb","itemListElement":[{"@type":"ListItem","position":1,"name":"Inici","item":"https:\/\/www.paniker.com\/en\/home\/"},{"@type":"ListItem","position":2,"name":"Company","item":"https:\/\/www.paniker.com\/en\/company\/"},{"@type":"ListItem","position":3,"name":"Quality"}]},{"@type":"WebSite","@id":"https:\/\/www.paniker.com\/#website","url":"https:\/\/www.paniker.com\/","name":"Paniker","description":"L\u00edderes en adhesivos l\u00edquidos y s\u00f3lidos","potentialAction":[{"@type":"SearchAction","target":{"@type":"EntryPoint","urlTemplate":"https:\/\/www.paniker.com\/?s={search_term_string}"},"query-input":{"@type":"PropertyValueSpecification","valueRequired":true,"valueName":"search_term_string"}}],"inLanguage":"en-US"}]}},"_links":{"self":[{"href":"https:\/\/www.paniker.com\/en\/wp-json\/wp\/v2\/pages\/2540","targetHints":{"allow":["GET"]}}],"collection":[{"href":"https:\/\/www.paniker.com\/en\/wp-json\/wp\/v2\/pages"}],"about":[{"href":"https:\/\/www.paniker.com\/en\/wp-json\/wp\/v2\/types\/page"}],"author":[{"embeddable":true,"href":"https:\/\/www.paniker.com\/en\/wp-json\/wp\/v2\/users\/3"}],"replies":[{"embeddable":true,"href":"https:\/\/www.paniker.com\/en\/wp-json\/wp\/v2\/comments?post=2540"}],"version-history":[{"count":10,"href":"https:\/\/www.paniker.com\/en\/wp-json\/wp\/v2\/pages\/2540\/revisions"}],"predecessor-version":[{"id":4055,"href":"https:\/\/www.paniker.com\/en\/wp-json\/wp\/v2\/pages\/2540\/revisions\/4055"}],"up":[{"embeddable":true,"href":"https:\/\/www.paniker.com\/en\/wp-json\/wp\/v2\/pages\/763"}],"wp:attachment":[{"href":"https:\/\/www.paniker.com\/en\/wp-json\/wp\/v2\/media?parent=2540"}],"curies":[{"name":"wp","href":"https:\/\/api.w.org\/{rel}","templated":true}]}}