{"id":753,"date":"2020-01-10T21:45:28","date_gmt":"2020-01-10T21:45:28","guid":{"rendered":"http:\/\/paniker.ergatesweb4.ovh\/en\/politica-cookies\/"},"modified":"2020-06-03T20:56:43","modified_gmt":"2020-06-03T20:56:43","slug":"cookies-policy","status":"publish","type":"page","link":"https:\/\/www.paniker.com\/en\/cookies-policy\/","title":{"rendered":"Cookies policy"},"content":{"rendered":"\n<style type=\"text\/css\" data-created_by=\"avia_inline_auto\" id=\"style-css-av-113ir-8f0dea3b9ec771dc90301decf1b98e39\">\n.flex_column.av-113ir-8f0dea3b9ec771dc90301decf1b98e39{\nborder-radius:0px 0px 0px 0px;\npadding:0px 0px 0px 0px;\n}\n<\/style>\n<div  class='flex_column av-113ir-8f0dea3b9ec771dc90301decf1b98e39 av_one_full  avia-builder-el-0  avia-builder-el-no-sibling  box-gray first flex_column_div av-zero-column-padding  '     ><p>\n<style type=\"text\/css\" data-created_by=\"avia_inline_auto\" id=\"style-css-av-kazttl6i-2b41887ee9ae249ec79de49adf308bf4\">\n#top .av-special-heading.av-kazttl6i-2b41887ee9ae249ec79de49adf308bf4{\npadding-bottom:10px;\n}\nbody .av-special-heading.av-kazttl6i-2b41887ee9ae249ec79de49adf308bf4 .av-special-heading-tag .heading-char{\nfont-size:25px;\n}\n.av-special-heading.av-kazttl6i-2b41887ee9ae249ec79de49adf308bf4 .av-subheading{\nfont-size:15px;\n}\n<\/style>\n<div  class='av-special-heading av-kazttl6i-2b41887ee9ae249ec79de49adf308bf4 av-special-heading-h1 blockquote modern-quote  avia-builder-el-1  el_before_av_textblock  avia-builder-el-first '><h1 class='av-special-heading-tag '  itemprop=\"headline\"  >Cookies policy<\/h1><div class=\"special-heading-border\"><div class=\"special-heading-inner-border\"><\/div><\/div><\/div><br \/>\n<section  class='av_textblock_section av-jj8ft5xd-dd98b27703476a4244bd1bb4a65ad85d '   itemscope=\"itemscope\" itemtype=\"https:\/\/schema.org\/CreativeWork\" ><div class='avia_textblock'  itemprop=\"text\" ><h3>What are cookies?<\/h3>\n<p>A cookie is a file that is downloaded to your computer when you access certain web pages. Cookies allow a web page, among other things, to store and retrieve information on a user&#8217;s or team&#8217;s browsing habits and, depending on the information they contain and the way their equipment is used, they can be used to recognize the user.<\/p>\n<h3>What cookies does this website use and what are they?<\/h3>\n<p>This website uses cookies for a number of purposes, the details of the cookies used on this website is as follows:<\/p>\n<table>\n<tbody>\n<tr>\n<td width=\"84\"><strong>Cookie<\/strong><\/td>\n<td width=\"84\"><strong>Name<\/strong><\/td>\n<td width=\"44\">Type<\/td>\n<td width=\"293\"><strong>Purpose<\/strong><\/td>\n<td width=\"139\"><strong>More information<\/strong><\/td>\n<\/tr>\n<tr>\n<td width=\"84\">_ga<\/td>\n<td width=\"84\">Google Analytics<\/td>\n<td width=\"44\">from third parties<\/td>\n<td width=\"293\">This cookie name is associated with Google Universal Analytics, which is a significant update of the most commonly used Google analytics service. This cookie is used to distinguish unique users by assigning a randomly generated number as the customer&#8217;s identifier. It is included in each page request of a site and is used to calculate visitor data, sessions and campaigns for analysis reports. By default, it will expire after 2 years, even if it is customizable by the website owners.<\/td>\n<td width=\"139\"><a href=\"https:\/\/marketingplatform.google.com\/about\/analytics\/\">https:\/\/marketingplatform.google.com\/about\/analytics\/<\/a><\/td>\n<\/tr>\n<tr>\n<td width=\"84\">_gid<\/td>\n<td width=\"84\">Google Analytics<\/td>\n<td width=\"44\">from third parties<\/td>\n<td width=\"293\">This cookie name is associated with Google Universal Analytics. This is a new cookie that stores and updates a unique value for each visited page.<\/td>\n<td width=\"139\"><a href=\"https:\/\/marketingplatform.google.com\/about\/analytics\/\">https:\/\/marketingplatform.google.com\/about\/analytics\/<\/a><\/td>\n<\/tr>\n<tr>\n<td width=\"84\">_gat<\/td>\n<td width=\"84\">Google Analytics<\/td>\n<td width=\"44\">from third parties<\/td>\n<td width=\"293\">Cookie associated with Google Universal Analytics, is used to accelerate the percentage of requests, limiting the collection of data in high traffic places. Beat after 10 minutes.<\/td>\n<td width=\"139\"><a href=\"https:\/\/marketingplatform.google.com\/about\/analytics\/\">https:\/\/marketingplatform.google.com\/about\/analytics\/<\/a><\/td>\n<\/tr>\n<tr>\n<td width=\"84\">240planD<\/td>\n<td width=\"84\">240planD<\/td>\n<td width=\"44\">own<\/td>\n<td width=\"293\">This is a technical cookie whose use is specific to our OVH Roubaix host and allows, among other things, to guarantee the distribution of the load on servers.<\/td>\n<td width=\"139\"><\/td>\n<\/tr>\n<tr>\n<td width=\"84\">PHPSESSID<\/td>\n<td width=\"84\">PHPSESSID<\/td>\n<td width=\"44\">own<\/td>\n<td width=\"293\">Cookie generated by applications based on the PHP language. This is a general-purpose identifier used to maintain user session variables. Normally it is a randomly generated number, the way in which it is used can be site specific, a clear example is to keep the data of a registered user state between pages.<\/td>\n<td width=\"139\"><a href=\"http:\/\/php.net\/manual\/en\/function.session-id.php\">http:\/\/php.net\/manual\/en\/function.session-id.php<\/a><\/td>\n<\/tr>\n<tr>\n<td width=\"84\">aviaCookieConsent<\/td>\n<td width=\"84\">aviaCookieConsent<\/td>\n<td width=\"44\">own<\/td>\n<td width=\"293\">Cookie that stores the acceptance or not of the user to continue browsing the web page.<\/td>\n<td width=\"139\"><\/td>\n<\/tr>\n<tr>\n<td width=\"84\">wordpress_test_cookie<\/td>\n<td width=\"84\">wordpress_test_cookie<\/td>\n<td width=\"44\">own<\/td>\n<td width=\"293\">This cookie is used for the WordPress content manager to check if the browser has cookies enabled<\/td>\n<td width=\"139\"><\/td>\n<\/tr>\n<tr>\n<td width=\"84\">wordpress_logged_in_<\/td>\n<td width=\"84\">wordpress_logged_in_<\/td>\n<td width=\"44\">own<\/td>\n<td width=\"293\">After the loggin, WordPress activates the cookie wordpress_logged_in_, whose function is to indicate when it has been connected and who it is, being used by the WordPress interface.<\/td>\n<td width=\"139\"><\/td>\n<\/tr>\n<tr>\n<td width=\"84\">wp-settings-time-X, wp-settings-X<\/td>\n<td width=\"84\">wp-settings-time-X, wp-settings-X<\/td>\n<td width=\"44\">own<\/td>\n<td width=\"293\">These cookies are used by WordPress to customize the User Interface.<\/td>\n<td width=\"139\"><\/td>\n<\/tr>\n<\/tbody>\n<\/table>\n<p>Note: &#8216;Own&#8217; type cookies are used only by the owner of this website and &#8216;Third-party&#8217; cookies are used by the service provider that is detailed in the previous table.<\/p>\n<h3>How can I disable or delete these cookies?<\/h3>\n<p>You can allow, block or eliminate the cookies installed on your computer by configuring the browser options on your computer:<\/p>\n<ul>\n<li>Firefox: <a href=\"http:\/\/support.mozilla.org\/es\/kb\/habilitar-y-deshabilitar-cookies-que-los-sitios-we\">http:\/\/support.mozilla.org\/es\/kb\/habilitar-y-deshabilitar-cookies-que-los-sitios-we<\/a><\/li>\n<li>Chrome: <a href=\"http:\/\/support.google.com\/chrome\/bin\/answer.py?hl=es&amp;answer=95647\">http:\/\/support.google.com\/chrome\/bin\/answer.py?hl=en&amp;answer=95647<\/a><\/li>\n<li>Explorer: <a href=\"http:\/\/windows.microsoft.com\/es-es\/windows7\/how-to-manage-cookies-in-internet-explorer-9\">http:\/\/windows.microsoft.com\/es-es\/windows7\/how-to-manage-cookies-in-internet-explorer-9<\/a><\/li>\n<li>Safari: <a href=\"http:\/\/support.apple.com\/kb\/ph5042\">http:\/\/support.apple.com\/kb\/ph5042<\/a>Opera: <a href=\"https:\/\/www.opera.com\/help\/tutorials\/security\/privacy\">https:\/\/www.opera.com\/help\/tutorials\/security\/privacy<\/a><\/li>\n<li>Other browsers: Check the documentation of the browser you have installed.<\/li>\n<\/ul>\n<h3>Google Analytics browser opt-out add-on<\/h3>\n<p>If you wish to reject the analytical cookies of Google Analytics in all the browsers, so that your information is not sent in Google Analytics, you can download an add-on that performs this function from this link: <a href=\"https:\/\/tools.google.com\/dlpage\/gaoptout\">https:\/\/tools.google.com\/dlpage\/ gaoptout<\/a>.<\/p>\n<\/div><\/section><\/p><\/div>\n","protected":false},"excerpt":{"rendered":"","protected":false},"author":3,"featured_media":0,"parent":0,"menu_order":0,"comment_status":"closed","ping_status":"closed","template":"","meta":{"footnotes":""},"class_list":["post-753","page","type-page","status-publish","hentry"],"yoast_head":"<!-- This site is optimized with the Yoast SEO plugin v27.5 - https:\/\/yoast.com\/product\/yoast-seo-wordpress\/ -->\n<title>Cookies policy - Paniker<\/title>\n<meta name=\"robots\" content=\"index, follow, max-snippet:-1, max-image-preview:large, max-video-preview:-1\" \/>\n<link rel=\"canonical\" href=\"https:\/\/www.paniker.com\/en\/cookies-policy\/\" \/>\n<meta property=\"og:locale\" content=\"en_US\" \/>\n<meta property=\"og:type\" content=\"article\" \/>\n<meta property=\"og:title\" content=\"Cookies policy - Paniker\" \/>\n<meta property=\"og:url\" content=\"https:\/\/www.paniker.com\/en\/cookies-policy\/\" \/>\n<meta property=\"og:site_name\" content=\"Paniker\" \/>\n<meta property=\"article:modified_time\" content=\"2020-06-03T20:56:43+00:00\" \/>\n<meta name=\"twitter:card\" content=\"summary_large_image\" \/>\n<meta name=\"twitter:label1\" content=\"Est. reading time\" \/>\n\t<meta name=\"twitter:data1\" content=\"4 minutes\" \/>\n<script type=\"application\/ld+json\" class=\"yoast-schema-graph\">{\"@context\":\"https:\\\/\\\/schema.org\",\"@graph\":[{\"@type\":\"WebPage\",\"@id\":\"https:\\\/\\\/www.paniker.com\\\/en\\\/cookies-policy\\\/\",\"url\":\"https:\\\/\\\/www.paniker.com\\\/en\\\/cookies-policy\\\/\",\"name\":\"Cookies policy - Paniker\",\"isPartOf\":{\"@id\":\"https:\\\/\\\/www.paniker.com\\\/#website\"},\"datePublished\":\"2020-01-10T21:45:28+00:00\",\"dateModified\":\"2020-06-03T20:56:43+00:00\",\"breadcrumb\":{\"@id\":\"https:\\\/\\\/www.paniker.com\\\/en\\\/cookies-policy\\\/#breadcrumb\"},\"inLanguage\":\"en-US\",\"potentialAction\":[{\"@type\":\"ReadAction\",\"target\":[\"https:\\\/\\\/www.paniker.com\\\/en\\\/cookies-policy\\\/\"]}]},{\"@type\":\"BreadcrumbList\",\"@id\":\"https:\\\/\\\/www.paniker.com\\\/en\\\/cookies-policy\\\/#breadcrumb\",\"itemListElement\":[{\"@type\":\"ListItem\",\"position\":1,\"name\":\"Inici\",\"item\":\"https:\\\/\\\/www.paniker.com\\\/en\\\/home\\\/\"},{\"@type\":\"ListItem\",\"position\":2,\"name\":\"Cookies policy\"}]},{\"@type\":\"WebSite\",\"@id\":\"https:\\\/\\\/www.paniker.com\\\/#website\",\"url\":\"https:\\\/\\\/www.paniker.com\\\/\",\"name\":\"Paniker\",\"description\":\"L\u00edderes en adhesivos l\u00edquidos y s\u00f3lidos\",\"potentialAction\":[{\"@type\":\"SearchAction\",\"target\":{\"@type\":\"EntryPoint\",\"urlTemplate\":\"https:\\\/\\\/www.paniker.com\\\/?s={search_term_string}\"},\"query-input\":{\"@type\":\"PropertyValueSpecification\",\"valueRequired\":true,\"valueName\":\"search_term_string\"}}],\"inLanguage\":\"en-US\"}]}<\/script>\n<!-- \/ Yoast SEO plugin. -->","yoast_head_json":{"title":"Cookies policy - Paniker","robots":{"index":"index","follow":"follow","max-snippet":"max-snippet:-1","max-image-preview":"max-image-preview:large","max-video-preview":"max-video-preview:-1"},"canonical":"https:\/\/www.paniker.com\/en\/cookies-policy\/","og_locale":"en_US","og_type":"article","og_title":"Cookies policy - Paniker","og_url":"https:\/\/www.paniker.com\/en\/cookies-policy\/","og_site_name":"Paniker","article_modified_time":"2020-06-03T20:56:43+00:00","twitter_card":"summary_large_image","twitter_misc":{"Est. reading time":"4 minutes"},"schema":{"@context":"https:\/\/schema.org","@graph":[{"@type":"WebPage","@id":"https:\/\/www.paniker.com\/en\/cookies-policy\/","url":"https:\/\/www.paniker.com\/en\/cookies-policy\/","name":"Cookies policy - Paniker","isPartOf":{"@id":"https:\/\/www.paniker.com\/#website"},"datePublished":"2020-01-10T21:45:28+00:00","dateModified":"2020-06-03T20:56:43+00:00","breadcrumb":{"@id":"https:\/\/www.paniker.com\/en\/cookies-policy\/#breadcrumb"},"inLanguage":"en-US","potentialAction":[{"@type":"ReadAction","target":["https:\/\/www.paniker.com\/en\/cookies-policy\/"]}]},{"@type":"BreadcrumbList","@id":"https:\/\/www.paniker.com\/en\/cookies-policy\/#breadcrumb","itemListElement":[{"@type":"ListItem","position":1,"name":"Inici","item":"https:\/\/www.paniker.com\/en\/home\/"},{"@type":"ListItem","position":2,"name":"Cookies policy"}]},{"@type":"WebSite","@id":"https:\/\/www.paniker.com\/#website","url":"https:\/\/www.paniker.com\/","name":"Paniker","description":"L\u00edderes en adhesivos l\u00edquidos y s\u00f3lidos","potentialAction":[{"@type":"SearchAction","target":{"@type":"EntryPoint","urlTemplate":"https:\/\/www.paniker.com\/?s={search_term_string}"},"query-input":{"@type":"PropertyValueSpecification","valueRequired":true,"valueName":"search_term_string"}}],"inLanguage":"en-US"}]}},"_links":{"self":[{"href":"https:\/\/www.paniker.com\/en\/wp-json\/wp\/v2\/pages\/753","targetHints":{"allow":["GET"]}}],"collection":[{"href":"https:\/\/www.paniker.com\/en\/wp-json\/wp\/v2\/pages"}],"about":[{"href":"https:\/\/www.paniker.com\/en\/wp-json\/wp\/v2\/types\/page"}],"author":[{"embeddable":true,"href":"https:\/\/www.paniker.com\/en\/wp-json\/wp\/v2\/users\/3"}],"replies":[{"embeddable":true,"href":"https:\/\/www.paniker.com\/en\/wp-json\/wp\/v2\/comments?post=753"}],"version-history":[{"count":1,"href":"https:\/\/www.paniker.com\/en\/wp-json\/wp\/v2\/pages\/753\/revisions"}],"predecessor-version":[{"id":921,"href":"https:\/\/www.paniker.com\/en\/wp-json\/wp\/v2\/pages\/753\/revisions\/921"}],"wp:attachment":[{"href":"https:\/\/www.paniker.com\/en\/wp-json\/wp\/v2\/media?parent=753"}],"curies":[{"name":"wp","href":"https:\/\/api.w.org\/{rel}","templated":true}]}}