{"id":767,"date":"2019-12-11T21:39:39","date_gmt":"2019-12-11T21:39:39","guid":{"rendered":"http:\/\/paniker.ergatesweb4.ovh\/en\/empresa\/historia\/"},"modified":"2023-06-28T20:56:01","modified_gmt":"2023-06-28T20:56:01","slug":"history","status":"publish","type":"page","link":"https:\/\/www.paniker.com\/en\/company\/history\/","title":{"rendered":"History"},"content":{"rendered":"<p>\n<style type=\"text\/css\" data-created_by=\"avia_inline_auto\" id=\"style-css-av-tcya-40a10b0891573256c87726afe02551a2\">\n.flex_column.av-tcya-40a10b0891573256c87726afe02551a2{\nborder-radius:0px 0px 0px 0px;\npadding:0px 0px 0px 0px;\n}\n<\/style>\n<div  class='flex_column av-tcya-40a10b0891573256c87726afe02551a2 av_one_full  avia-builder-el-0  el_before_av_one_full  avia-builder-el-first  first flex_column_div av-animated-generic fade-in av-zero-column-padding  '     ><p><section  class='av_textblock_section av-ljg70wh4-39c577bfbf11b0e3e2ee585aeee75f8c '   itemscope=\"itemscope\" itemtype=\"https:\/\/schema.org\/CreativeWork\" ><div class='av-small-hide av-mini-hide avia_textblock'  itemprop=\"text\" ><p>[layerslider id=&#8221;18&#8243;]<\/p>\n<\/div><\/section><br \/>\n<section  class='av_textblock_section av-ljg713sz-79024ecbda32a169f96a42d5625ae0ba '   itemscope=\"itemscope\" itemtype=\"https:\/\/schema.org\/CreativeWork\" ><div class='av-desktop-hide av-medium-hide avia_textblock'  itemprop=\"text\" ><p>[layerslider id=&#8221;9&#8243;]<\/p>\n<\/div><\/section><br \/>\n\n<style type=\"text\/css\" data-created_by=\"avia_inline_auto\" id=\"style-css-av-k54f526c-dbe3cb8b0bc9dbb2c58f2adafe431c61\">\n#top .hr.hr-invisible.av-k54f526c-dbe3cb8b0bc9dbb2c58f2adafe431c61{\nheight:50px;\n}\n<\/style>\n<div  class='hr av-k54f526c-dbe3cb8b0bc9dbb2c58f2adafe431c61 hr-invisible  avia-builder-el-3  el_after_av_textblock  avia-builder-el-last '><span class='hr-inner '><span class=\"hr-inner-style\"><\/span><\/span><\/div><\/p><\/div><br \/>\n\n<style type=\"text\/css\" data-created_by=\"avia_inline_auto\" id=\"style-css-av-k41tibc7-24852eed5bbb564d5f080aab7f24e8fb\">\n#top .flex_column.av-k41tibc7-24852eed5bbb564d5f080aab7f24e8fb{\nmargin-top:0px;\nmargin-bottom:50px;\n}\n.flex_column.av-k41tibc7-24852eed5bbb564d5f080aab7f24e8fb{\nborder-radius:0px 0px 0px 0px;\npadding:0px 0px 0px 0px;\n}\n.responsive #top #wrap_all .flex_column.av-k41tibc7-24852eed5bbb564d5f080aab7f24e8fb{\nmargin-top:0px;\nmargin-bottom:50px;\n}\n<\/style>\n<div  class='flex_column av-k41tibc7-24852eed5bbb564d5f080aab7f24e8fb av_one_full  avia-builder-el-4  el_after_av_one_full  el_before_av_one_third  box-gray first flex_column_div av-animated-generic fade-in av-zero-column-padding  column-top-margin'     ><section  class='av_textblock_section av-k41tfv25-4fc73c00decf658e543ba4149abab724 '   itemscope=\"itemscope\" itemtype=\"https:\/\/schema.org\/CreativeWork\" ><div class='avia_textblock'  itemprop=\"text\" ><h1>History<\/h1>\n<p>Paniker was founded in 1922, it is one of the oldest adhesive companies in Spain.<br \/>\nSince the shoe wear market in the beginning, PANIKER has diversified its position and has developed wide range of adhesives for demanding markets such us Paper, Converting, packaging, labelling, Graphic Arts, Woodworks, Textile, panel Sandwich, Foam, Automobiles<\/p>\n<p>In Paniker , We work to make our slogan a reality \u201c Engineering of Adhesives\u201d. Thanks to our experience and knowlegde in the adhesives sector, our I+D Department has been able to develop a wide range of adhesives converting Paniker into one of the leading companies with strong National and International presence.<\/p>\n<p>PANIKER= SERVICE, QUALITY, D+I+I, ENVIRONMENT FRIENDLY<\/p>\n<\/div><\/section><\/div><br \/>\n<div class='flex_column_table av-k3z0e93g-816b70584cc6d4c854265118b0687d55 sc-av_one_third av-equal-height-column-flextable'>\n<style type=\"text\/css\" data-created_by=\"avia_inline_auto\" id=\"style-css-av-k3z0e93g-816b70584cc6d4c854265118b0687d55\">\n.flex_column.av-k3z0e93g-816b70584cc6d4c854265118b0687d55{\nborder-radius:0px 0px 0px 0px;\npadding:0px 0px 0px 0px;\n}\n<\/style>\n<div  class='flex_column av-k3z0e93g-816b70584cc6d4c854265118b0687d55 av_one_third  avia-builder-el-6  el_after_av_one_full  el_before_av_one_third  box-blue first no_margin flex_column_table_cell av-equal-height-column av-align-top av-zero-column-padding  column-top-margin'     ><section  class='av_textblock_section av-k3z0gbqk-c664d41b30fb27305d2fec9121f5eebc '   itemscope=\"itemscope\" itemtype=\"https:\/\/schema.org\/CreativeWork\" ><div class='avia_textblock'  itemprop=\"text\" ><h2>Welcome to Paniker<\/h2>\n<p>Our plant of 12.000 m2, is located in Barcelona, where we produce, Water base, Solvent Base , Pu Adhesives and 2 components. Paniker is the main production plant in Spain and Portugal , with a 44.000 Tn a year capacity with 27 production lines.<\/p>\n<p><a class=\"button-link\" href=\"\/en\/company\/paniker\/\"><label>More information<\/label><\/a><\/p>\n<\/div><\/section><\/div><br \/>\n\n<style type=\"text\/css\" data-created_by=\"avia_inline_auto\" id=\"style-css-av-av8p3-65f07cb4e655049469b4551eb053a82c\">\n.flex_column.av-av8p3-65f07cb4e655049469b4551eb053a82c{\nborder-radius:0px 0px 0px 0px;\npadding:0px 0px 0px 0px;\n}\n<\/style>\n<div  class='flex_column av-av8p3-65f07cb4e655049469b4551eb053a82c av_one_third  avia-builder-el-8  el_after_av_one_third  el_before_av_one_third  box-red no_margin flex_column_table_cell av-equal-height-column av-align-top av-zero-column-padding  column-top-margin'     ><section  class='av_textblock_section av-k3z0gbqk-c664d41b30fb27305d2fec9121f5eebc '   itemscope=\"itemscope\" itemtype=\"https:\/\/schema.org\/CreativeWork\" ><div class='avia_textblock'  itemprop=\"text\" ><h2>D+I+I \/ Environment<\/h2>\n<p>Staying true to our pillars, PANIKER has one the most fully equipped laboratories in the Adhesives Industry with highly qualified lab-staff including an exclusive investigation and assessment technician who can guarantee our clients\u2019 expectations<\/p>\n<p><a class=\"button-link\" href=\"\/en\/company\/dii-environment\/\"><label>More information<\/label><\/a><\/p>\n<\/div><\/section><\/div><br \/>\n\n<style type=\"text\/css\" data-created_by=\"avia_inline_auto\" id=\"style-css-av-bubtb-cfc412c2ca90b37ad3414a2581edb77e\">\n.flex_column.av-bubtb-cfc412c2ca90b37ad3414a2581edb77e{\nborder-radius:0px 0px 0px 0px;\npadding:0px 0px 0px 0px;\n}\n<\/style>\n<div  class='flex_column av-bubtb-cfc412c2ca90b37ad3414a2581edb77e av_one_third  avia-builder-el-10  el_after_av_one_third  avia-builder-el-last  box-blue no_margin flex_column_table_cell av-equal-height-column av-align-top av-zero-column-padding  column-top-margin'     ><section  class='av_textblock_section av-kmf28t47-9187aff40aaaf274e0e7a57eaa729806 '   itemscope=\"itemscope\" itemtype=\"https:\/\/schema.org\/CreativeWork\" ><div class='avia_textblock'  itemprop=\"text\" ><h2>Quality<\/h2>\n<p>At PANIKER, as expert adhesive manufacturers and in accordance with our Quality Policy, we are interested in guaranteeing the quality of our products.<br \/>\nFor this reason, we are certified in ISO 9001: 2015, complying with the requirements for the design, manufacture and marketing of adhesives and glues.<\/p>\n<p><a class=\"button-link\" href=\"\/en\/company\/quality\/\"><label>More information<\/label><\/a><\/p>\n<\/div><\/section><\/div><\/div><!--close column table wrapper. Autoclose: 1 --><\/p>\n","protected":false},"excerpt":{"rendered":"","protected":false},"author":3,"featured_media":0,"parent":763,"menu_order":0,"comment_status":"closed","ping_status":"closed","template":"","meta":{"footnotes":""},"class_list":["post-767","page","type-page","status-publish","hentry"],"yoast_head":"<!-- This site is optimized with the Yoast SEO plugin v27.5 - https:\/\/yoast.com\/product\/yoast-seo-wordpress\/ -->\n<title>History - Paniker<\/title>\n<meta name=\"robots\" content=\"index, follow, max-snippet:-1, max-image-preview:large, max-video-preview:-1\" \/>\n<link rel=\"canonical\" href=\"https:\/\/www.paniker.com\/en\/company\/history\/\" \/>\n<meta property=\"og:locale\" content=\"en_US\" \/>\n<meta property=\"og:type\" content=\"article\" \/>\n<meta property=\"og:title\" content=\"History - Paniker\" \/>\n<meta property=\"og:url\" content=\"https:\/\/www.paniker.com\/en\/company\/history\/\" \/>\n<meta property=\"og:site_name\" content=\"Paniker\" \/>\n<meta property=\"article:modified_time\" content=\"2023-06-28T20:56:01+00:00\" \/>\n<meta name=\"twitter:card\" content=\"summary_large_image\" \/>\n<meta name=\"twitter:label1\" content=\"Est. reading time\" \/>\n\t<meta name=\"twitter:data1\" content=\"3 minutes\" \/>\n<script type=\"application\/ld+json\" class=\"yoast-schema-graph\">{\"@context\":\"https:\\\/\\\/schema.org\",\"@graph\":[{\"@type\":\"WebPage\",\"@id\":\"https:\\\/\\\/www.paniker.com\\\/en\\\/company\\\/history\\\/\",\"url\":\"https:\\\/\\\/www.paniker.com\\\/en\\\/company\\\/history\\\/\",\"name\":\"History - Paniker\",\"isPartOf\":{\"@id\":\"https:\\\/\\\/www.paniker.com\\\/#website\"},\"datePublished\":\"2019-12-11T21:39:39+00:00\",\"dateModified\":\"2023-06-28T20:56:01+00:00\",\"breadcrumb\":{\"@id\":\"https:\\\/\\\/www.paniker.com\\\/en\\\/company\\\/history\\\/#breadcrumb\"},\"inLanguage\":\"en-US\",\"potentialAction\":[{\"@type\":\"ReadAction\",\"target\":[\"https:\\\/\\\/www.paniker.com\\\/en\\\/company\\\/history\\\/\"]}]},{\"@type\":\"BreadcrumbList\",\"@id\":\"https:\\\/\\\/www.paniker.com\\\/en\\\/company\\\/history\\\/#breadcrumb\",\"itemListElement\":[{\"@type\":\"ListItem\",\"position\":1,\"name\":\"Inici\",\"item\":\"https:\\\/\\\/www.paniker.com\\\/en\\\/home\\\/\"},{\"@type\":\"ListItem\",\"position\":2,\"name\":\"Company\",\"item\":\"https:\\\/\\\/www.paniker.com\\\/en\\\/company\\\/\"},{\"@type\":\"ListItem\",\"position\":3,\"name\":\"History\"}]},{\"@type\":\"WebSite\",\"@id\":\"https:\\\/\\\/www.paniker.com\\\/#website\",\"url\":\"https:\\\/\\\/www.paniker.com\\\/\",\"name\":\"Paniker\",\"description\":\"L\u00edderes en adhesivos l\u00edquidos y s\u00f3lidos\",\"potentialAction\":[{\"@type\":\"SearchAction\",\"target\":{\"@type\":\"EntryPoint\",\"urlTemplate\":\"https:\\\/\\\/www.paniker.com\\\/?s={search_term_string}\"},\"query-input\":{\"@type\":\"PropertyValueSpecification\",\"valueRequired\":true,\"valueName\":\"search_term_string\"}}],\"inLanguage\":\"en-US\"}]}<\/script>\n<!-- \/ Yoast SEO plugin. -->","yoast_head_json":{"title":"History - Paniker","robots":{"index":"index","follow":"follow","max-snippet":"max-snippet:-1","max-image-preview":"max-image-preview:large","max-video-preview":"max-video-preview:-1"},"canonical":"https:\/\/www.paniker.com\/en\/company\/history\/","og_locale":"en_US","og_type":"article","og_title":"History - Paniker","og_url":"https:\/\/www.paniker.com\/en\/company\/history\/","og_site_name":"Paniker","article_modified_time":"2023-06-28T20:56:01+00:00","twitter_card":"summary_large_image","twitter_misc":{"Est. reading time":"3 minutes"},"schema":{"@context":"https:\/\/schema.org","@graph":[{"@type":"WebPage","@id":"https:\/\/www.paniker.com\/en\/company\/history\/","url":"https:\/\/www.paniker.com\/en\/company\/history\/","name":"History - Paniker","isPartOf":{"@id":"https:\/\/www.paniker.com\/#website"},"datePublished":"2019-12-11T21:39:39+00:00","dateModified":"2023-06-28T20:56:01+00:00","breadcrumb":{"@id":"https:\/\/www.paniker.com\/en\/company\/history\/#breadcrumb"},"inLanguage":"en-US","potentialAction":[{"@type":"ReadAction","target":["https:\/\/www.paniker.com\/en\/company\/history\/"]}]},{"@type":"BreadcrumbList","@id":"https:\/\/www.paniker.com\/en\/company\/history\/#breadcrumb","itemListElement":[{"@type":"ListItem","position":1,"name":"Inici","item":"https:\/\/www.paniker.com\/en\/home\/"},{"@type":"ListItem","position":2,"name":"Company","item":"https:\/\/www.paniker.com\/en\/company\/"},{"@type":"ListItem","position":3,"name":"History"}]},{"@type":"WebSite","@id":"https:\/\/www.paniker.com\/#website","url":"https:\/\/www.paniker.com\/","name":"Paniker","description":"L\u00edderes en adhesivos l\u00edquidos y s\u00f3lidos","potentialAction":[{"@type":"SearchAction","target":{"@type":"EntryPoint","urlTemplate":"https:\/\/www.paniker.com\/?s={search_term_string}"},"query-input":{"@type":"PropertyValueSpecification","valueRequired":true,"valueName":"search_term_string"}}],"inLanguage":"en-US"}]}},"_links":{"self":[{"href":"https:\/\/www.paniker.com\/en\/wp-json\/wp\/v2\/pages\/767","targetHints":{"allow":["GET"]}}],"collection":[{"href":"https:\/\/www.paniker.com\/en\/wp-json\/wp\/v2\/pages"}],"about":[{"href":"https:\/\/www.paniker.com\/en\/wp-json\/wp\/v2\/types\/page"}],"author":[{"embeddable":true,"href":"https:\/\/www.paniker.com\/en\/wp-json\/wp\/v2\/users\/3"}],"replies":[{"embeddable":true,"href":"https:\/\/www.paniker.com\/en\/wp-json\/wp\/v2\/comments?post=767"}],"version-history":[{"count":10,"href":"https:\/\/www.paniker.com\/en\/wp-json\/wp\/v2\/pages\/767\/revisions"}],"predecessor-version":[{"id":3997,"href":"https:\/\/www.paniker.com\/en\/wp-json\/wp\/v2\/pages\/767\/revisions\/3997"}],"up":[{"embeddable":true,"href":"https:\/\/www.paniker.com\/en\/wp-json\/wp\/v2\/pages\/763"}],"wp:attachment":[{"href":"https:\/\/www.paniker.com\/en\/wp-json\/wp\/v2\/media?parent=767"}],"curies":[{"name":"wp","href":"https:\/\/api.w.org\/{rel}","templated":true}]}}