{"id":770,"date":"2020-01-15T14:05:43","date_gmt":"2020-01-15T14:05:43","guid":{"rendered":"http:\/\/paniker.ergatesweb4.ovh\/en\/empresa\/idi-medioambiente\/"},"modified":"2025-03-12T09:20:37","modified_gmt":"2025-03-12T09:20:37","slug":"rdi-environment","status":"publish","type":"page","link":"https:\/\/www.paniker.com\/en\/company\/rdi-environment\/","title":{"rendered":"R+D+I | Environment"},"content":{"rendered":"<p>\n<style type=\"text\/css\" data-created_by=\"avia_inline_auto\" id=\"style-css-av-tcya-f6321f799f82510b4cf3e436865d1cbd\">\n.flex_column.av-tcya-f6321f799f82510b4cf3e436865d1cbd{\nborder-radius:0px 0px 0px 0px;\npadding:0px 0px 0px 0px;\n}\n<\/style>\n<div  class='flex_column av-tcya-f6321f799f82510b4cf3e436865d1cbd av_one_full  avia-builder-el-0  el_before_av_one_full  avia-builder-el-first  first flex_column_div av-zero-column-padding  '     ><p><section  class='av_textblock_section av-k53ufneb-9b4d8a40152802ec57d883617a38f3e0 '   itemscope=\"itemscope\" itemtype=\"https:\/\/schema.org\/CreativeWork\" ><div class='av-desktop-hide av-medium-hide avia_textblock'  itemprop=\"text\" ><p>[layerslider id=&#8221;12&#8243;]<\/p>\n<\/div><\/section><br \/>\n<section  class='av_textblock_section av-k53ufneb-ffec0b28716ad36f7d5bec89e5431817 '   itemscope=\"itemscope\" itemtype=\"https:\/\/schema.org\/CreativeWork\" ><div class='av-small-hide av-mini-hide avia_textblock'  itemprop=\"text\" ><p>[layerslider id=&#8221;7&#8243;]<\/p>\n<\/div><\/section><br \/>\n\n<style type=\"text\/css\" data-created_by=\"avia_inline_auto\" id=\"style-css-av-k54f526c-dbe3cb8b0bc9dbb2c58f2adafe431c61\">\n#top .hr.hr-invisible.av-k54f526c-dbe3cb8b0bc9dbb2c58f2adafe431c61{\nheight:50px;\n}\n<\/style>\n<div  class='hr av-k54f526c-dbe3cb8b0bc9dbb2c58f2adafe431c61 hr-invisible  avia-builder-el-3  el_after_av_textblock  avia-builder-el-last '><span class='hr-inner '><span class=\"hr-inner-style\"><\/span><\/span><\/div><\/p><\/div><br \/>\n\n<style type=\"text\/css\" data-created_by=\"avia_inline_auto\" id=\"style-css-av-k41tibc7-743e5dc173eea05ab69ba73d68ab3a52\">\n#top .flex_column.av-k41tibc7-743e5dc173eea05ab69ba73d68ab3a52{\nmargin-top:0px;\nmargin-bottom:50px;\n}\n.flex_column.av-k41tibc7-743e5dc173eea05ab69ba73d68ab3a52{\nborder-radius:0px 0px 0px 0px;\npadding:0px 0px 0px 0px;\n}\n.responsive #top #wrap_all .flex_column.av-k41tibc7-743e5dc173eea05ab69ba73d68ab3a52{\nmargin-top:0px;\nmargin-bottom:50px;\n}\n<\/style>\n<div  class='flex_column av-k41tibc7-743e5dc173eea05ab69ba73d68ab3a52 av_one_full  avia-builder-el-4  el_after_av_one_full  el_before_av_one_third  box-gray first flex_column_div av-animated-generic fade-in av-zero-column-padding  column-top-margin'     ><section  class='av_textblock_section av-k41tfv25-4fc73c00decf658e543ba4149abab724 '   itemscope=\"itemscope\" itemtype=\"https:\/\/schema.org\/CreativeWork\" ><div class='avia_textblock'  itemprop=\"text\" ><h1>R+D+I\/ Environment<\/h1>\n<div class=\"page\" title=\"Page 1\">\n<div class=\"layoutArea\">\n<div class=\"column\">\n<p>Staying true to our pillars, PANIKER has one the most fully equipped laboratories in the Adhesives Industry with highly qualified lab-staff including an exclusive investigation and assessment technician who can guarantee our clients\u2019 expectations.<\/p>\n<p>PANIKER is a company very focused on caring for the planet, and respectful with the Environment. The best example of our commitment is our working group called &#8220;Green Team&#8221; that works, for example, in the search and development of biobased raw materials or less polluting packaging for the planet.<\/p>\n<ul>\n<li>We comply with the recycling legislation.<\/li>\n<li>We minimize the impact of our adhesives on the environment<\/li>\n<li>We develop new products that don\u2019t do harm to the environment<\/li>\n<li>We keep our \u201cGreen Team\u201d continually up to date with environmental policy<\/li>\n<\/ul>\n<p><strong>Water dispersible adhesives: a circular process.<\/strong><\/p>\n<div class=\"page\" title=\"Page 1\">\n<div class=\"layoutArea\">\n<div class=\"column\">\n<p>In our R + D + I Department, we continue working to provide our customers with products that add value to their processes. That is why at PANIKER, almost 100% of our water-based products are soluble in water, so they positively help in recycling. Our EUROPANOL and TISSUECOL ranges of water-based adhesives are used in different industries (folding machines, tube winding, plywood).<\/p>\n<p>As manufacturers of water-based glues for different types of packaging, we provide those clients who request it, a certificate of dispersibility, issued by our laboratory.<\/p>\n<\/div>\n<\/div>\n<\/div>\n<\/div>\n<\/div>\n<\/div>\n<\/div><\/section><br \/>\n\n<style type=\"text\/css\" data-created_by=\"avia_inline_auto\" id=\"style-css-av-kmc8a8cd-b458259d457ac9ffd541e77706dd60f1\">\n#top .hr.hr-invisible.av-kmc8a8cd-b458259d457ac9ffd541e77706dd60f1{\nheight:10px;\n}\n<\/style>\n<div  class='hr av-kmc8a8cd-b458259d457ac9ffd541e77706dd60f1 hr-invisible  avia-builder-el-6  el_after_av_textblock  el_before_av_image '><span class='hr-inner '><span class=\"hr-inner-style\"><\/span><\/span><\/div><br \/>\n\n<style type=\"text\/css\" data-created_by=\"avia_inline_auto\" id=\"style-css-av-kmc8aivu-e19316e1b88497add0e6d5d8f644ee56\">\n.avia-image-container.av-kmc8aivu-e19316e1b88497add0e6d5d8f644ee56 img.avia_image{\nbox-shadow:none;\n}\n.avia-image-container.av-kmc8aivu-e19316e1b88497add0e6d5d8f644ee56 .av-image-caption-overlay-center{\ncolor:#ffffff;\n}\n<\/style>\n<div  class='avia-image-container av-kmc8aivu-e19316e1b88497add0e6d5d8f644ee56 av-styling- avia-align-center  avia-builder-el-7  el_after_av_hr  el_before_av_image  av-small-hide av-mini-hide'   itemprop=\"image\" itemscope=\"itemscope\" itemtype=\"https:\/\/schema.org\/ImageObject\" ><div class=\"avia-image-container-inner\"><div class=\"avia-image-overlay-wrap\"><img decoding=\"async\" fetchpriority=\"high\" class='wp-image-2249 avia-img-lazy-loading-not-2249 avia_image ' src=\"https:\/\/www.paniker.com\/wp-content\/uploads\/2021\/03\/Econimia_Circular_Paniker_EN.jpg\" alt='' title='Econimia_Circular_Paniker_EN'  height=\"862\" width=\"1920\"  itemprop=\"thumbnailUrl\" srcset=\"https:\/\/www.paniker.com\/wp-content\/uploads\/2021\/03\/Econimia_Circular_Paniker_EN.jpg 1920w, https:\/\/www.paniker.com\/wp-content\/uploads\/2021\/03\/Econimia_Circular_Paniker_EN-300x135.jpg 300w, https:\/\/www.paniker.com\/wp-content\/uploads\/2021\/03\/Econimia_Circular_Paniker_EN-1030x462.jpg 1030w, https:\/\/www.paniker.com\/wp-content\/uploads\/2021\/03\/Econimia_Circular_Paniker_EN-768x345.jpg 768w, https:\/\/www.paniker.com\/wp-content\/uploads\/2021\/03\/Econimia_Circular_Paniker_EN-1536x690.jpg 1536w, https:\/\/www.paniker.com\/wp-content\/uploads\/2021\/03\/Econimia_Circular_Paniker_EN-1500x673.jpg 1500w, https:\/\/www.paniker.com\/wp-content\/uploads\/2021\/03\/Econimia_Circular_Paniker_EN-705x317.jpg 705w\" sizes=\"(max-width: 1920px) 100vw, 1920px\" \/><\/div><\/div><\/div><br \/>\n\n<style type=\"text\/css\" data-created_by=\"avia_inline_auto\" id=\"style-css-av-kmc8avtq-a323efa2a80dbce30eef71f544f452b1\">\n.avia-image-container.av-kmc8avtq-a323efa2a80dbce30eef71f544f452b1 img.avia_image{\nbox-shadow:none;\n}\n.avia-image-container.av-kmc8avtq-a323efa2a80dbce30eef71f544f452b1 .av-image-caption-overlay-center{\ncolor:#ffffff;\n}\n<\/style>\n<div  class='avia-image-container av-kmc8avtq-a323efa2a80dbce30eef71f544f452b1 av-styling- avia-align-center  avia-builder-el-8  el_after_av_image  avia-builder-el-last  av-desktop-hide av-medium-hide'   itemprop=\"image\" itemscope=\"itemscope\" itemtype=\"https:\/\/schema.org\/ImageObject\" ><div class=\"avia-image-container-inner\"><div class=\"avia-image-overlay-wrap\"><img decoding=\"async\" fetchpriority=\"high\" class='wp-image-2298 avia-img-lazy-loading-not-2298 avia_image ' src=\"https:\/\/www.paniker.com\/wp-content\/uploads\/2021\/03\/Economia_Circular_Paniker_movil_EN.jpg\" alt='' title='Economia_Circular_Paniker_movil_EN'  height=\"1039\" width=\"1080\"  itemprop=\"thumbnailUrl\" srcset=\"https:\/\/www.paniker.com\/wp-content\/uploads\/2021\/03\/Economia_Circular_Paniker_movil_EN.jpg 1080w, https:\/\/www.paniker.com\/wp-content\/uploads\/2021\/03\/Economia_Circular_Paniker_movil_EN-300x289.jpg 300w, https:\/\/www.paniker.com\/wp-content\/uploads\/2021\/03\/Economia_Circular_Paniker_movil_EN-1030x991.jpg 1030w, https:\/\/www.paniker.com\/wp-content\/uploads\/2021\/03\/Economia_Circular_Paniker_movil_EN-768x739.jpg 768w, https:\/\/www.paniker.com\/wp-content\/uploads\/2021\/03\/Economia_Circular_Paniker_movil_EN-36x36.jpg 36w, https:\/\/www.paniker.com\/wp-content\/uploads\/2021\/03\/Economia_Circular_Paniker_movil_EN-705x678.jpg 705w\" sizes=\"(max-width: 1080px) 100vw, 1080px\" \/><\/div><\/div><\/div><\/p><\/div><br \/>\n<div class='flex_column_table av-lqpva-5be037af3d8d534cd9eca664691ae176 sc-av_one_third av-equal-height-column-flextable'>\n<style type=\"text\/css\" data-created_by=\"avia_inline_auto\" id=\"style-css-av-lqpva-5be037af3d8d534cd9eca664691ae176\">\n.flex_column.av-lqpva-5be037af3d8d534cd9eca664691ae176{\nborder-radius:0px 0px 0px 0px;\npadding:0px 0px 0px 0px;\n}\n<\/style>\n<div  class='flex_column av-lqpva-5be037af3d8d534cd9eca664691ae176 av_one_third  avia-builder-el-9  el_after_av_one_full  el_before_av_one_third  box-blue first no_margin flex_column_table_cell av-equal-height-column av-align-top av-zero-column-padding  column-top-margin'     ><section  class='av_textblock_section av-k3z0gbqk-c664d41b30fb27305d2fec9121f5eebc '   itemscope=\"itemscope\" itemtype=\"https:\/\/schema.org\/CreativeWork\" ><div class='avia_textblock'  itemprop=\"text\" ><h2>History<\/h2>\n<p>Paniker was founded in 1922, it is one of the oldest adhesive companies in Spain.<br \/>\nSince the shoe wear market in the beginning, PANIKER has diversified its position and has developed wide range of adhesives for demanding markets such us Paper, Converting, packaging, labelling, Graphic Arts, Woodworks, Textile, panel Sandwich, Foam, Automobiles<\/p>\n<p><a class=\"button-link\" href=\"\/en\/company\/history\/\"><label>More information<\/label><\/a><\/p>\n<\/div><\/section><\/div><br \/>\n\n<style type=\"text\/css\" data-created_by=\"avia_inline_auto\" id=\"style-css-av-io29m-2a8bc236c866bc6ef4a2837580052cb7\">\n.flex_column.av-io29m-2a8bc236c866bc6ef4a2837580052cb7{\nborder-radius:0px 0px 0px 0px;\npadding:0px 0px 0px 0px;\n}\n<\/style>\n<div  class='flex_column av-io29m-2a8bc236c866bc6ef4a2837580052cb7 av_one_third  avia-builder-el-11  el_after_av_one_third  el_before_av_one_third  box-red no_margin flex_column_table_cell av-equal-height-column av-align-top av-zero-column-padding  column-top-margin'     ><section  class='av_textblock_section av-k3z0gbqk-af2af94ac404b8ee0d4a01bbc50a6598 '   itemscope=\"itemscope\" itemtype=\"https:\/\/schema.org\/CreativeWork\" ><div class='avia_textblock'  itemprop=\"text\" ><h2>Welcome to Paniker<\/h2>\n<p>Our plant of 12.000 m2, is located in Barcelona, where we produce, Water base, Solvent Base , Pu Adhesives and 2 components. Paniker is the main production plant in Spain and Portugal , with a 44.000 Tn a year capacity with 27 production lines.<\/p>\n<p><a class=\"button-link\" href=\"\/en\/company\/paniker\/\"><label>More information<\/label><\/a><\/p>\n<\/div><\/section><\/div>\n<style type=\"text\/css\" data-created_by=\"avia_inline_auto\" id=\"style-css-av-hl5sy-e9accb4774bd8d2324cfb8cb0ff7461e\">\n.flex_column.av-hl5sy-e9accb4774bd8d2324cfb8cb0ff7461e{\nborder-radius:0px 0px 0px 0px;\npadding:0px 0px 0px 0px;\n}\n<\/style>\n<div  class='flex_column av-hl5sy-e9accb4774bd8d2324cfb8cb0ff7461e av_one_third  avia-builder-el-13  el_after_av_one_third  avia-builder-el-last  box-blue no_margin flex_column_table_cell av-equal-height-column av-align-top av-zero-column-padding  column-top-margin'     ><section  class='av_textblock_section av-bfso2-a77df451ceff1dcf6e7d2f5c13625ab4 '   itemscope=\"itemscope\" itemtype=\"https:\/\/schema.org\/CreativeWork\" ><div class='avia_textblock'  itemprop=\"text\" ><h2>Quality<\/h2>\n<p>At PANIKER, as expert adhesive manufacturers and in accordance with our Quality Policy, we are interested in guaranteeing the quality of our products.<br \/>\nFor this reason, we are certified in ISO 9001: 2015, complying with the requirements for the design, manufacture and marketing of adhesives and glues.<\/p>\n<p><a class=\"button-link\" href=\"\/en\/company\/quality\/\"><label>More information<\/label><\/a><\/p>\n<\/div><\/section><\/div><\/div><!--close column table wrapper. Autoclose: 1 --><\/p>\n","protected":false},"excerpt":{"rendered":"","protected":false},"author":3,"featured_media":0,"parent":763,"menu_order":0,"comment_status":"closed","ping_status":"closed","template":"","meta":{"footnotes":""},"class_list":["post-770","page","type-page","status-publish","hentry"],"yoast_head":"<!-- This site is optimized with the Yoast SEO plugin v27.5 - https:\/\/yoast.com\/product\/yoast-seo-wordpress\/ -->\n<title>R+D+I | Environment - Paniker<\/title>\n<meta name=\"robots\" content=\"index, follow, max-snippet:-1, max-image-preview:large, max-video-preview:-1\" \/>\n<link rel=\"canonical\" href=\"https:\/\/www.paniker.com\/en\/company\/rdi-environment\/\" \/>\n<meta property=\"og:locale\" content=\"en_US\" \/>\n<meta property=\"og:type\" content=\"article\" \/>\n<meta property=\"og:title\" content=\"R+D+I | Environment - Paniker\" \/>\n<meta property=\"og:url\" content=\"https:\/\/www.paniker.com\/en\/company\/rdi-environment\/\" \/>\n<meta property=\"og:site_name\" content=\"Paniker\" \/>\n<meta property=\"article:modified_time\" content=\"2025-03-12T09:20:37+00:00\" \/>\n<meta name=\"twitter:card\" content=\"summary_large_image\" \/>\n<meta name=\"twitter:label1\" content=\"Est. reading time\" \/>\n\t<meta name=\"twitter:data1\" content=\"4 minutes\" \/>\n<script type=\"application\/ld+json\" class=\"yoast-schema-graph\">{\"@context\":\"https:\\\/\\\/schema.org\",\"@graph\":[{\"@type\":\"WebPage\",\"@id\":\"https:\\\/\\\/www.paniker.com\\\/en\\\/company\\\/rdi-environment\\\/\",\"url\":\"https:\\\/\\\/www.paniker.com\\\/en\\\/company\\\/rdi-environment\\\/\",\"name\":\"R+D+I | Environment - Paniker\",\"isPartOf\":{\"@id\":\"https:\\\/\\\/www.paniker.com\\\/#website\"},\"datePublished\":\"2020-01-15T14:05:43+00:00\",\"dateModified\":\"2025-03-12T09:20:37+00:00\",\"breadcrumb\":{\"@id\":\"https:\\\/\\\/www.paniker.com\\\/en\\\/company\\\/rdi-environment\\\/#breadcrumb\"},\"inLanguage\":\"en-US\",\"potentialAction\":[{\"@type\":\"ReadAction\",\"target\":[\"https:\\\/\\\/www.paniker.com\\\/en\\\/company\\\/rdi-environment\\\/\"]}]},{\"@type\":\"BreadcrumbList\",\"@id\":\"https:\\\/\\\/www.paniker.com\\\/en\\\/company\\\/rdi-environment\\\/#breadcrumb\",\"itemListElement\":[{\"@type\":\"ListItem\",\"position\":1,\"name\":\"Inici\",\"item\":\"https:\\\/\\\/www.paniker.com\\\/en\\\/home\\\/\"},{\"@type\":\"ListItem\",\"position\":2,\"name\":\"Company\",\"item\":\"https:\\\/\\\/www.paniker.com\\\/en\\\/company\\\/\"},{\"@type\":\"ListItem\",\"position\":3,\"name\":\"R+D+I | Environment\"}]},{\"@type\":\"WebSite\",\"@id\":\"https:\\\/\\\/www.paniker.com\\\/#website\",\"url\":\"https:\\\/\\\/www.paniker.com\\\/\",\"name\":\"Paniker\",\"description\":\"L\u00edderes en adhesivos l\u00edquidos y s\u00f3lidos\",\"potentialAction\":[{\"@type\":\"SearchAction\",\"target\":{\"@type\":\"EntryPoint\",\"urlTemplate\":\"https:\\\/\\\/www.paniker.com\\\/?s={search_term_string}\"},\"query-input\":{\"@type\":\"PropertyValueSpecification\",\"valueRequired\":true,\"valueName\":\"search_term_string\"}}],\"inLanguage\":\"en-US\"}]}<\/script>\n<!-- \/ Yoast SEO plugin. -->","yoast_head_json":{"title":"R+D+I | Environment - Paniker","robots":{"index":"index","follow":"follow","max-snippet":"max-snippet:-1","max-image-preview":"max-image-preview:large","max-video-preview":"max-video-preview:-1"},"canonical":"https:\/\/www.paniker.com\/en\/company\/rdi-environment\/","og_locale":"en_US","og_type":"article","og_title":"R+D+I | Environment - Paniker","og_url":"https:\/\/www.paniker.com\/en\/company\/rdi-environment\/","og_site_name":"Paniker","article_modified_time":"2025-03-12T09:20:37+00:00","twitter_card":"summary_large_image","twitter_misc":{"Est. reading time":"4 minutes"},"schema":{"@context":"https:\/\/schema.org","@graph":[{"@type":"WebPage","@id":"https:\/\/www.paniker.com\/en\/company\/rdi-environment\/","url":"https:\/\/www.paniker.com\/en\/company\/rdi-environment\/","name":"R+D+I | Environment - Paniker","isPartOf":{"@id":"https:\/\/www.paniker.com\/#website"},"datePublished":"2020-01-15T14:05:43+00:00","dateModified":"2025-03-12T09:20:37+00:00","breadcrumb":{"@id":"https:\/\/www.paniker.com\/en\/company\/rdi-environment\/#breadcrumb"},"inLanguage":"en-US","potentialAction":[{"@type":"ReadAction","target":["https:\/\/www.paniker.com\/en\/company\/rdi-environment\/"]}]},{"@type":"BreadcrumbList","@id":"https:\/\/www.paniker.com\/en\/company\/rdi-environment\/#breadcrumb","itemListElement":[{"@type":"ListItem","position":1,"name":"Inici","item":"https:\/\/www.paniker.com\/en\/home\/"},{"@type":"ListItem","position":2,"name":"Company","item":"https:\/\/www.paniker.com\/en\/company\/"},{"@type":"ListItem","position":3,"name":"R+D+I | Environment"}]},{"@type":"WebSite","@id":"https:\/\/www.paniker.com\/#website","url":"https:\/\/www.paniker.com\/","name":"Paniker","description":"L\u00edderes en adhesivos l\u00edquidos y s\u00f3lidos","potentialAction":[{"@type":"SearchAction","target":{"@type":"EntryPoint","urlTemplate":"https:\/\/www.paniker.com\/?s={search_term_string}"},"query-input":{"@type":"PropertyValueSpecification","valueRequired":true,"valueName":"search_term_string"}}],"inLanguage":"en-US"}]}},"_links":{"self":[{"href":"https:\/\/www.paniker.com\/en\/wp-json\/wp\/v2\/pages\/770","targetHints":{"allow":["GET"]}}],"collection":[{"href":"https:\/\/www.paniker.com\/en\/wp-json\/wp\/v2\/pages"}],"about":[{"href":"https:\/\/www.paniker.com\/en\/wp-json\/wp\/v2\/types\/page"}],"author":[{"embeddable":true,"href":"https:\/\/www.paniker.com\/en\/wp-json\/wp\/v2\/users\/3"}],"replies":[{"embeddable":true,"href":"https:\/\/www.paniker.com\/en\/wp-json\/wp\/v2\/comments?post=770"}],"version-history":[{"count":10,"href":"https:\/\/www.paniker.com\/en\/wp-json\/wp\/v2\/pages\/770\/revisions"}],"predecessor-version":[{"id":3999,"href":"https:\/\/www.paniker.com\/en\/wp-json\/wp\/v2\/pages\/770\/revisions\/3999"}],"up":[{"embeddable":true,"href":"https:\/\/www.paniker.com\/en\/wp-json\/wp\/v2\/pages\/763"}],"wp:attachment":[{"href":"https:\/\/www.paniker.com\/en\/wp-json\/wp\/v2\/media?parent=770"}],"curies":[{"name":"wp","href":"https:\/\/api.w.org\/{rel}","templated":true}]}}