{"id":772,"date":"2019-12-11T21:51:33","date_gmt":"2019-12-11T21:51:33","guid":{"rendered":"http:\/\/paniker.ergatesweb4.ovh\/en\/empresa\/paniker\/"},"modified":"2025-03-12T09:20:20","modified_gmt":"2025-03-12T09:20:20","slug":"paniker","status":"publish","type":"page","link":"https:\/\/www.paniker.com\/en\/company\/paniker\/","title":{"rendered":"Paniker"},"content":{"rendered":"<p>\n<style type=\"text\/css\" data-created_by=\"avia_inline_auto\" id=\"style-css-av-k58qmwan-49a326b3a50ceb848151705c7eae0579\">\n.flex_column.av-k58qmwan-49a326b3a50ceb848151705c7eae0579{\nborder-radius:0px 0px 0px 0px;\npadding:0px 0px 0px 0px;\n}\n<\/style>\n<div  class='flex_column av-k58qmwan-49a326b3a50ceb848151705c7eae0579 av_one_full  avia-builder-el-0  el_before_av_one_full  avia-builder-el-first  first flex_column_div av-zero-column-padding  '     ><p><section  class='av_textblock_section av-k53ugnnr-71b331c6dbe8d4be30495790c4b1a2b6 '   itemscope=\"itemscope\" itemtype=\"https:\/\/schema.org\/CreativeWork\" ><div class='av-desktop-hide av-medium-hide avia_textblock'  itemprop=\"text\" ><p>[layerslider id=&#8221;31&#8243;]<\/p>\n<\/div><\/section><br \/>\n<section  class='av_textblock_section av-k53ugnnr-1a2adcf665acd3e14f2ea2249d396ce6 '   itemscope=\"itemscope\" itemtype=\"https:\/\/schema.org\/CreativeWork\" ><div class='av-small-hide av-mini-hide avia_textblock'  itemprop=\"text\" ><p>[layerslider id=&#8221;30&#8243;]<\/p>\n<\/div><\/section><br \/>\n\n<style type=\"text\/css\" data-created_by=\"avia_inline_auto\" id=\"style-css-av-6w81y-fada0c2b7e80752dd2707925d8e43d5d\">\n#top .hr.hr-invisible.av-6w81y-fada0c2b7e80752dd2707925d8e43d5d{\nheight:50px;\n}\n<\/style>\n<div  class='hr av-6w81y-fada0c2b7e80752dd2707925d8e43d5d hr-invisible  avia-builder-el-3  el_after_av_textblock  avia-builder-el-last '><span class='hr-inner '><span class=\"hr-inner-style\"><\/span><\/span><\/div><\/p><\/div><br \/>\n\n<style type=\"text\/css\" data-created_by=\"avia_inline_auto\" id=\"style-css-av-k41tibc7-24852eed5bbb564d5f080aab7f24e8fb\">\n#top .flex_column.av-k41tibc7-24852eed5bbb564d5f080aab7f24e8fb{\nmargin-top:0px;\nmargin-bottom:50px;\n}\n.flex_column.av-k41tibc7-24852eed5bbb564d5f080aab7f24e8fb{\nborder-radius:0px 0px 0px 0px;\npadding:0px 0px 0px 0px;\n}\n.responsive #top #wrap_all .flex_column.av-k41tibc7-24852eed5bbb564d5f080aab7f24e8fb{\nmargin-top:0px;\nmargin-bottom:50px;\n}\n<\/style>\n<div  class='flex_column av-k41tibc7-24852eed5bbb564d5f080aab7f24e8fb av_one_full  avia-builder-el-4  el_after_av_one_full  el_before_av_one_third  box-gray first flex_column_div av-animated-generic fade-in av-zero-column-padding  column-top-margin'     ><section  class='av_textblock_section av-k41tfv25-8f797c2ceb2f3cddc332ffa70100533f '   itemscope=\"itemscope\" itemtype=\"https:\/\/schema.org\/CreativeWork\" ><div class='avia_textblock'  itemprop=\"text\" ><h1>Welcome to PANIKER<\/h1>\n<p>Our plant of 12.000 m2, is located in Barcelona, where we produce, Water base, Solvent Base , Pu Adhesives and 2 components. All of our sections use the latest modern technology. The production processes conform to the ISO 9001 norm and are environment friendly, for instance our purification process, recycling and residue treatment.<\/p>\n<p>Paniker is the main production plant in Spain and Portugal , with a 44.000 Tn a year capacity with 27 production lines. Thanks to this production capacity, our customers can account on short delivery time.<\/p>\n<\/div><\/section><br \/>\n\n<style type=\"text\/css\" data-created_by=\"avia_inline_auto\" id=\"style-css-av-k41tw9g1-71d4fdc2eb48c189f545e870c7c09287\">\n.avia-image-container.av-k41tw9g1-71d4fdc2eb48c189f545e870c7c09287 img.avia_image{\nbox-shadow:none;\n}\n.avia-image-container.av-k41tw9g1-71d4fdc2eb48c189f545e870c7c09287 .av-image-caption-overlay-center{\ncolor:#ffffff;\n}\n<\/style>\n<div  class='avia-image-container av-k41tw9g1-71d4fdc2eb48c189f545e870c7c09287 av-styling- avia-align-left  avia-builder-el-6  el_after_av_textblock  avia-builder-el-last '   itemprop=\"image\" itemscope=\"itemscope\" itemtype=\"https:\/\/schema.org\/ImageObject\" ><div class=\"avia-image-container-inner\"><div class=\"avia-image-overlay-wrap\"><img decoding=\"async\" fetchpriority=\"high\" class='wp-image-994 avia-img-lazy-loading-not-994 avia_image ' src=\"https:\/\/www.paniker.com\/wp-content\/uploads\/2019\/12\/bureau-veritas-paniker.jpg\" alt='' title='bureau-veritas-paniker'  height=\"106\" width=\"185\"  itemprop=\"thumbnailUrl\"  \/><\/div><\/div><\/div><\/p><\/div><br \/>\n<div class='flex_column_table av-k3z0e93g-816b70584cc6d4c854265118b0687d55 sc-av_one_third av-equal-height-column-flextable'>\n<style type=\"text\/css\" data-created_by=\"avia_inline_auto\" id=\"style-css-av-k3z0e93g-816b70584cc6d4c854265118b0687d55\">\n.flex_column.av-k3z0e93g-816b70584cc6d4c854265118b0687d55{\nborder-radius:0px 0px 0px 0px;\npadding:0px 0px 0px 0px;\n}\n<\/style>\n<div  class='flex_column av-k3z0e93g-816b70584cc6d4c854265118b0687d55 av_one_third  avia-builder-el-7  el_after_av_one_full  el_before_av_one_third  box-blue first no_margin flex_column_table_cell av-equal-height-column av-align-top av-zero-column-padding  column-top-margin'     ><section  class='av_textblock_section av-k3z0gbqk-c664d41b30fb27305d2fec9121f5eebc '   itemscope=\"itemscope\" itemtype=\"https:\/\/schema.org\/CreativeWork\" ><div class='avia_textblock'  itemprop=\"text\" ><h2>History<\/h2>\n<p>Paniker was founded in 1922, it is one of the oldest adhesive companies in Spain.<br \/>\nSince the shoe wear market in the beginning, PANIKER has diversified its position and has developed wide range of adhesives for demanding markets such us Paper, Converting, packaging, labelling, Graphic Arts, Woodworks, Textile, panel Sandwich, Foam, Automobiles<\/p>\n<p><a class=\"button-link\" href=\"\/en\/company\/history\/\"><label>More information<\/label><\/a><\/p>\n<\/div><\/section><\/div><br \/>\n\n<style type=\"text\/css\" data-created_by=\"avia_inline_auto\" id=\"style-css-av-m263o-6a2d62bf41ad0869a5b80462eb5ae65b\">\n.flex_column.av-m263o-6a2d62bf41ad0869a5b80462eb5ae65b{\nborder-radius:0px 0px 0px 0px;\npadding:0px 0px 0px 0px;\n}\n<\/style>\n<div  class='flex_column av-m263o-6a2d62bf41ad0869a5b80462eb5ae65b av_one_third  avia-builder-el-9  el_after_av_one_third  el_before_av_one_third  box-red no_margin flex_column_table_cell av-equal-height-column av-align-top av-zero-column-padding  column-top-margin'     ><section  class='av_textblock_section av-k3z0gbqk-af2af94ac404b8ee0d4a01bbc50a6598 '   itemscope=\"itemscope\" itemtype=\"https:\/\/schema.org\/CreativeWork\" ><div class='avia_textblock'  itemprop=\"text\" ><h2>Welcome to Paniker<\/h2>\n<p>Our plant of 12.000 m2, is located in Barcelona, where we produce, Water base, Solvent Base , Pu Adhesives and 2 components. Paniker is the main production plant in Spain and Portugal , with a 44.000 Tn a year capacity with 27 production lines.<\/p>\n<p><a class=\"button-link\" href=\"\/en\/company\/paniker\/\"><label>More information<\/label><\/a><\/p>\n<\/div><\/section><\/div>\n<style type=\"text\/css\" data-created_by=\"avia_inline_auto\" id=\"style-css-av-fcbb8-cba2a1e0618b28b638fdea289e25c658\">\n.flex_column.av-fcbb8-cba2a1e0618b28b638fdea289e25c658{\nborder-radius:0px 0px 0px 0px;\npadding:0px 0px 0px 0px;\n}\n<\/style>\n<div  class='flex_column av-fcbb8-cba2a1e0618b28b638fdea289e25c658 av_one_third  avia-builder-el-11  el_after_av_one_third  avia-builder-el-last  box-blue no_margin flex_column_table_cell av-equal-height-column av-align-top av-zero-column-padding  column-top-margin'     ><section  class='av_textblock_section av-8t94c-02a7bf339ec6893912e960815ce86bab '   itemscope=\"itemscope\" itemtype=\"https:\/\/schema.org\/CreativeWork\" ><div class='avia_textblock'  itemprop=\"text\" ><h2>Quality<\/h2>\n<p>At PANIKER, as expert adhesive manufacturers and in accordance with our Quality Policy, we are interested in guaranteeing the quality of our products.<br \/>\nFor this reason, we are certified in ISO 9001: 2015, complying with the requirements for the design, manufacture and marketing of adhesives and glues.<\/p>\n<p><a class=\"button-link\" href=\"\/en\/company\/quality\/\"><label>More information<\/label><\/a><\/p>\n<\/div><\/section><\/div><\/div><!--close column table wrapper. Autoclose: 1 --><\/p>\n","protected":false},"excerpt":{"rendered":"","protected":false},"author":3,"featured_media":0,"parent":763,"menu_order":0,"comment_status":"closed","ping_status":"closed","template":"","meta":{"footnotes":""},"class_list":["post-772","page","type-page","status-publish","hentry"],"yoast_head":"<!-- This site is optimized with the Yoast SEO plugin v27.3 - https:\/\/yoast.com\/product\/yoast-seo-wordpress\/ -->\n<title>Paniker - Paniker<\/title>\n<meta name=\"robots\" content=\"index, follow, max-snippet:-1, max-image-preview:large, max-video-preview:-1\" \/>\n<link rel=\"canonical\" href=\"https:\/\/www.paniker.com\/en\/company\/paniker\/\" \/>\n<meta property=\"og:locale\" content=\"en_US\" \/>\n<meta property=\"og:type\" content=\"article\" \/>\n<meta property=\"og:title\" content=\"Paniker - Paniker\" \/>\n<meta property=\"og:url\" content=\"https:\/\/www.paniker.com\/en\/company\/paniker\/\" \/>\n<meta property=\"og:site_name\" content=\"Paniker\" \/>\n<meta property=\"article:modified_time\" content=\"2025-03-12T09:20:20+00:00\" \/>\n<meta name=\"twitter:card\" content=\"summary_large_image\" \/>\n<meta name=\"twitter:label1\" content=\"Est. reading time\" \/>\n\t<meta name=\"twitter:data1\" content=\"3 minutes\" \/>\n<script type=\"application\/ld+json\" class=\"yoast-schema-graph\">{\"@context\":\"https:\\\/\\\/schema.org\",\"@graph\":[{\"@type\":\"WebPage\",\"@id\":\"https:\\\/\\\/www.paniker.com\\\/en\\\/company\\\/paniker\\\/\",\"url\":\"https:\\\/\\\/www.paniker.com\\\/en\\\/company\\\/paniker\\\/\",\"name\":\"Paniker - Paniker\",\"isPartOf\":{\"@id\":\"https:\\\/\\\/www.paniker.com\\\/#website\"},\"datePublished\":\"2019-12-11T21:51:33+00:00\",\"dateModified\":\"2025-03-12T09:20:20+00:00\",\"breadcrumb\":{\"@id\":\"https:\\\/\\\/www.paniker.com\\\/en\\\/company\\\/paniker\\\/#breadcrumb\"},\"inLanguage\":\"en-US\",\"potentialAction\":[{\"@type\":\"ReadAction\",\"target\":[\"https:\\\/\\\/www.paniker.com\\\/en\\\/company\\\/paniker\\\/\"]}]},{\"@type\":\"BreadcrumbList\",\"@id\":\"https:\\\/\\\/www.paniker.com\\\/en\\\/company\\\/paniker\\\/#breadcrumb\",\"itemListElement\":[{\"@type\":\"ListItem\",\"position\":1,\"name\":\"Inici\",\"item\":\"https:\\\/\\\/www.paniker.com\\\/en\\\/home\\\/\"},{\"@type\":\"ListItem\",\"position\":2,\"name\":\"Company\",\"item\":\"https:\\\/\\\/www.paniker.com\\\/en\\\/company\\\/\"},{\"@type\":\"ListItem\",\"position\":3,\"name\":\"Paniker\"}]},{\"@type\":\"WebSite\",\"@id\":\"https:\\\/\\\/www.paniker.com\\\/#website\",\"url\":\"https:\\\/\\\/www.paniker.com\\\/\",\"name\":\"Paniker\",\"description\":\"L\u00edderes en adhesivos l\u00edquidos y s\u00f3lidos\",\"potentialAction\":[{\"@type\":\"SearchAction\",\"target\":{\"@type\":\"EntryPoint\",\"urlTemplate\":\"https:\\\/\\\/www.paniker.com\\\/?s={search_term_string}\"},\"query-input\":{\"@type\":\"PropertyValueSpecification\",\"valueRequired\":true,\"valueName\":\"search_term_string\"}}],\"inLanguage\":\"en-US\"}]}<\/script>\n<!-- \/ Yoast SEO plugin. -->","yoast_head_json":{"title":"Paniker - Paniker","robots":{"index":"index","follow":"follow","max-snippet":"max-snippet:-1","max-image-preview":"max-image-preview:large","max-video-preview":"max-video-preview:-1"},"canonical":"https:\/\/www.paniker.com\/en\/company\/paniker\/","og_locale":"en_US","og_type":"article","og_title":"Paniker - Paniker","og_url":"https:\/\/www.paniker.com\/en\/company\/paniker\/","og_site_name":"Paniker","article_modified_time":"2025-03-12T09:20:20+00:00","twitter_card":"summary_large_image","twitter_misc":{"Est. reading time":"3 minutes"},"schema":{"@context":"https:\/\/schema.org","@graph":[{"@type":"WebPage","@id":"https:\/\/www.paniker.com\/en\/company\/paniker\/","url":"https:\/\/www.paniker.com\/en\/company\/paniker\/","name":"Paniker - Paniker","isPartOf":{"@id":"https:\/\/www.paniker.com\/#website"},"datePublished":"2019-12-11T21:51:33+00:00","dateModified":"2025-03-12T09:20:20+00:00","breadcrumb":{"@id":"https:\/\/www.paniker.com\/en\/company\/paniker\/#breadcrumb"},"inLanguage":"en-US","potentialAction":[{"@type":"ReadAction","target":["https:\/\/www.paniker.com\/en\/company\/paniker\/"]}]},{"@type":"BreadcrumbList","@id":"https:\/\/www.paniker.com\/en\/company\/paniker\/#breadcrumb","itemListElement":[{"@type":"ListItem","position":1,"name":"Inici","item":"https:\/\/www.paniker.com\/en\/home\/"},{"@type":"ListItem","position":2,"name":"Company","item":"https:\/\/www.paniker.com\/en\/company\/"},{"@type":"ListItem","position":3,"name":"Paniker"}]},{"@type":"WebSite","@id":"https:\/\/www.paniker.com\/#website","url":"https:\/\/www.paniker.com\/","name":"Paniker","description":"L\u00edderes en adhesivos l\u00edquidos y s\u00f3lidos","potentialAction":[{"@type":"SearchAction","target":{"@type":"EntryPoint","urlTemplate":"https:\/\/www.paniker.com\/?s={search_term_string}"},"query-input":{"@type":"PropertyValueSpecification","valueRequired":true,"valueName":"search_term_string"}}],"inLanguage":"en-US"}]}},"_links":{"self":[{"href":"https:\/\/www.paniker.com\/en\/wp-json\/wp\/v2\/pages\/772","targetHints":{"allow":["GET"]}}],"collection":[{"href":"https:\/\/www.paniker.com\/en\/wp-json\/wp\/v2\/pages"}],"about":[{"href":"https:\/\/www.paniker.com\/en\/wp-json\/wp\/v2\/types\/page"}],"author":[{"embeddable":true,"href":"https:\/\/www.paniker.com\/en\/wp-json\/wp\/v2\/users\/3"}],"replies":[{"embeddable":true,"href":"https:\/\/www.paniker.com\/en\/wp-json\/wp\/v2\/comments?post=772"}],"version-history":[{"count":10,"href":"https:\/\/www.paniker.com\/en\/wp-json\/wp\/v2\/pages\/772\/revisions"}],"predecessor-version":[{"id":3998,"href":"https:\/\/www.paniker.com\/en\/wp-json\/wp\/v2\/pages\/772\/revisions\/3998"}],"up":[{"embeddable":true,"href":"https:\/\/www.paniker.com\/en\/wp-json\/wp\/v2\/pages\/763"}],"wp:attachment":[{"href":"https:\/\/www.paniker.com\/en\/wp-json\/wp\/v2\/media?parent=772"}],"curies":[{"name":"wp","href":"https:\/\/api.w.org\/{rel}","templated":true}]}}