{"id":774,"date":"2019-12-11T22:29:03","date_gmt":"2019-12-11T22:29:03","guid":{"rendered":"http:\/\/paniker.ergatesweb4.ovh\/en\/mercados\/"},"modified":"2020-07-02T08:27:39","modified_gmt":"2020-07-02T08:27:39","slug":"markets","status":"publish","type":"page","link":"https:\/\/www.paniker.com\/en\/markets\/","title":{"rendered":"Markets"},"content":{"rendered":"\n<style type=\"text\/css\" data-created_by=\"avia_inline_auto\" id=\"style-css-av-tcya-f6321f799f82510b4cf3e436865d1cbd\">\n.flex_column.av-tcya-f6321f799f82510b4cf3e436865d1cbd{\nborder-radius:0px 0px 0px 0px;\npadding:0px 0px 0px 0px;\n}\n<\/style>\n<div  class='flex_column av-tcya-f6321f799f82510b4cf3e436865d1cbd av_one_full  avia-builder-el-0  el_before_av_one_full  avia-builder-el-first  first flex_column_div av-zero-column-padding  '     ><p><section  class='av_textblock_section av-k53ufneb-9b4d8a40152802ec57d883617a38f3e0 '   itemscope=\"itemscope\" itemtype=\"https:\/\/schema.org\/CreativeWork\" ><div class='av-desktop-hide av-medium-hide avia_textblock'  itemprop=\"text\" ><p>[layerslider id=&#8221;15&#8243;]<\/p>\n<\/div><\/section><br \/>\n<section  class='av_textblock_section av-k53ufneb-ffec0b28716ad36f7d5bec89e5431817 '   itemscope=\"itemscope\" itemtype=\"https:\/\/schema.org\/CreativeWork\" ><div class='av-small-hide av-mini-hide avia_textblock'  itemprop=\"text\" ><p>[layerslider id=&#8221;5&#8243;]<\/p>\n<\/div><\/section><br \/>\n\n<style type=\"text\/css\" data-created_by=\"avia_inline_auto\" id=\"style-css-av-k54f526c-dbe3cb8b0bc9dbb2c58f2adafe431c61\">\n#top .hr.hr-invisible.av-k54f526c-dbe3cb8b0bc9dbb2c58f2adafe431c61{\nheight:50px;\n}\n<\/style>\n<div  class='hr av-k54f526c-dbe3cb8b0bc9dbb2c58f2adafe431c61 hr-invisible  avia-builder-el-3  el_after_av_textblock  avia-builder-el-last '><span class='hr-inner '><span class=\"hr-inner-style\"><\/span><\/span><\/div><\/p><\/div>\n\n<style type=\"text\/css\" data-created_by=\"avia_inline_auto\" id=\"style-css-av-k41tibc7-784c000025ef2a67fa244767075cef9d\">\n#top .flex_column.av-k41tibc7-784c000025ef2a67fa244767075cef9d{\nmargin-top:0px;\nmargin-bottom:50px;\n}\n.flex_column.av-k41tibc7-784c000025ef2a67fa244767075cef9d{\nborder-radius:0px 0px 0px 0px;\npadding:0px 0px 0px 0px;\n}\n.responsive #top #wrap_all .flex_column.av-k41tibc7-784c000025ef2a67fa244767075cef9d{\nmargin-top:0px;\nmargin-bottom:50px;\n}\n<\/style>\n<div  class='flex_column av-k41tibc7-784c000025ef2a67fa244767075cef9d av_one_full  avia-builder-el-4  el_after_av_one_full  el_before_av_one_third  box-gray first flex_column_div av-zero-column-padding  column-top-margin'     ><section  class='av_textblock_section av-k41tfv25-8f797c2ceb2f3cddc332ffa70100533f '   itemscope=\"itemscope\" itemtype=\"https:\/\/schema.org\/CreativeWork\" ><div class='avia_textblock'  itemprop=\"text\" ><h1>Markets<\/h1>\n<p>PANIKER has diversified its position and has developed wide range of adhesives for demanding markets such us Paper, Converting, packaging, labelling, Graphic Arts, Woodworks, Textile, panel Sandwich, Foam, Automobiles<\/p>\n<p>At PANIKER we work day by day to make our motto &#8220;Adhesive Engineering&#8221; a reality. For this, we have an expert Technical-Commercial and Engineering team, which we train continuously, to offer the best solution to our client.<\/p>\n<p>In 2000 PANIKER became part of the Beardow Adams Group, a world leader in the world of adhesives.<\/p>\n<\/div><\/section><\/div>\n<div class='flex_column_table av-k3z0e93g-816b70584cc6d4c854265118b0687d55 sc-av_one_third av-equal-height-column-flextable'>\n<style type=\"text\/css\" data-created_by=\"avia_inline_auto\" id=\"style-css-av-k3z0e93g-816b70584cc6d4c854265118b0687d55\">\n.flex_column.av-k3z0e93g-816b70584cc6d4c854265118b0687d55{\nborder-radius:0px 0px 0px 0px;\npadding:0px 0px 0px 0px;\n}\n<\/style>\n<div  class='flex_column av-k3z0e93g-816b70584cc6d4c854265118b0687d55 av_one_third  avia-builder-el-6  el_after_av_one_full  el_before_av_one_third  box-blue first no_margin flex_column_table_cell av-equal-height-column av-align-top av-zero-column-padding  column-top-margin'     ><section  class='av_textblock_section av-k3z0gbqk-c664d41b30fb27305d2fec9121f5eebc '   itemscope=\"itemscope\" itemtype=\"https:\/\/schema.org\/CreativeWork\" ><div class='avia_textblock'  itemprop=\"text\" ><h2>Paper<\/h2>\n<p>We manufacture a wide range of water base adhesives for different markets as a Tissue, packaging, labelling and paper manipulation.<\/p>\n<p><a class=\"button-link\" href=\"\/en\/markets\/paper\/\"><label>More infornation<\/label><\/a><\/p>\n<\/div><\/section><\/div>\n\n<style type=\"text\/css\" data-created_by=\"avia_inline_auto\" id=\"style-css-av-k3z0e93g-0c11350a8be569b3c9d5cd313f88172a\">\n.flex_column.av-k3z0e93g-0c11350a8be569b3c9d5cd313f88172a{\nborder-radius:0px 0px 0px 0px;\npadding:0px 0px 0px 0px;\n}\n<\/style>\n<div  class='flex_column av-k3z0e93g-0c11350a8be569b3c9d5cd313f88172a av_one_third  avia-builder-el-8  el_after_av_one_third  el_before_av_one_third  box-red no_margin flex_column_table_cell av-equal-height-column av-align-top av-zero-column-padding  column-top-margin'     ><section  class='av_textblock_section av-k3z0gbqk-c664d41b30fb27305d2fec9121f5eebc '   itemscope=\"itemscope\" itemtype=\"https:\/\/schema.org\/CreativeWork\" ><div class='avia_textblock'  itemprop=\"text\" ><h2>Hotmelt<\/h2>\n<p>These hot melt adhesives are mixtures of waxes, resins, and other components for a wide variety of applications as, packaging, labelling, wodworking, product assambly, converting, bookbinding.<\/p>\n<p><a class=\"button-link\" href=\"\/en\/markets\/hotmelt\"><label>More infornation<\/label><\/a><\/p>\n<\/div><\/section><\/div>\n\n<style type=\"text\/css\" data-created_by=\"avia_inline_auto\" id=\"style-css-av-k3z0e93g-a2bc8422998af0bb43f868f047c850bb\">\n.flex_column.av-k3z0e93g-a2bc8422998af0bb43f868f047c850bb{\nborder-radius:0px 0px 0px 0px;\npadding:0px 0px 0px 0px;\n}\n<\/style>\n<div  class='flex_column av-k3z0e93g-a2bc8422998af0bb43f868f047c850bb av_one_third  avia-builder-el-10  el_after_av_one_third  el_before_av_one_third  box-blue no_margin flex_column_table_cell av-equal-height-column av-align-top av-zero-column-padding  column-top-margin'     ><section  class='av_textblock_section av-k3z0gbqk-c664d41b30fb27305d2fec9121f5eebc '   itemscope=\"itemscope\" itemtype=\"https:\/\/schema.org\/CreativeWork\" ><div class='avia_textblock'  itemprop=\"text\" ><h2>Insulation<\/h2>\n<p>We develop a wide range of solvent and polyurethane adhesives with a high Temperature and chemical resistance and with a perfect adhesion to porous surfaces.<br \/>\n<a class=\"button-link\" href=\"\/en\/markets\/insulation\"><label>More information<\/label><\/a><\/p>\n<\/div><\/section><\/div><\/div><!--close column table wrapper. Autoclose: 1 -->\n<div class='flex_column_table av-k3z0e93g-bc490a7a031a92547f00193c3bbac426 sc-av_one_third av-equal-height-column-flextable'>\n<style type=\"text\/css\" data-created_by=\"avia_inline_auto\" id=\"style-css-av-k3z0e93g-bc490a7a031a92547f00193c3bbac426\">\n.flex_column.av-k3z0e93g-bc490a7a031a92547f00193c3bbac426{\nborder-radius:0px 0px 0px 0px;\npadding:0px 0px 0px 0px;\n}\n<\/style>\n<div  class='flex_column av-k3z0e93g-bc490a7a031a92547f00193c3bbac426 av_one_third  avia-builder-el-12  el_after_av_one_third  el_before_av_one_third  box-red first no_margin flex_column_table_cell av-equal-height-column av-align-top av-zero-column-padding  column-top-margin'     ><section  class='av_textblock_section av-k3z0gbqk-c664d41b30fb27305d2fec9121f5eebc '   itemscope=\"itemscope\" itemtype=\"https:\/\/schema.org\/CreativeWork\" ><div class='avia_textblock'  itemprop=\"text\" ><h2>Shoe Industry<\/h2>\n<p>We manufacture a wide range of solvent and water base adhesives for all the applications in the Footwear Industry.<\/p>\n<p><a class=\"button-link\" href=\"\/en\/markets\/footwear\/\"><label>More information<\/label><\/a><\/p>\n<\/div><\/section><\/div>\n\n<style type=\"text\/css\" data-created_by=\"avia_inline_auto\" id=\"style-css-av-k3z0e93g-a2bc8422998af0bb43f868f047c850bb\">\n.flex_column.av-k3z0e93g-a2bc8422998af0bb43f868f047c850bb{\nborder-radius:0px 0px 0px 0px;\npadding:0px 0px 0px 0px;\n}\n<\/style>\n<div  class='flex_column av-k3z0e93g-a2bc8422998af0bb43f868f047c850bb av_one_third  avia-builder-el-14  el_after_av_one_third  el_before_av_one_third  box-blue no_margin flex_column_table_cell av-equal-height-column av-align-top av-zero-column-padding  column-top-margin'     ><section  class='av_textblock_section av-k3z0gbqk-c664d41b30fb27305d2fec9121f5eebc '   itemscope=\"itemscope\" itemtype=\"https:\/\/schema.org\/CreativeWork\" ><div class='avia_textblock'  itemprop=\"text\" ><h2>Wood<\/h2>\n<p>We have a wide range of solvent, water base and hotmelt adhesives for the Woodworking market<\/p>\n<p><a class=\"button-link\" href=\"\/en\/markest\/wood\/\"><label>More information<\/label><\/a><\/p>\n<\/div><\/section><\/div>\n\n<style type=\"text\/css\" data-created_by=\"avia_inline_auto\" id=\"style-css-av-k3z0e93g-0c11350a8be569b3c9d5cd313f88172a\">\n.flex_column.av-k3z0e93g-0c11350a8be569b3c9d5cd313f88172a{\nborder-radius:0px 0px 0px 0px;\npadding:0px 0px 0px 0px;\n}\n<\/style>\n<div  class='flex_column av-k3z0e93g-0c11350a8be569b3c9d5cd313f88172a av_one_third  avia-builder-el-16  el_after_av_one_third  avia-builder-el-last  box-red no_margin flex_column_table_cell av-equal-height-column av-align-top av-zero-column-padding  column-top-margin'     ><section  class='av_textblock_section av-k3z0gbqk-c664d41b30fb27305d2fec9121f5eebc '   itemscope=\"itemscope\" itemtype=\"https:\/\/schema.org\/CreativeWork\" ><div class='avia_textblock'  itemprop=\"text\" ><h2>Textile &#8211; Foams<\/h2>\n<p>We have an excellent range of Polyurethanes, solvent-based and Hotmelt Reactive (HMPUR) adhesives for laminating and foaming textiles. We have a complete range of single-component and two-component water-based adhesives for bonding foams, not harmful or flammable<\/p>\n<p><a class=\"button-link\" href=\"\/en\/markets\/textile-foams\"><label>More information<\/label><\/a><\/p>\n<\/div><\/section><\/div><\/div><!--close column table wrapper. Autoclose: 1 -->\n","protected":false},"excerpt":{"rendered":"","protected":false},"author":3,"featured_media":0,"parent":0,"menu_order":0,"comment_status":"closed","ping_status":"closed","template":"","meta":{"footnotes":""},"class_list":["post-774","page","type-page","status-publish","hentry"],"yoast_head":"<!-- This site is optimized with the Yoast SEO plugin v27.5 - https:\/\/yoast.com\/product\/yoast-seo-wordpress\/ -->\n<title>Markets - Paniker<\/title>\n<meta name=\"robots\" content=\"index, follow, max-snippet:-1, max-image-preview:large, max-video-preview:-1\" \/>\n<link rel=\"canonical\" href=\"https:\/\/www.paniker.com\/en\/markets\/\" \/>\n<meta property=\"og:locale\" content=\"en_US\" \/>\n<meta property=\"og:type\" content=\"article\" \/>\n<meta property=\"og:title\" content=\"Markets - Paniker\" \/>\n<meta property=\"og:url\" content=\"https:\/\/www.paniker.com\/en\/markets\/\" \/>\n<meta property=\"og:site_name\" content=\"Paniker\" \/>\n<meta property=\"article:modified_time\" content=\"2020-07-02T08:27:39+00:00\" \/>\n<meta name=\"twitter:card\" content=\"summary_large_image\" \/>\n<meta name=\"twitter:label1\" content=\"Est. reading time\" \/>\n\t<meta name=\"twitter:data1\" content=\"8 minutes\" \/>\n<script type=\"application\/ld+json\" class=\"yoast-schema-graph\">{\"@context\":\"https:\\\/\\\/schema.org\",\"@graph\":[{\"@type\":\"WebPage\",\"@id\":\"https:\\\/\\\/www.paniker.com\\\/en\\\/markets\\\/\",\"url\":\"https:\\\/\\\/www.paniker.com\\\/en\\\/markets\\\/\",\"name\":\"Markets - Paniker\",\"isPartOf\":{\"@id\":\"https:\\\/\\\/www.paniker.com\\\/#website\"},\"datePublished\":\"2019-12-11T22:29:03+00:00\",\"dateModified\":\"2020-07-02T08:27:39+00:00\",\"breadcrumb\":{\"@id\":\"https:\\\/\\\/www.paniker.com\\\/en\\\/markets\\\/#breadcrumb\"},\"inLanguage\":\"en-US\",\"potentialAction\":[{\"@type\":\"ReadAction\",\"target\":[\"https:\\\/\\\/www.paniker.com\\\/en\\\/markets\\\/\"]}]},{\"@type\":\"BreadcrumbList\",\"@id\":\"https:\\\/\\\/www.paniker.com\\\/en\\\/markets\\\/#breadcrumb\",\"itemListElement\":[{\"@type\":\"ListItem\",\"position\":1,\"name\":\"Inici\",\"item\":\"https:\\\/\\\/www.paniker.com\\\/en\\\/home\\\/\"},{\"@type\":\"ListItem\",\"position\":2,\"name\":\"Markets\"}]},{\"@type\":\"WebSite\",\"@id\":\"https:\\\/\\\/www.paniker.com\\\/#website\",\"url\":\"https:\\\/\\\/www.paniker.com\\\/\",\"name\":\"Paniker\",\"description\":\"L\u00edderes en adhesivos l\u00edquidos y s\u00f3lidos\",\"potentialAction\":[{\"@type\":\"SearchAction\",\"target\":{\"@type\":\"EntryPoint\",\"urlTemplate\":\"https:\\\/\\\/www.paniker.com\\\/?s={search_term_string}\"},\"query-input\":{\"@type\":\"PropertyValueSpecification\",\"valueRequired\":true,\"valueName\":\"search_term_string\"}}],\"inLanguage\":\"en-US\"}]}<\/script>\n<!-- \/ Yoast SEO plugin. -->","yoast_head_json":{"title":"Markets - Paniker","robots":{"index":"index","follow":"follow","max-snippet":"max-snippet:-1","max-image-preview":"max-image-preview:large","max-video-preview":"max-video-preview:-1"},"canonical":"https:\/\/www.paniker.com\/en\/markets\/","og_locale":"en_US","og_type":"article","og_title":"Markets - Paniker","og_url":"https:\/\/www.paniker.com\/en\/markets\/","og_site_name":"Paniker","article_modified_time":"2020-07-02T08:27:39+00:00","twitter_card":"summary_large_image","twitter_misc":{"Est. reading time":"8 minutes"},"schema":{"@context":"https:\/\/schema.org","@graph":[{"@type":"WebPage","@id":"https:\/\/www.paniker.com\/en\/markets\/","url":"https:\/\/www.paniker.com\/en\/markets\/","name":"Markets - Paniker","isPartOf":{"@id":"https:\/\/www.paniker.com\/#website"},"datePublished":"2019-12-11T22:29:03+00:00","dateModified":"2020-07-02T08:27:39+00:00","breadcrumb":{"@id":"https:\/\/www.paniker.com\/en\/markets\/#breadcrumb"},"inLanguage":"en-US","potentialAction":[{"@type":"ReadAction","target":["https:\/\/www.paniker.com\/en\/markets\/"]}]},{"@type":"BreadcrumbList","@id":"https:\/\/www.paniker.com\/en\/markets\/#breadcrumb","itemListElement":[{"@type":"ListItem","position":1,"name":"Inici","item":"https:\/\/www.paniker.com\/en\/home\/"},{"@type":"ListItem","position":2,"name":"Markets"}]},{"@type":"WebSite","@id":"https:\/\/www.paniker.com\/#website","url":"https:\/\/www.paniker.com\/","name":"Paniker","description":"L\u00edderes en adhesivos l\u00edquidos y s\u00f3lidos","potentialAction":[{"@type":"SearchAction","target":{"@type":"EntryPoint","urlTemplate":"https:\/\/www.paniker.com\/?s={search_term_string}"},"query-input":{"@type":"PropertyValueSpecification","valueRequired":true,"valueName":"search_term_string"}}],"inLanguage":"en-US"}]}},"_links":{"self":[{"href":"https:\/\/www.paniker.com\/en\/wp-json\/wp\/v2\/pages\/774","targetHints":{"allow":["GET"]}}],"collection":[{"href":"https:\/\/www.paniker.com\/en\/wp-json\/wp\/v2\/pages"}],"about":[{"href":"https:\/\/www.paniker.com\/en\/wp-json\/wp\/v2\/types\/page"}],"author":[{"embeddable":true,"href":"https:\/\/www.paniker.com\/en\/wp-json\/wp\/v2\/users\/3"}],"replies":[{"embeddable":true,"href":"https:\/\/www.paniker.com\/en\/wp-json\/wp\/v2\/comments?post=774"}],"version-history":[{"count":6,"href":"https:\/\/www.paniker.com\/en\/wp-json\/wp\/v2\/pages\/774\/revisions"}],"predecessor-version":[{"id":1901,"href":"https:\/\/www.paniker.com\/en\/wp-json\/wp\/v2\/pages\/774\/revisions\/1901"}],"wp:attachment":[{"href":"https:\/\/www.paniker.com\/en\/wp-json\/wp\/v2\/media?parent=774"}],"curies":[{"name":"wp","href":"https:\/\/api.w.org\/{rel}","templated":true}]}}