{"id":782,"date":"2019-12-24T09:56:48","date_gmt":"2019-12-24T09:56:48","guid":{"rendered":"http:\/\/paniker.ergatesweb4.ovh\/en\/mercados\/madera\/"},"modified":"2020-07-02T08:27:40","modified_gmt":"2020-07-02T08:27:40","slug":"wood","status":"publish","type":"page","link":"https:\/\/www.paniker.com\/en\/markets\/wood\/","title":{"rendered":"Wood"},"content":{"rendered":"<div  class='avia-slideshow av-k3z0a57v-b9e7aeaab433984110b592f1954a20c4 avia-slideshow-no scaling av_slideshow avia-slide-slider  avia-builder-el-0  el_before_av_one_full  avia-builder-el-first  av-desktop-hide av-medium-hide av-slideshow-ui av-control-minimal av-slideshow-manual av-loop-once av-loop-manual-endless av-default-height-applied avia-slideshow-1' data-slideshow-options=\"{&quot;animation&quot;:&quot;slide&quot;,&quot;autoplay&quot;:false,&quot;loop_autoplay&quot;:&quot;once&quot;,&quot;interval&quot;:5,&quot;loop_manual&quot;:&quot;manual-endless&quot;,&quot;autoplay_stopper&quot;:false,&quot;noNavigation&quot;:false,&quot;bg_slider&quot;:false,&quot;keep_padding&quot;:false,&quot;hoverpause&quot;:false,&quot;show_slide_delay&quot;:0}\"  itemprop=\"image\" itemscope=\"itemscope\" itemtype=\"https:\/\/schema.org\/ImageObject\" ><ul class='avia-slideshow-inner ' style='padding-bottom: 125%;'><li  class='avia-slideshow-slide av-k3z0a57v-b9e7aeaab433984110b592f1954a20c4__0  slide-1 slide-odd'><div data-rel='slideshow-1' class='avia-slide-wrap '   ><img decoding=\"async\" fetchpriority=\"high\" class=\"wp-image-1572 avia-img-lazy-loading-not-1572\"  src=\"https:\/\/www.paniker.com\/wp-content\/uploads\/2020\/06\/Mercados-Hotmelt-Madera-Dispositivos.jpg\" width=\"1200\" height=\"1500\" title='Mercados-Hotmelt-Madera-Dispositivos' alt=''  itemprop=\"thumbnailUrl\" srcset=\"https:\/\/www.paniker.com\/wp-content\/uploads\/2020\/06\/Mercados-Hotmelt-Madera-Dispositivos.jpg 1200w, https:\/\/www.paniker.com\/wp-content\/uploads\/2020\/06\/Mercados-Hotmelt-Madera-Dispositivos-240x300.jpg 240w, https:\/\/www.paniker.com\/wp-content\/uploads\/2020\/06\/Mercados-Hotmelt-Madera-Dispositivos-824x1030.jpg 824w, https:\/\/www.paniker.com\/wp-content\/uploads\/2020\/06\/Mercados-Hotmelt-Madera-Dispositivos-768x960.jpg 768w, https:\/\/www.paniker.com\/wp-content\/uploads\/2020\/06\/Mercados-Hotmelt-Madera-Dispositivos-564x705.jpg 564w\" sizes=\"(max-width: 1200px) 100vw, 1200px\" \/><\/div><\/li><li  class='avia-slideshow-slide av-k3z0a57v-b9e7aeaab433984110b592f1954a20c4__1  slide-2 slide-even'><div data-rel='slideshow-1' class='avia-slide-wrap '   ><img decoding=\"async\" fetchpriority=\"high\" class=\"wp-image-1378 avia-img-lazy-loading-not-1378\"  src=\"https:\/\/www.paniker.com\/wp-content\/uploads\/2020\/02\/paniker-mercados-madera-01.jpg\" width=\"1200\" height=\"1500\" title='paniker-mercados-madera-01' alt=''  itemprop=\"thumbnailUrl\" srcset=\"https:\/\/www.paniker.com\/wp-content\/uploads\/2020\/02\/paniker-mercados-madera-01.jpg 1200w, https:\/\/www.paniker.com\/wp-content\/uploads\/2020\/02\/paniker-mercados-madera-01-240x300.jpg 240w, https:\/\/www.paniker.com\/wp-content\/uploads\/2020\/02\/paniker-mercados-madera-01-824x1030.jpg 824w, https:\/\/www.paniker.com\/wp-content\/uploads\/2020\/02\/paniker-mercados-madera-01-768x960.jpg 768w, https:\/\/www.paniker.com\/wp-content\/uploads\/2020\/02\/paniker-mercados-madera-01-564x705.jpg 564w\" sizes=\"(max-width: 1200px) 100vw, 1200px\" \/><\/div><\/li><\/ul><div class='avia-slideshow-arrows avia-slideshow-controls' ><a href='#prev' class='prev-slide  avia-svg-icon avia-font-svg_entypo-fontello' data-av_svg_icon='left-open-big' data-av_iconset='svg_entypo-fontello' tabindex='-1' title=\"Previous\"><svg version=\"1.1\" xmlns=\"http:\/\/www.w3.org\/2000\/svg\" width=\"15\" height=\"32\" viewBox=\"0 0 15 32\" preserveAspectRatio=\"xMidYMid meet\" aria-labelledby='av-svg-title-1' aria-describedby='av-svg-desc-1' role=\"graphics-symbol\" aria-hidden=\"true\">\n<title id='av-svg-title-1'>Previous<\/title>\n<desc id='av-svg-desc-1'>Previous<\/desc>\n<path d=\"M14.464 27.84q0.832 0.832 0 1.536-0.832 0.832-1.536 0l-12.544-12.608q-0.768-0.768 0-1.6l12.544-12.608q0.704-0.832 1.536 0 0.832 0.704 0 1.536l-11.456 11.904z\"><\/path>\n<\/svg><span class='avia_hidden_link_text'>Previous<\/span><\/a><a href='#next' class='next-slide  avia-svg-icon avia-font-svg_entypo-fontello' data-av_svg_icon='right-open-big' data-av_iconset='svg_entypo-fontello' tabindex='-1' title=\"Next\"><svg version=\"1.1\" xmlns=\"http:\/\/www.w3.org\/2000\/svg\" width=\"15\" height=\"32\" viewBox=\"0 0 15 32\" preserveAspectRatio=\"xMidYMid meet\" aria-labelledby='av-svg-title-2' aria-describedby='av-svg-desc-2' role=\"graphics-symbol\" aria-hidden=\"true\">\n<title id='av-svg-title-2'>Next<\/title>\n<desc id='av-svg-desc-2'>Next<\/desc>\n<path d=\"M0.416 27.84l11.456-11.84-11.456-11.904q-0.832-0.832 0-1.536 0.832-0.832 1.536 0l12.544 12.608q0.768 0.832 0 1.6l-12.544 12.608q-0.704 0.832-1.536 0-0.832-0.704 0-1.536z\"><\/path>\n<\/svg><span class='avia_hidden_link_text'>Next<\/span><\/a><\/div><div class='avia-slideshow-dots avia-slideshow-controls'><a href='#1' class='goto-slide active' >1<\/a><a href='#2' class='goto-slide ' >2<\/a><\/div><\/div>\n\n<style type=\"text\/css\" data-created_by=\"avia_inline_auto\" id=\"style-css-av-k5gmi2kt-23f3ca5c263c5a7fd4562402a5498c78\">\n.flex_column.av-k5gmi2kt-23f3ca5c263c5a7fd4562402a5498c78{\nborder-radius:0px 0px 0px 0px;\npadding:0px 0px 50px 0px;\n}\n<\/style>\n<div  class='flex_column av-k5gmi2kt-23f3ca5c263c5a7fd4562402a5498c78 av_one_full  avia-builder-el-1  el_after_av_slideshow  el_before_av_one_full  first flex_column_div  '     ><div  class='avia-slideshow av-k3z0a57v-3848dcf60fe21da98298a843e85241e8 avia-slideshow-no scaling av_slideshow avia-slide-slider  avia-builder-el-2  avia-builder-el-no-sibling  av-small-hide av-mini-hide av-slideshow-ui av-control-minimal av-slideshow-autoplay av-loop-endless av-loop-manual-endless av-default-height-applied avia-slideshow-2' data-slideshow-options=\"{&quot;animation&quot;:&quot;slide&quot;,&quot;autoplay&quot;:true,&quot;loop_autoplay&quot;:&quot;endless&quot;,&quot;interval&quot;:5,&quot;loop_manual&quot;:&quot;manual-endless&quot;,&quot;autoplay_stopper&quot;:false,&quot;noNavigation&quot;:false,&quot;bg_slider&quot;:false,&quot;keep_padding&quot;:false,&quot;hoverpause&quot;:false,&quot;show_slide_delay&quot;:0}\"  itemprop=\"image\" itemscope=\"itemscope\" itemtype=\"https:\/\/schema.org\/ImageObject\" ><ul class='avia-slideshow-inner ' style='padding-bottom: 44.901960784314%;'><li  class='avia-slideshow-slide av-k3z0a57v-3848dcf60fe21da98298a843e85241e8__0  slide-1 slide-odd'><div data-rel='slideshow-2' class='avia-slide-wrap '   ><img decoding=\"async\" fetchpriority=\"high\" class=\"wp-image-1568 avia-img-lazy-loading-not-1568\"  src=\"https:\/\/www.paniker.com\/wp-content\/uploads\/2020\/06\/Mercados-Hotmelt-Madera-Escritorio.jpg\" width=\"1530\" height=\"687\" title='Mercados-Hotmelt-Madera-Escritorio' alt=''  itemprop=\"thumbnailUrl\" srcset=\"https:\/\/www.paniker.com\/wp-content\/uploads\/2020\/06\/Mercados-Hotmelt-Madera-Escritorio.jpg 1530w, https:\/\/www.paniker.com\/wp-content\/uploads\/2020\/06\/Mercados-Hotmelt-Madera-Escritorio-300x135.jpg 300w, https:\/\/www.paniker.com\/wp-content\/uploads\/2020\/06\/Mercados-Hotmelt-Madera-Escritorio-1030x462.jpg 1030w, https:\/\/www.paniker.com\/wp-content\/uploads\/2020\/06\/Mercados-Hotmelt-Madera-Escritorio-768x345.jpg 768w, https:\/\/www.paniker.com\/wp-content\/uploads\/2020\/06\/Mercados-Hotmelt-Madera-Escritorio-1500x674.jpg 1500w, https:\/\/www.paniker.com\/wp-content\/uploads\/2020\/06\/Mercados-Hotmelt-Madera-Escritorio-705x317.jpg 705w\" sizes=\"(max-width: 1530px) 100vw, 1530px\" \/><\/div><\/li><li  class='avia-slideshow-slide av-k3z0a57v-3848dcf60fe21da98298a843e85241e8__1  slide-2 slide-even'><div data-rel='slideshow-2' class='avia-slide-wrap '   ><img decoding=\"async\" fetchpriority=\"high\" class=\"wp-image-1324 avia-img-lazy-loading-not-1324\"  src=\"https:\/\/www.paniker.com\/wp-content\/uploads\/2020\/02\/mercados-madera-paniker.jpg\" width=\"1530\" height=\"687\" title='mercados-madera-paniker' alt=''  itemprop=\"thumbnailUrl\" srcset=\"https:\/\/www.paniker.com\/wp-content\/uploads\/2020\/02\/mercados-madera-paniker.jpg 1530w, https:\/\/www.paniker.com\/wp-content\/uploads\/2020\/02\/mercados-madera-paniker-300x135.jpg 300w, https:\/\/www.paniker.com\/wp-content\/uploads\/2020\/02\/mercados-madera-paniker-1030x462.jpg 1030w, https:\/\/www.paniker.com\/wp-content\/uploads\/2020\/02\/mercados-madera-paniker-768x345.jpg 768w, https:\/\/www.paniker.com\/wp-content\/uploads\/2020\/02\/mercados-madera-paniker-1500x674.jpg 1500w, https:\/\/www.paniker.com\/wp-content\/uploads\/2020\/02\/mercados-madera-paniker-705x317.jpg 705w\" sizes=\"(max-width: 1530px) 100vw, 1530px\" \/><\/div><\/li><\/ul><div class='avia-slideshow-arrows avia-slideshow-controls' ><a href='#prev' class='prev-slide  avia-svg-icon avia-font-svg_entypo-fontello' data-av_svg_icon='left-open-big' data-av_iconset='svg_entypo-fontello' tabindex='-1' title=\"Previous\"><svg version=\"1.1\" xmlns=\"http:\/\/www.w3.org\/2000\/svg\" width=\"15\" height=\"32\" viewBox=\"0 0 15 32\" preserveAspectRatio=\"xMidYMid meet\" aria-labelledby='av-svg-title-3' aria-describedby='av-svg-desc-3' role=\"graphics-symbol\" aria-hidden=\"true\">\n<title id='av-svg-title-3'>Previous<\/title>\n<desc id='av-svg-desc-3'>Previous<\/desc>\n<path d=\"M14.464 27.84q0.832 0.832 0 1.536-0.832 0.832-1.536 0l-12.544-12.608q-0.768-0.768 0-1.6l12.544-12.608q0.704-0.832 1.536 0 0.832 0.704 0 1.536l-11.456 11.904z\"><\/path>\n<\/svg><span class='avia_hidden_link_text'>Previous<\/span><\/a><a href='#next' class='next-slide  avia-svg-icon avia-font-svg_entypo-fontello' data-av_svg_icon='right-open-big' data-av_iconset='svg_entypo-fontello' tabindex='-1' title=\"Next\"><svg version=\"1.1\" xmlns=\"http:\/\/www.w3.org\/2000\/svg\" width=\"15\" height=\"32\" viewBox=\"0 0 15 32\" preserveAspectRatio=\"xMidYMid meet\" aria-labelledby='av-svg-title-4' aria-describedby='av-svg-desc-4' role=\"graphics-symbol\" aria-hidden=\"true\">\n<title id='av-svg-title-4'>Next<\/title>\n<desc id='av-svg-desc-4'>Next<\/desc>\n<path d=\"M0.416 27.84l11.456-11.84-11.456-11.904q-0.832-0.832 0-1.536 0.832-0.832 1.536 0l12.544 12.608q0.768 0.832 0 1.6l-12.544 12.608q-0.704 0.832-1.536 0-0.832-0.704 0-1.536z\"><\/path>\n<\/svg><span class='avia_hidden_link_text'>Next<\/span><\/a><\/div><div class='avia-slideshow-dots avia-slideshow-controls'><a href='#1' class='goto-slide active' >1<\/a><a href='#2' class='goto-slide ' >2<\/a><\/div><\/div><\/div>\n\n<style type=\"text\/css\" data-created_by=\"avia_inline_auto\" id=\"style-css-av-k41tibc7-24852eed5bbb564d5f080aab7f24e8fb\">\n#top .flex_column.av-k41tibc7-24852eed5bbb564d5f080aab7f24e8fb{\nmargin-top:0px;\nmargin-bottom:50px;\n}\n.flex_column.av-k41tibc7-24852eed5bbb564d5f080aab7f24e8fb{\nborder-radius:0px 0px 0px 0px;\npadding:0px 0px 0px 0px;\n}\n.responsive #top #wrap_all .flex_column.av-k41tibc7-24852eed5bbb564d5f080aab7f24e8fb{\nmargin-top:0px;\nmargin-bottom:50px;\n}\n<\/style>\n<div  class='flex_column av-k41tibc7-24852eed5bbb564d5f080aab7f24e8fb av_one_full  avia-builder-el-3  el_after_av_one_full  el_before_av_one_third  box-gray first flex_column_div av-animated-generic fade-in av-zero-column-padding  column-top-margin'     ><section  class='av_textblock_section av-k41tfv25-8f797c2ceb2f3cddc332ffa70100533f '   itemscope=\"itemscope\" itemtype=\"https:\/\/schema.org\/CreativeWork\" ><div class='avia_textblock'  itemprop=\"text\" ><h1>Wood<\/h1>\n<ul>\n<li>Plywood<\/li>\n<li>Laminate<\/li>\n<li>Lined of moldings<\/li>\n<li>Assembly<\/li>\n<li>3D<\/li>\n<\/ul>\n<p>Water based adhesives:<\/p>\n<p>Water-based adhesive, solution-based and solvent-free <strong>PUR<\/strong>.<\/p>\n<p><img loading=\"lazy\" decoding=\"async\" class=\"avia_image inner-image\" title=\"bureau veritas paniker\" src=\"\/wp-content\/uploads\/2019\/12\/bureau-veritas-paniker.jpg\" alt=\"bureau veritas paniker\" width=\"185\" height=\"106\" \/><\/p>\n<\/div><\/section><\/div>\n<div class='flex_column_table av-k3z0e93g-816b70584cc6d4c854265118b0687d55 sc-av_one_third av-equal-height-column-flextable'>\n<style type=\"text\/css\" data-created_by=\"avia_inline_auto\" id=\"style-css-av-k3z0e93g-816b70584cc6d4c854265118b0687d55\">\n.flex_column.av-k3z0e93g-816b70584cc6d4c854265118b0687d55{\nborder-radius:0px 0px 0px 0px;\npadding:0px 0px 0px 0px;\n}\n<\/style>\n<div  class='flex_column av-k3z0e93g-816b70584cc6d4c854265118b0687d55 av_one_third  avia-builder-el-5  el_after_av_one_full  el_before_av_one_third  box-blue first no_margin flex_column_table_cell av-equal-height-column av-align-top av-zero-column-padding  column-top-margin'     ><section  class='av_textblock_section av-k3z0gbqk-c664d41b30fb27305d2fec9121f5eebc '   itemscope=\"itemscope\" itemtype=\"https:\/\/schema.org\/CreativeWork\" ><div class='avia_textblock'  itemprop=\"text\" ><h2>Paper<\/h2>\n<p>We manufacture a wide range of water base adhesives for different markets as a Tissue, packaging, labelling and paper manipulation.<\/p>\n<p><a class=\"button-link\" href=\"\/en\/markets\/paper\/\"><label>More infornation<\/label><\/a><\/p>\n<\/div><\/section><\/div>\n\n<style type=\"text\/css\" data-created_by=\"avia_inline_auto\" id=\"style-css-av-k3z0e93g-0c11350a8be569b3c9d5cd313f88172a\">\n.flex_column.av-k3z0e93g-0c11350a8be569b3c9d5cd313f88172a{\nborder-radius:0px 0px 0px 0px;\npadding:0px 0px 0px 0px;\n}\n<\/style>\n<div  class='flex_column av-k3z0e93g-0c11350a8be569b3c9d5cd313f88172a av_one_third  avia-builder-el-7  el_after_av_one_third  el_before_av_one_third  box-red no_margin flex_column_table_cell av-equal-height-column av-align-top av-zero-column-padding  column-top-margin'     ><section  class='av_textblock_section av-k3z0gbqk-c664d41b30fb27305d2fec9121f5eebc '   itemscope=\"itemscope\" itemtype=\"https:\/\/schema.org\/CreativeWork\" ><div class='avia_textblock'  itemprop=\"text\" ><h2>Hotmelt<\/h2>\n<p>These hot melt adhesives are mixtures of waxes, resins, and other components for a wide variety of applications as, packaging, labelling, wodworking, product assambly, converting, bookbinding.<\/p>\n<p><a class=\"button-link\" href=\"\/en\/markets\/hotmelt\"><label>More infornation<\/label><\/a><\/p>\n<\/div><\/section><\/div>\n\n<style type=\"text\/css\" data-created_by=\"avia_inline_auto\" id=\"style-css-av-k3z0e93g-a2bc8422998af0bb43f868f047c850bb\">\n.flex_column.av-k3z0e93g-a2bc8422998af0bb43f868f047c850bb{\nborder-radius:0px 0px 0px 0px;\npadding:0px 0px 0px 0px;\n}\n<\/style>\n<div  class='flex_column av-k3z0e93g-a2bc8422998af0bb43f868f047c850bb av_one_third  avia-builder-el-9  el_after_av_one_third  el_before_av_one_third  box-blue no_margin flex_column_table_cell av-equal-height-column av-align-top av-zero-column-padding  column-top-margin'     ><section  class='av_textblock_section av-k3z0gbqk-c664d41b30fb27305d2fec9121f5eebc '   itemscope=\"itemscope\" itemtype=\"https:\/\/schema.org\/CreativeWork\" ><div class='avia_textblock'  itemprop=\"text\" ><h2>Insulation<\/h2>\n<p>We develop a wide range of solvent and polyurethane adhesives with a high Temperature and chemical resistance and with a perfect adhesion to porous surfaces.<br \/>\n<a class=\"button-link\" href=\"\/en\/markets\/insulation\"><label>More information<\/label><\/a><\/p>\n<\/div><\/section><\/div><\/div><!--close column table wrapper. Autoclose: 1 -->\n<div class='flex_column_table av-k3z0e93g-bc490a7a031a92547f00193c3bbac426 sc-av_one_third av-equal-height-column-flextable'>\n<style type=\"text\/css\" data-created_by=\"avia_inline_auto\" id=\"style-css-av-k3z0e93g-bc490a7a031a92547f00193c3bbac426\">\n.flex_column.av-k3z0e93g-bc490a7a031a92547f00193c3bbac426{\nborder-radius:0px 0px 0px 0px;\npadding:0px 0px 0px 0px;\n}\n<\/style>\n<div  class='flex_column av-k3z0e93g-bc490a7a031a92547f00193c3bbac426 av_one_third  avia-builder-el-11  el_after_av_one_third  el_before_av_one_third  box-red first no_margin flex_column_table_cell av-equal-height-column av-align-top av-zero-column-padding  column-top-margin'     ><section  class='av_textblock_section av-k3z0gbqk-c664d41b30fb27305d2fec9121f5eebc '   itemscope=\"itemscope\" itemtype=\"https:\/\/schema.org\/CreativeWork\" ><div class='avia_textblock'  itemprop=\"text\" ><h2>Shoe Industry<\/h2>\n<p>We manufacture a wide range of solvent and water base adhesives for all the applications in the Footwear Industry.<\/p>\n<p><a class=\"button-link\" href=\"\/en\/markets\/footwear\/\"><label>More information<\/label><\/a><\/p>\n<\/div><\/section><\/div>\n\n<style type=\"text\/css\" data-created_by=\"avia_inline_auto\" id=\"style-css-av-k3z0e93g-a2bc8422998af0bb43f868f047c850bb\">\n.flex_column.av-k3z0e93g-a2bc8422998af0bb43f868f047c850bb{\nborder-radius:0px 0px 0px 0px;\npadding:0px 0px 0px 0px;\n}\n<\/style>\n<div  class='flex_column av-k3z0e93g-a2bc8422998af0bb43f868f047c850bb av_one_third  avia-builder-el-13  el_after_av_one_third  el_before_av_one_third  box-blue no_margin flex_column_table_cell av-equal-height-column av-align-top av-zero-column-padding  column-top-margin'     ><section  class='av_textblock_section av-k3z0gbqk-c664d41b30fb27305d2fec9121f5eebc '   itemscope=\"itemscope\" itemtype=\"https:\/\/schema.org\/CreativeWork\" ><div class='avia_textblock'  itemprop=\"text\" ><h2>Wood<\/h2>\n<p>We have a wide range of solvent, water base and hotmelt adhesives for the Woodworking market<\/p>\n<p><a class=\"button-link\" href=\"\/en\/markest\/wood\/\"><label>More information<\/label><\/a><\/p>\n<\/div><\/section><\/div>\n\n<style type=\"text\/css\" data-created_by=\"avia_inline_auto\" id=\"style-css-av-k3z0e93g-0c11350a8be569b3c9d5cd313f88172a\">\n.flex_column.av-k3z0e93g-0c11350a8be569b3c9d5cd313f88172a{\nborder-radius:0px 0px 0px 0px;\npadding:0px 0px 0px 0px;\n}\n<\/style>\n<div  class='flex_column av-k3z0e93g-0c11350a8be569b3c9d5cd313f88172a av_one_third  avia-builder-el-15  el_after_av_one_third  avia-builder-el-last  box-red no_margin flex_column_table_cell av-equal-height-column av-align-top av-zero-column-padding  column-top-margin'     ><section  class='av_textblock_section av-k3z0gbqk-c664d41b30fb27305d2fec9121f5eebc '   itemscope=\"itemscope\" itemtype=\"https:\/\/schema.org\/CreativeWork\" ><div class='avia_textblock'  itemprop=\"text\" ><h2>Textile &#8211; Foams<\/h2>\n<p>We have an excellent range of Polyurethanes, solvent-based and Hotmelt Reactive (HMPUR) adhesives for laminating and foaming textiles. We have a complete range of single-component and two-component water-based adhesives for bonding foams, not harmful or flammable<\/p>\n<p><a class=\"button-link\" href=\"\/en\/markets\/textile-foams\"><label>More information<\/label><\/a><\/p>\n<\/div><\/section><\/div><\/div><!--close column table wrapper. Autoclose: 1 -->\n","protected":false},"excerpt":{"rendered":"","protected":false},"author":3,"featured_media":0,"parent":774,"menu_order":0,"comment_status":"closed","ping_status":"closed","template":"","meta":{"footnotes":""},"class_list":["post-782","page","type-page","status-publish","hentry"],"yoast_head":"<!-- This site is optimized with the Yoast SEO plugin v27.3 - https:\/\/yoast.com\/product\/yoast-seo-wordpress\/ -->\n<title>Wood - Paniker<\/title>\n<meta name=\"robots\" content=\"index, follow, max-snippet:-1, max-image-preview:large, max-video-preview:-1\" \/>\n<link rel=\"canonical\" href=\"https:\/\/www.paniker.com\/en\/markets\/wood\/\" \/>\n<meta property=\"og:locale\" content=\"en_US\" \/>\n<meta property=\"og:type\" content=\"article\" \/>\n<meta property=\"og:title\" content=\"Wood - Paniker\" \/>\n<meta property=\"og:url\" content=\"https:\/\/www.paniker.com\/en\/markets\/wood\/\" \/>\n<meta property=\"og:site_name\" content=\"Paniker\" \/>\n<meta property=\"article:modified_time\" content=\"2020-07-02T08:27:40+00:00\" \/>\n<meta property=\"og:image\" content=\"https:\/\/www.paniker.com\/wp-content\/uploads\/2019\/12\/bureau-veritas-paniker.jpg\" \/>\n<meta name=\"twitter:card\" content=\"summary_large_image\" \/>\n<meta name=\"twitter:label1\" content=\"Est. reading time\" \/>\n\t<meta name=\"twitter:data1\" content=\"9 minutes\" \/>\n<script type=\"application\/ld+json\" class=\"yoast-schema-graph\">{\"@context\":\"https:\\\/\\\/schema.org\",\"@graph\":[{\"@type\":\"WebPage\",\"@id\":\"https:\\\/\\\/www.paniker.com\\\/en\\\/markets\\\/wood\\\/\",\"url\":\"https:\\\/\\\/www.paniker.com\\\/en\\\/markets\\\/wood\\\/\",\"name\":\"Wood - Paniker\",\"isPartOf\":{\"@id\":\"https:\\\/\\\/www.paniker.com\\\/#website\"},\"datePublished\":\"2019-12-24T09:56:48+00:00\",\"dateModified\":\"2020-07-02T08:27:40+00:00\",\"breadcrumb\":{\"@id\":\"https:\\\/\\\/www.paniker.com\\\/en\\\/markets\\\/wood\\\/#breadcrumb\"},\"inLanguage\":\"en-US\",\"potentialAction\":[{\"@type\":\"ReadAction\",\"target\":[\"https:\\\/\\\/www.paniker.com\\\/en\\\/markets\\\/wood\\\/\"]}]},{\"@type\":\"BreadcrumbList\",\"@id\":\"https:\\\/\\\/www.paniker.com\\\/en\\\/markets\\\/wood\\\/#breadcrumb\",\"itemListElement\":[{\"@type\":\"ListItem\",\"position\":1,\"name\":\"Inici\",\"item\":\"https:\\\/\\\/www.paniker.com\\\/en\\\/home\\\/\"},{\"@type\":\"ListItem\",\"position\":2,\"name\":\"Markets\",\"item\":\"https:\\\/\\\/www.paniker.com\\\/en\\\/markets\\\/\"},{\"@type\":\"ListItem\",\"position\":3,\"name\":\"Wood\"}]},{\"@type\":\"WebSite\",\"@id\":\"https:\\\/\\\/www.paniker.com\\\/#website\",\"url\":\"https:\\\/\\\/www.paniker.com\\\/\",\"name\":\"Paniker\",\"description\":\"L\u00edderes en adhesivos l\u00edquidos y s\u00f3lidos\",\"potentialAction\":[{\"@type\":\"SearchAction\",\"target\":{\"@type\":\"EntryPoint\",\"urlTemplate\":\"https:\\\/\\\/www.paniker.com\\\/?s={search_term_string}\"},\"query-input\":{\"@type\":\"PropertyValueSpecification\",\"valueRequired\":true,\"valueName\":\"search_term_string\"}}],\"inLanguage\":\"en-US\"}]}<\/script>\n<!-- \/ Yoast SEO plugin. -->","yoast_head_json":{"title":"Wood - Paniker","robots":{"index":"index","follow":"follow","max-snippet":"max-snippet:-1","max-image-preview":"max-image-preview:large","max-video-preview":"max-video-preview:-1"},"canonical":"https:\/\/www.paniker.com\/en\/markets\/wood\/","og_locale":"en_US","og_type":"article","og_title":"Wood - Paniker","og_url":"https:\/\/www.paniker.com\/en\/markets\/wood\/","og_site_name":"Paniker","article_modified_time":"2020-07-02T08:27:40+00:00","og_image":[{"url":"https:\/\/www.paniker.com\/wp-content\/uploads\/2019\/12\/bureau-veritas-paniker.jpg","type":"","width":"","height":""}],"twitter_card":"summary_large_image","twitter_misc":{"Est. reading time":"9 minutes"},"schema":{"@context":"https:\/\/schema.org","@graph":[{"@type":"WebPage","@id":"https:\/\/www.paniker.com\/en\/markets\/wood\/","url":"https:\/\/www.paniker.com\/en\/markets\/wood\/","name":"Wood - Paniker","isPartOf":{"@id":"https:\/\/www.paniker.com\/#website"},"datePublished":"2019-12-24T09:56:48+00:00","dateModified":"2020-07-02T08:27:40+00:00","breadcrumb":{"@id":"https:\/\/www.paniker.com\/en\/markets\/wood\/#breadcrumb"},"inLanguage":"en-US","potentialAction":[{"@type":"ReadAction","target":["https:\/\/www.paniker.com\/en\/markets\/wood\/"]}]},{"@type":"BreadcrumbList","@id":"https:\/\/www.paniker.com\/en\/markets\/wood\/#breadcrumb","itemListElement":[{"@type":"ListItem","position":1,"name":"Inici","item":"https:\/\/www.paniker.com\/en\/home\/"},{"@type":"ListItem","position":2,"name":"Markets","item":"https:\/\/www.paniker.com\/en\/markets\/"},{"@type":"ListItem","position":3,"name":"Wood"}]},{"@type":"WebSite","@id":"https:\/\/www.paniker.com\/#website","url":"https:\/\/www.paniker.com\/","name":"Paniker","description":"L\u00edderes en adhesivos l\u00edquidos y s\u00f3lidos","potentialAction":[{"@type":"SearchAction","target":{"@type":"EntryPoint","urlTemplate":"https:\/\/www.paniker.com\/?s={search_term_string}"},"query-input":{"@type":"PropertyValueSpecification","valueRequired":true,"valueName":"search_term_string"}}],"inLanguage":"en-US"}]}},"_links":{"self":[{"href":"https:\/\/www.paniker.com\/en\/wp-json\/wp\/v2\/pages\/782","targetHints":{"allow":["GET"]}}],"collection":[{"href":"https:\/\/www.paniker.com\/en\/wp-json\/wp\/v2\/pages"}],"about":[{"href":"https:\/\/www.paniker.com\/en\/wp-json\/wp\/v2\/types\/page"}],"author":[{"embeddable":true,"href":"https:\/\/www.paniker.com\/en\/wp-json\/wp\/v2\/users\/3"}],"replies":[{"embeddable":true,"href":"https:\/\/www.paniker.com\/en\/wp-json\/wp\/v2\/comments?post=782"}],"version-history":[{"count":8,"href":"https:\/\/www.paniker.com\/en\/wp-json\/wp\/v2\/pages\/782\/revisions"}],"predecessor-version":[{"id":1906,"href":"https:\/\/www.paniker.com\/en\/wp-json\/wp\/v2\/pages\/782\/revisions\/1906"}],"up":[{"embeddable":true,"href":"https:\/\/www.paniker.com\/en\/wp-json\/wp\/v2\/pages\/774"}],"wp:attachment":[{"href":"https:\/\/www.paniker.com\/en\/wp-json\/wp\/v2\/media?parent=782"}],"curies":[{"name":"wp","href":"https:\/\/api.w.org\/{rel}","templated":true}]}}