{"id":2560,"date":"2021-03-18T16:09:23","date_gmt":"2021-03-18T16:09:23","guid":{"rendered":"https:\/\/www.paniker.com\/?page_id=2560"},"modified":"2025-12-01T07:42:05","modified_gmt":"2025-12-01T07:42:05","slug":"qualite","status":"publish","type":"page","link":"https:\/\/www.paniker.com\/fr\/societe\/qualite\/","title":{"rendered":"Qualit\u00e9"},"content":{"rendered":"\n<style type=\"text\/css\" data-created_by=\"avia_inline_auto\" id=\"style-css-av-tcya-15e7e54258378eb23c9043aae2615950\">\n.flex_column.av-tcya-15e7e54258378eb23c9043aae2615950{\nborder-radius:0px 0px 0px 0px;\npadding:0px 0px 0px 0px;\n}\n<\/style>\n<div  class='flex_column av-tcya-15e7e54258378eb23c9043aae2615950 av_one_full  avia-builder-el-0  el_before_av_one_full  avia-builder-el-first  first flex_column_div av-zero-column-padding  '     ><p><section  class='av_textblock_section av-k53ufneb-34ce1cf4cbafbd5d1491f3716bb2df93 '   itemscope=\"itemscope\" itemtype=\"https:\/\/schema.org\/CreativeWork\" ><div class='av-small-hide av-mini-hide avia_textblock'  itemprop=\"text\" ><p>[layerslider id=\u00a0\u00bb24&Prime;]<\/p>\n<\/div><\/section><br \/>\n<section  class='av_textblock_section av-kmeu10b3-0f1374fc37c25aef0e011c941163833a '   itemscope=\"itemscope\" itemtype=\"https:\/\/schema.org\/CreativeWork\" ><div class='av-desktop-hide av-medium-hide avia_textblock'  itemprop=\"text\" ><p>[layerslider id=\u00a0\u00bb27&Prime;]<\/p>\n<\/div><\/section><br \/>\n\n<style type=\"text\/css\" data-created_by=\"avia_inline_auto\" id=\"style-css-av-k54f526c-dbe3cb8b0bc9dbb2c58f2adafe431c61\">\n#top .hr.hr-invisible.av-k54f526c-dbe3cb8b0bc9dbb2c58f2adafe431c61{\nheight:50px;\n}\n<\/style>\n<div  class='hr av-k54f526c-dbe3cb8b0bc9dbb2c58f2adafe431c61 hr-invisible  avia-builder-el-3  el_after_av_textblock  avia-builder-el-last '><span class='hr-inner '><span class=\"hr-inner-style\"><\/span><\/span><\/div><\/p><\/div>\n\n<style type=\"text\/css\" data-created_by=\"avia_inline_auto\" id=\"style-css-av-cszk46-19f874603945f29c62afddada9dcde0b\">\n#top .flex_column.av-cszk46-19f874603945f29c62afddada9dcde0b{\nmargin-top:0px;\nmargin-bottom:50px;\n}\n.flex_column.av-cszk46-19f874603945f29c62afddada9dcde0b{\nborder-radius:0px 0px 0px 0px;\npadding:0px 0px 0px 0px;\n}\n.responsive #top #wrap_all .flex_column.av-cszk46-19f874603945f29c62afddada9dcde0b{\nmargin-top:0px;\nmargin-bottom:50px;\n}\n<\/style>\n<div  class='flex_column av-cszk46-19f874603945f29c62afddada9dcde0b av_one_full  avia-builder-el-4  el_after_av_one_full  el_before_av_one_third  box-gray calidad first flex_column_div av-animated-generic fade-in av-zero-column-padding  column-top-margin'     ><section  class='av_textblock_section av-kmcjjjcg-b24451f7c2434f9eada4a717c4d853a0 '   itemscope=\"itemscope\" itemtype=\"https:\/\/schema.org\/CreativeWork\" ><div class='avia_textblock'  itemprop=\"text\" ><h1>Qualit\u00e9<\/h1>\n<p>Chez PANIKER, en tant que fabricants d&rsquo;adh\u00e9sifs experts et conform\u00e9ment \u00e0 notre politique de qualit\u00e9, nous souhaitons garantir la qualit\u00e9 de nos produits.<\/p>\n<p>Pour cette raison, nous sommes certifi\u00e9s ISO 9001: 2015, conform\u00e9ment aux exigences de d\u00e9veloppement, fabrication et commercialisation d&rsquo;adh\u00e9sifs et de colles.<\/p>\n<p>Nos adh\u00e9sifs hotmelt disposent de plusieurs certifications qui garantissent le respect d\u2019une Politique Qualit\u00e9 visant la satisfaction du client, la s\u00e9curit\u00e9 des emballages alimentaires et le respect de l\u2019environnement.<\/p>\n<p><strong>T\u00e9l\u00e9charger les certificats<\/strong><\/p>\n<p><a href=\"\/wp-content\/uploads\/2024\/03\/PANIKER-ALL.zip\" target=\"_blank\" rel=\"noopener\">T\u00e9l\u00e9charger tous<\/a><br \/>\n<a href=\"\/wp-content\/uploads\/2021\/03\/PANIKER_Certificado-ISO9001_EN_ES.pdf\" target=\"_blank\" rel=\"noopener\">ISO 9001 Paniker<\/a><br \/>\n<a href=\"https:\/\/www.paniker.com\/wp-content\/uploads\/2024\/11\/ISO_9001_paniker_certificate_2024-2027.pdf\" target=\"_blank\" rel=\"noopener\">ISO 9001 Hotmelts<\/a><br \/>\n<a href=\"https:\/\/www.paniker.com\/wp-content\/uploads\/2023\/06\/ISO-14001-certificate-BEARDOW-ADAMS-EN-2023-2026.pdf\" target=\"_blank\" rel=\"noopener\">ISO 14001 Hotmelts<\/a><br \/>\n<a href=\"\/wp-content\/uploads\/2024\/03\/BRCGS-Certificate-2024.pdf\" target=\"_blank\" rel=\"noopener\">BRCGS Hotmelts<\/a><br \/>\n<a href=\"https:\/\/www.paniker.com\/wp-content\/uploads\/2024\/06\/PANIKER_-Quality-Policy-ISO-EN.pdf\" target=\"_blank\" rel=\"noopener\">Politique de qualit\u00e9<\/a><br \/>\n<a href=\"https:\/\/www.paniker.com\/wp-content\/uploads\/2025\/12\/PANIKER-POLITICA-DE-CALIDAD-MEDIO-AMBIENTE-01-06-25.pdf\" target=\"_blank\" rel=\"noopener\">Politique de qualit\u00e9 &#8211; Environnment Paniker<\/a><br \/>\n<a href=\"https:\/\/www.paniker.com\/wp-content\/uploads\/2025\/12\/PANIKER-REQUISITOS-MEDIOAMBIENTALES-A-PROVEEDORES-Y-SUBCONTRATISTAS-01-06-25.pdf\" target=\"_blank\" rel=\"noopener\">Exigences environnementales pour les fournisseurs et les sous-traitants<\/a><\/p>\n<\/div><\/section><\/div><div class='flex_column_table av-dltssg-d01def49a13b03ac3fc98852e4bbb7e2 sc-av_one_third av-equal-height-column-flextable'>\n<style type=\"text\/css\" data-created_by=\"avia_inline_auto\" id=\"style-css-av-dltssg-d01def49a13b03ac3fc98852e4bbb7e2\">\n.flex_column.av-dltssg-d01def49a13b03ac3fc98852e4bbb7e2{\nborder-radius:0px 0px 0px 0px;\npadding:0px 0px 0px 0px;\n}\n<\/style>\n<div  class='flex_column av-dltssg-d01def49a13b03ac3fc98852e4bbb7e2 av_one_third  avia-builder-el-6  el_after_av_one_full  el_before_av_one_third  box-blue first no_margin flex_column_table_cell av-equal-height-column av-align-top av-zero-column-padding  column-top-margin'     ><section  class='av_textblock_section av-8iksi8-5ca3e8946d81f03e039d736344ba0c8e '   itemscope=\"itemscope\" itemtype=\"https:\/\/schema.org\/CreativeWork\" ><div class='avia_textblock'  itemprop=\"text\" ><h2>Histoire<\/h2>\n<p>Fond\u00e9e en 1922, Paniker est l&rsquo;une des plus anciennes industries du secteur des adh\u00e9sifs en Espagne. Dominant l&rsquo;industrie de la chaussure, Paniker s&rsquo;est d\u00e9velopp\u00e9e pour \u00eatre pr\u00e9sente sur un large \u00e9ventail de march\u00e9s exigeants comme la manipulation du papier, r\u00e9cipient et emballages, packaging, \u00e9tiquetage, arts graphiques, bois, chaussures et automobile.<\/p>\n<p><a class=\"button-link\" href=\"https:\/\/www.paniker.com\/fr\/societe\/histoire\/\"><label>Plus d&rsquo;information<\/label><\/a><\/p>\n<\/div><\/section><\/div><\/p>\n\n<style type=\"text\/css\" data-created_by=\"avia_inline_auto\" id=\"style-css-av-3yudfk-c8b12665a3099779ed56f54ff0fcb634\">\n.flex_column.av-3yudfk-c8b12665a3099779ed56f54ff0fcb634{\nborder-radius:0px 0px 0px 0px;\npadding:0px 0px 0px 0px;\n}\n<\/style>\n<div  class='flex_column av-3yudfk-c8b12665a3099779ed56f54ff0fcb634 av_one_third  avia-builder-el-8  el_after_av_one_third  el_before_av_one_third  box-red no_margin flex_column_table_cell av-equal-height-column av-align-top av-zero-column-padding  column-top-margin'     ><section  class='av_textblock_section av-5u452o-57c480b2336ef5973e74f23ae5fe0d5b '   itemscope=\"itemscope\" itemtype=\"https:\/\/schema.org\/CreativeWork\" ><div class='avia_textblock'  itemprop=\"text\" ><h2>I+D+I | Environnement<\/h2>\n<p>Fid\u00e8le \u00e0 l&rsquo;un de nos piliers, chez Paniker, nous disposons d&rsquo;un des laboratoires les plus complets de l&rsquo;industrie de l&rsquo;adh\u00e9sif qui, accompagn\u00e9 d&rsquo;un personnel hautement qualifi\u00e9, nous permet d&rsquo;offrir \u00e0 nos clients un service exclusif de recherche et de conseil technique, capable de garantir \u00e0 tout moment que nos produits r\u00e9pondent aux attentes des clients et satisfont leurs besoins.<\/p>\n<p><a class=\"button-link\" href=\"https:\/\/www.paniker.com\/fr\/societe\/rdi-environnement\/\"><label>Plus d&rsquo;information<\/label><\/a><\/p>\n<\/div><\/section><\/div>\n\n<style type=\"text\/css\" data-created_by=\"avia_inline_auto\" id=\"style-css-av-7po734-e1e2c3596587c30259c443c456d39e20\">\n.flex_column.av-7po734-e1e2c3596587c30259c443c456d39e20{\nborder-radius:0px 0px 0px 0px;\npadding:0px 0px 0px 0px;\n}\n<\/style>\n<div  class='flex_column av-7po734-e1e2c3596587c30259c443c456d39e20 av_one_third  avia-builder-el-10  el_after_av_one_third  avia-builder-el-last  box-blue no_margin flex_column_table_cell av-equal-height-column av-align-top av-zero-column-padding  column-top-margin'     ><section  class='av_textblock_section av-1w6egg-6242b6f45aabda71f7a462c5699358d3 '   itemscope=\"itemscope\" itemtype=\"https:\/\/schema.org\/CreativeWork\" ><div class='avia_textblock'  itemprop=\"text\" ><h2>Bienvenue a Paniker<\/h2>\n<p>Notre usine, situ\u00e9e \u00e0 Sant Boi de Llobregat \u00e0 Barcelone, dispose de 12 000 m2 dans lesquels nous fabriquons des adh\u00e9sifs liquides base d&rsquo;eau, base solvants, adh\u00e9sifs de Polyur\u00e9thane et adh\u00e9sifs <span class=\"nowrap\">Bi-composants<\/span>. Paniker est actuellement la plus grande usine d&rsquo;adh\u00e9sifs liquides en Espagne avec 27 lignes de production et une capacit\u00e9 de 44000 tonnes par an.<\/p>\n<p><a class=\"button-link\" href=\"https:\/\/www.paniker.com\/fr\/societe\/paniker\/\"><label>Plus d&rsquo;information<\/label><\/a><\/p>\n<\/div><\/section><\/div><\/div><!--close column table wrapper. Autoclose: 1 -->\n","protected":false},"excerpt":{"rendered":"","protected":false},"author":3,"featured_media":0,"parent":764,"menu_order":0,"comment_status":"closed","ping_status":"closed","template":"","meta":{"footnotes":""},"class_list":["post-2560","page","type-page","status-publish","hentry"],"yoast_head":"<!-- This site is optimized with the Yoast SEO plugin v27.5 - https:\/\/yoast.com\/product\/yoast-seo-wordpress\/ -->\n<title>Qualit\u00e9 - Paniker<\/title>\n<meta name=\"robots\" content=\"index, follow, max-snippet:-1, max-image-preview:large, max-video-preview:-1\" \/>\n<link rel=\"canonical\" href=\"https:\/\/www.paniker.com\/fr\/societe\/qualite\/\" \/>\n<meta property=\"og:locale\" content=\"fr_FR\" \/>\n<meta property=\"og:type\" content=\"article\" \/>\n<meta property=\"og:title\" content=\"Qualit\u00e9 - Paniker\" \/>\n<meta property=\"og:url\" content=\"https:\/\/www.paniker.com\/fr\/societe\/qualite\/\" \/>\n<meta property=\"og:site_name\" content=\"Paniker\" \/>\n<meta property=\"article:modified_time\" content=\"2025-12-01T07:42:05+00:00\" \/>\n<meta name=\"twitter:card\" content=\"summary_large_image\" \/>\n<meta name=\"twitter:label1\" content=\"Dur\u00e9e de lecture estim\u00e9e\" \/>\n\t<meta name=\"twitter:data1\" content=\"4 minutes\" \/>\n<script type=\"application\/ld+json\" class=\"yoast-schema-graph\">{\"@context\":\"https:\\\/\\\/schema.org\",\"@graph\":[{\"@type\":\"WebPage\",\"@id\":\"https:\\\/\\\/www.paniker.com\\\/fr\\\/societe\\\/qualite\\\/\",\"url\":\"https:\\\/\\\/www.paniker.com\\\/fr\\\/societe\\\/qualite\\\/\",\"name\":\"Qualit\u00e9 - Paniker\",\"isPartOf\":{\"@id\":\"https:\\\/\\\/www.paniker.com\\\/#website\"},\"datePublished\":\"2021-03-18T16:09:23+00:00\",\"dateModified\":\"2025-12-01T07:42:05+00:00\",\"breadcrumb\":{\"@id\":\"https:\\\/\\\/www.paniker.com\\\/fr\\\/societe\\\/qualite\\\/#breadcrumb\"},\"inLanguage\":\"fr-FR\",\"potentialAction\":[{\"@type\":\"ReadAction\",\"target\":[\"https:\\\/\\\/www.paniker.com\\\/fr\\\/societe\\\/qualite\\\/\"]}]},{\"@type\":\"BreadcrumbList\",\"@id\":\"https:\\\/\\\/www.paniker.com\\\/fr\\\/societe\\\/qualite\\\/#breadcrumb\",\"itemListElement\":[{\"@type\":\"ListItem\",\"position\":1,\"name\":\"Inici\",\"item\":\"https:\\\/\\\/www.paniker.com\\\/fr\\\/acceuil\\\/\"},{\"@type\":\"ListItem\",\"position\":2,\"name\":\"Soci\u00e9t\u00e9\",\"item\":\"https:\\\/\\\/www.paniker.com\\\/fr\\\/societe\\\/\"},{\"@type\":\"ListItem\",\"position\":3,\"name\":\"Qualit\u00e9\"}]},{\"@type\":\"WebSite\",\"@id\":\"https:\\\/\\\/www.paniker.com\\\/#website\",\"url\":\"https:\\\/\\\/www.paniker.com\\\/\",\"name\":\"Paniker\",\"description\":\"L\u00edderes en adhesivos l\u00edquidos y s\u00f3lidos\",\"potentialAction\":[{\"@type\":\"SearchAction\",\"target\":{\"@type\":\"EntryPoint\",\"urlTemplate\":\"https:\\\/\\\/www.paniker.com\\\/?s={search_term_string}\"},\"query-input\":{\"@type\":\"PropertyValueSpecification\",\"valueRequired\":true,\"valueName\":\"search_term_string\"}}],\"inLanguage\":\"fr-FR\"}]}<\/script>\n<!-- \/ Yoast SEO plugin. -->","yoast_head_json":{"title":"Qualit\u00e9 - Paniker","robots":{"index":"index","follow":"follow","max-snippet":"max-snippet:-1","max-image-preview":"max-image-preview:large","max-video-preview":"max-video-preview:-1"},"canonical":"https:\/\/www.paniker.com\/fr\/societe\/qualite\/","og_locale":"fr_FR","og_type":"article","og_title":"Qualit\u00e9 - Paniker","og_url":"https:\/\/www.paniker.com\/fr\/societe\/qualite\/","og_site_name":"Paniker","article_modified_time":"2025-12-01T07:42:05+00:00","twitter_card":"summary_large_image","twitter_misc":{"Dur\u00e9e de lecture estim\u00e9e":"4 minutes"},"schema":{"@context":"https:\/\/schema.org","@graph":[{"@type":"WebPage","@id":"https:\/\/www.paniker.com\/fr\/societe\/qualite\/","url":"https:\/\/www.paniker.com\/fr\/societe\/qualite\/","name":"Qualit\u00e9 - Paniker","isPartOf":{"@id":"https:\/\/www.paniker.com\/#website"},"datePublished":"2021-03-18T16:09:23+00:00","dateModified":"2025-12-01T07:42:05+00:00","breadcrumb":{"@id":"https:\/\/www.paniker.com\/fr\/societe\/qualite\/#breadcrumb"},"inLanguage":"fr-FR","potentialAction":[{"@type":"ReadAction","target":["https:\/\/www.paniker.com\/fr\/societe\/qualite\/"]}]},{"@type":"BreadcrumbList","@id":"https:\/\/www.paniker.com\/fr\/societe\/qualite\/#breadcrumb","itemListElement":[{"@type":"ListItem","position":1,"name":"Inici","item":"https:\/\/www.paniker.com\/fr\/acceuil\/"},{"@type":"ListItem","position":2,"name":"Soci\u00e9t\u00e9","item":"https:\/\/www.paniker.com\/fr\/societe\/"},{"@type":"ListItem","position":3,"name":"Qualit\u00e9"}]},{"@type":"WebSite","@id":"https:\/\/www.paniker.com\/#website","url":"https:\/\/www.paniker.com\/","name":"Paniker","description":"L\u00edderes en adhesivos l\u00edquidos y s\u00f3lidos","potentialAction":[{"@type":"SearchAction","target":{"@type":"EntryPoint","urlTemplate":"https:\/\/www.paniker.com\/?s={search_term_string}"},"query-input":{"@type":"PropertyValueSpecification","valueRequired":true,"valueName":"search_term_string"}}],"inLanguage":"fr-FR"}]}},"_links":{"self":[{"href":"https:\/\/www.paniker.com\/fr\/wp-json\/wp\/v2\/pages\/2560","targetHints":{"allow":["GET"]}}],"collection":[{"href":"https:\/\/www.paniker.com\/fr\/wp-json\/wp\/v2\/pages"}],"about":[{"href":"https:\/\/www.paniker.com\/fr\/wp-json\/wp\/v2\/types\/page"}],"author":[{"embeddable":true,"href":"https:\/\/www.paniker.com\/fr\/wp-json\/wp\/v2\/users\/3"}],"replies":[{"embeddable":true,"href":"https:\/\/www.paniker.com\/fr\/wp-json\/wp\/v2\/comments?post=2560"}],"version-history":[{"count":10,"href":"https:\/\/www.paniker.com\/fr\/wp-json\/wp\/v2\/pages\/2560\/revisions"}],"predecessor-version":[{"id":4057,"href":"https:\/\/www.paniker.com\/fr\/wp-json\/wp\/v2\/pages\/2560\/revisions\/4057"}],"up":[{"embeddable":true,"href":"https:\/\/www.paniker.com\/fr\/wp-json\/wp\/v2\/pages\/764"}],"wp:attachment":[{"href":"https:\/\/www.paniker.com\/fr\/wp-json\/wp\/v2\/media?parent=2560"}],"curies":[{"name":"wp","href":"https:\/\/api.w.org\/{rel}","templated":true}]}}