{"id":750,"date":"2016-09-16T10:00:13","date_gmt":"2016-09-16T10:00:13","guid":{"rendered":"http:\/\/paniker.ergatesweb4.ovh\/fr\/inicio\/"},"modified":"2025-01-15T11:29:26","modified_gmt":"2025-01-15T11:29:26","slug":"acceuil","status":"publish","type":"page","link":"https:\/\/www.paniker.com\/fr\/","title":{"rendered":"Acceuil"},"content":{"rendered":"<p>\n<style type=\"text\/css\" data-created_by=\"avia_inline_auto\" id=\"style-css-av-on95y-d2b54cfd5bee927bbeedf36725a98c44\">\n.flex_column.av-on95y-d2b54cfd5bee927bbeedf36725a98c44{\nborder-radius:0px 0px 0px 0px;\npadding:0px 0px 0px 0px;\n}\n<\/style>\n<div  class='flex_column av-on95y-d2b54cfd5bee927bbeedf36725a98c44 av_one_full  avia-builder-el-0  el_before_av_one_third  avia-builder-el-first  first flex_column_div av-zero-column-padding  '     ><p><section  class='av_textblock_section av-nr3ra-5e6627ca1f969e67b634b6e5e9e0d593 '   itemscope=\"itemscope\" itemtype=\"https:\/\/schema.org\/CreativeWork\" ><div class='av-desktop-hide av-medium-hide avia_textblock'  itemprop=\"text\" ><p>[layerslider id=\u00a0\u00bb26&Prime;]<\/p>\n<\/div><\/section><br \/>\n<section  class='av_textblock_section av-egqpy-66858fc7b9b22b75257894ac22770689 '   itemscope=\"itemscope\" itemtype=\"https:\/\/schema.org\/CreativeWork\" ><div class='av-small-hide av-mini-hide avia_textblock'  itemprop=\"text\" ><p>[layerslider id=\u00a0\u00bb29&Prime;]<\/p>\n<\/div><\/section><br \/>\n\n<style type=\"text\/css\" data-created_by=\"avia_inline_auto\" id=\"style-css-av-8ngrq-7d4103f5f413a981f5abe06006d30e9f\">\n#top .hr.hr-invisible.av-8ngrq-7d4103f5f413a981f5abe06006d30e9f{\nheight:50px;\n}\n<\/style>\n<div  class='hr av-8ngrq-7d4103f5f413a981f5abe06006d30e9f hr-invisible  avia-builder-el-3  el_after_av_textblock  avia-builder-el-last '><span class='hr-inner '><span class=\"hr-inner-style\"><\/span><\/span><\/div><\/p><\/div><br \/>\n<div class='flex_column_table av-k3z0e93g-816b70584cc6d4c854265118b0687d55 sc-av_one_third av-equal-height-column-flextable'>\n<style type=\"text\/css\" data-created_by=\"avia_inline_auto\" id=\"style-css-av-k3z0e93g-816b70584cc6d4c854265118b0687d55\">\n.flex_column.av-k3z0e93g-816b70584cc6d4c854265118b0687d55{\nborder-radius:0px 0px 0px 0px;\npadding:0px 0px 0px 0px;\n}\n<\/style>\n<div  class='flex_column av-k3z0e93g-816b70584cc6d4c854265118b0687d55 av_one_third  avia-builder-el-4  el_after_av_one_full  el_before_av_one_third  box-blue first no_margin flex_column_table_cell av-equal-height-column av-align-top av-zero-column-padding  column-top-margin'     ><section  class='av_textblock_section av-k3z0gbqk-af2af94ac404b8ee0d4a01bbc50a6598 '   itemscope=\"itemscope\" itemtype=\"https:\/\/schema.org\/CreativeWork\" ><div class='avia_textblock'  itemprop=\"text\" ><h2>Bienvenue dans l\u2019ing\u00e9nierie des adh\u00e9sifs<\/h2>\n<p>Paniker S.L.U. a \u00e9t\u00e9 fond\u00e9e en 1922. C\u2019est l\u2019une des plus anciennes industries d\u2019Espagne dans le secteur des adh\u00e9sifs.<\/p>\n<p><a class=\"button-link\" href=\"\/fr\/societe\/histoire\/\"><label>Plus d&rsquo;information<\/label><\/a><\/p>\n<\/div><\/section><\/div>\n<style type=\"text\/css\" data-created_by=\"avia_inline_auto\" id=\"style-css-av-k3z0e93g-0c11350a8be569b3c9d5cd313f88172a\">\n.flex_column.av-k3z0e93g-0c11350a8be569b3c9d5cd313f88172a{\nborder-radius:0px 0px 0px 0px;\npadding:0px 0px 0px 0px;\n}\n<\/style>\n<div  class='flex_column av-k3z0e93g-0c11350a8be569b3c9d5cd313f88172a av_one_third  avia-builder-el-6  el_after_av_one_third  el_before_av_one_third  box-red no_margin flex_column_table_cell av-equal-height-column av-align-top av-zero-column-padding  column-top-margin'     ><section  class='av_textblock_section av-k3z0gbqk-c664d41b30fb27305d2fec9121f5eebc '   itemscope=\"itemscope\" itemtype=\"https:\/\/schema.org\/CreativeWork\" ><div class='avia_textblock'  itemprop=\"text\" ><h2>Connaissez nos adh\u00e9sifs<\/h2>\n<p>Aujourd&rsquo;hui Paniker est la plus grande usine d&rsquo;adh\u00e9sifs liquides d&rsquo;Espagne avec 27 lignes de production et une capacit\u00e9 de 44000 tonnes par an.<\/p>\n<p><a class=\"button-link\" href=\"\/fr\/societe\/base-eau\/\"><label>Plus d&rsquo;information<\/label><\/a><\/p>\n<\/div><\/section><\/div><br \/>\n\n<style type=\"text\/css\" data-created_by=\"avia_inline_auto\" id=\"style-css-av-k3z0e93g-a2bc8422998af0bb43f868f047c850bb\">\n.flex_column.av-k3z0e93g-a2bc8422998af0bb43f868f047c850bb{\nborder-radius:0px 0px 0px 0px;\npadding:0px 0px 0px 0px;\n}\n<\/style>\n<div  class='flex_column av-k3z0e93g-a2bc8422998af0bb43f868f047c850bb av_one_third  avia-builder-el-8  el_after_av_one_third  avia-builder-el-last  box-blue no_margin flex_column_table_cell av-equal-height-column av-align-top av-zero-column-padding  column-top-margin'     ><section  class='av_textblock_section av-k3z0gbqk-c664d41b30fb27305d2fec9121f5eebc '   itemscope=\"itemscope\" itemtype=\"https:\/\/schema.org\/CreativeWork\" ><div class='avia_textblock'  itemprop=\"text\" ><h2>March\u00e9s<\/h2>\n<p>Au cours de son histoire, Paniker a d\u00e9velopp\u00e9 une large gamme de produits sur des march\u00e9s exigeants comme, la manutention du papier, l&#8217;emballage, l&rsquo;\u00e9tiquetage, le packaging, les arts graphiques, le bois, les chaussures, le textile, les mousses et l&rsquo;automobile.<\/p>\n<p><a class=\"button-link\" href=\"\/fr\/marches\"><label>Plus d&rsquo;information<\/label><\/a><\/p>\n<\/div><\/section><\/div><\/div><!--close column table wrapper. Autoclose: 1 --><\/p>\n","protected":false},"excerpt":{"rendered":"","protected":false},"author":3,"featured_media":0,"parent":0,"menu_order":0,"comment_status":"closed","ping_status":"closed","template":"","meta":{"footnotes":""},"class_list":["post-750","page","type-page","status-publish","hentry"],"yoast_head":"<!-- This site is optimized with the Yoast SEO plugin v27.3 - https:\/\/yoast.com\/product\/yoast-seo-wordpress\/ -->\n<title>Acceuil - Paniker<\/title>\n<meta name=\"robots\" content=\"index, follow, max-snippet:-1, max-image-preview:large, max-video-preview:-1\" \/>\n<link rel=\"canonical\" href=\"https:\/\/www.paniker.com\/fr\/acceuil\/\" \/>\n<meta property=\"og:locale\" content=\"fr_FR\" \/>\n<meta property=\"og:type\" content=\"article\" \/>\n<meta property=\"og:title\" content=\"Acceuil - Paniker\" \/>\n<meta property=\"og:url\" content=\"https:\/\/www.paniker.com\/fr\/acceuil\/\" \/>\n<meta property=\"og:site_name\" content=\"Paniker\" \/>\n<meta property=\"article:modified_time\" content=\"2025-01-15T11:29:26+00:00\" \/>\n<meta name=\"twitter:card\" content=\"summary_large_image\" \/>\n<meta name=\"twitter:label1\" content=\"Dur\u00e9e de lecture estim\u00e9e\" \/>\n\t<meta name=\"twitter:data1\" content=\"2 minutes\" \/>\n<script type=\"application\/ld+json\" class=\"yoast-schema-graph\">{\"@context\":\"https:\\\/\\\/schema.org\",\"@graph\":[{\"@type\":\"WebPage\",\"@id\":\"https:\\\/\\\/www.paniker.com\\\/fr\\\/acceuil\\\/\",\"url\":\"https:\\\/\\\/www.paniker.com\\\/fr\\\/acceuil\\\/\",\"name\":\"Acceuil - Paniker\",\"isPartOf\":{\"@id\":\"https:\\\/\\\/www.paniker.com\\\/#website\"},\"datePublished\":\"2016-09-16T10:00:13+00:00\",\"dateModified\":\"2025-01-15T11:29:26+00:00\",\"breadcrumb\":{\"@id\":\"https:\\\/\\\/www.paniker.com\\\/fr\\\/acceuil\\\/#breadcrumb\"},\"inLanguage\":\"fr-FR\",\"potentialAction\":[{\"@type\":\"ReadAction\",\"target\":[\"https:\\\/\\\/www.paniker.com\\\/fr\\\/acceuil\\\/\"]}]},{\"@type\":\"BreadcrumbList\",\"@id\":\"https:\\\/\\\/www.paniker.com\\\/fr\\\/acceuil\\\/#breadcrumb\",\"itemListElement\":[{\"@type\":\"ListItem\",\"position\":1,\"name\":\"Inici\",\"item\":\"https:\\\/\\\/www.paniker.com\\\/fr\\\/acceuil\\\/\"},{\"@type\":\"ListItem\",\"position\":2,\"name\":\"Acceuil\"}]},{\"@type\":\"WebSite\",\"@id\":\"https:\\\/\\\/www.paniker.com\\\/#website\",\"url\":\"https:\\\/\\\/www.paniker.com\\\/\",\"name\":\"Paniker\",\"description\":\"L\u00edderes en adhesivos l\u00edquidos y s\u00f3lidos\",\"potentialAction\":[{\"@type\":\"SearchAction\",\"target\":{\"@type\":\"EntryPoint\",\"urlTemplate\":\"https:\\\/\\\/www.paniker.com\\\/?s={search_term_string}\"},\"query-input\":{\"@type\":\"PropertyValueSpecification\",\"valueRequired\":true,\"valueName\":\"search_term_string\"}}],\"inLanguage\":\"fr-FR\"}]}<\/script>\n<!-- \/ Yoast SEO plugin. -->","yoast_head_json":{"title":"Acceuil - Paniker","robots":{"index":"index","follow":"follow","max-snippet":"max-snippet:-1","max-image-preview":"max-image-preview:large","max-video-preview":"max-video-preview:-1"},"canonical":"https:\/\/www.paniker.com\/fr\/acceuil\/","og_locale":"fr_FR","og_type":"article","og_title":"Acceuil - Paniker","og_url":"https:\/\/www.paniker.com\/fr\/acceuil\/","og_site_name":"Paniker","article_modified_time":"2025-01-15T11:29:26+00:00","twitter_card":"summary_large_image","twitter_misc":{"Dur\u00e9e de lecture estim\u00e9e":"2 minutes"},"schema":{"@context":"https:\/\/schema.org","@graph":[{"@type":"WebPage","@id":"https:\/\/www.paniker.com\/fr\/acceuil\/","url":"https:\/\/www.paniker.com\/fr\/acceuil\/","name":"Acceuil - Paniker","isPartOf":{"@id":"https:\/\/www.paniker.com\/#website"},"datePublished":"2016-09-16T10:00:13+00:00","dateModified":"2025-01-15T11:29:26+00:00","breadcrumb":{"@id":"https:\/\/www.paniker.com\/fr\/acceuil\/#breadcrumb"},"inLanguage":"fr-FR","potentialAction":[{"@type":"ReadAction","target":["https:\/\/www.paniker.com\/fr\/acceuil\/"]}]},{"@type":"BreadcrumbList","@id":"https:\/\/www.paniker.com\/fr\/acceuil\/#breadcrumb","itemListElement":[{"@type":"ListItem","position":1,"name":"Inici","item":"https:\/\/www.paniker.com\/fr\/acceuil\/"},{"@type":"ListItem","position":2,"name":"Acceuil"}]},{"@type":"WebSite","@id":"https:\/\/www.paniker.com\/#website","url":"https:\/\/www.paniker.com\/","name":"Paniker","description":"L\u00edderes en adhesivos l\u00edquidos y s\u00f3lidos","potentialAction":[{"@type":"SearchAction","target":{"@type":"EntryPoint","urlTemplate":"https:\/\/www.paniker.com\/?s={search_term_string}"},"query-input":{"@type":"PropertyValueSpecification","valueRequired":true,"valueName":"search_term_string"}}],"inLanguage":"fr-FR"}]}},"_links":{"self":[{"href":"https:\/\/www.paniker.com\/fr\/wp-json\/wp\/v2\/pages\/750","targetHints":{"allow":["GET"]}}],"collection":[{"href":"https:\/\/www.paniker.com\/fr\/wp-json\/wp\/v2\/pages"}],"about":[{"href":"https:\/\/www.paniker.com\/fr\/wp-json\/wp\/v2\/types\/page"}],"author":[{"embeddable":true,"href":"https:\/\/www.paniker.com\/fr\/wp-json\/wp\/v2\/users\/3"}],"replies":[{"embeddable":true,"href":"https:\/\/www.paniker.com\/fr\/wp-json\/wp\/v2\/comments?post=750"}],"version-history":[{"count":10,"href":"https:\/\/www.paniker.com\/fr\/wp-json\/wp\/v2\/pages\/750\/revisions"}],"predecessor-version":[{"id":3980,"href":"https:\/\/www.paniker.com\/fr\/wp-json\/wp\/v2\/pages\/750\/revisions\/3980"}],"wp:attachment":[{"href":"https:\/\/www.paniker.com\/fr\/wp-json\/wp\/v2\/media?parent=750"}],"curies":[{"name":"wp","href":"https:\/\/api.w.org\/{rel}","templated":true}]}}