{"id":752,"date":"2016-10-19T06:19:53","date_gmt":"2016-10-19T06:19:53","guid":{"rendered":"http:\/\/paniker.ergatesweb4.ovh\/fr\/politica-privacidad\/"},"modified":"2025-01-15T11:24:55","modified_gmt":"2025-01-15T11:24:55","slug":"politique-confidentialite","status":"publish","type":"page","link":"https:\/\/www.paniker.com\/fr\/politique-confidentialite\/","title":{"rendered":"Politique de confidentialit\u00e9"},"content":{"rendered":"\n<style type=\"text\/css\" data-created_by=\"avia_inline_auto\" id=\"style-css-av-245iz-bf43efff9a5f962d72d6fce03d0bc18b\">\n.flex_column.av-245iz-bf43efff9a5f962d72d6fce03d0bc18b{\nborder-radius:0px 0px 0px 0px;\npadding:0px 0px 0px 0px;\n}\n<\/style>\n<div  class='flex_column av-245iz-bf43efff9a5f962d72d6fce03d0bc18b av_one_full  avia-builder-el-0  avia-builder-el-no-sibling  box-gray first flex_column_div av-zero-column-padding  '     ><p>\n<style type=\"text\/css\" data-created_by=\"avia_inline_auto\" id=\"style-css-av-kb5jr7yv-fb7d51954574db1aa085203e141192f5\">\n#top .av-special-heading.av-kb5jr7yv-fb7d51954574db1aa085203e141192f5{\npadding-bottom:10px;\n}\nbody .av-special-heading.av-kb5jr7yv-fb7d51954574db1aa085203e141192f5 .av-special-heading-tag .heading-char{\nfont-size:25px;\n}\n.av-special-heading.av-kb5jr7yv-fb7d51954574db1aa085203e141192f5 .av-subheading{\nfont-size:15px;\n}\n<\/style>\n<div  class='av-special-heading av-kb5jr7yv-fb7d51954574db1aa085203e141192f5 av-special-heading-h1 blockquote modern-quote  avia-builder-el-1  el_before_av_textblock  avia-builder-el-first '><h1 class='av-special-heading-tag '  itemprop=\"headline\"  >Politique de confidentialit\u00e9<\/h1><div class=\"special-heading-border\"><div class=\"special-heading-inner-border\"><\/div><\/div><\/div><br \/>\n<section  class='av_textblock_section av-11b5b-67a9427816def21942219db2e3582bc7 '   itemscope=\"itemscope\" itemtype=\"https:\/\/schema.org\/CreativeWork\" ><div class='avia_textblock'  itemprop=\"text\" ><p>Le pr\u00e9sent document de traitement de donn\u00e9es \u00e0 caract\u00e8re personnel a pour objet de r\u00e9v\u00e9ler la m\u00e9thode de collecte, de traitement et de protection des donn\u00e9es \u00e0 caract\u00e8re personnel collect\u00e9es sur le site Web, afin que les utilisateurs puissent d\u00e9terminer librement et volontairement s\u2019ils souhaitent fournir ses donn\u00e9es personnelles sur ce site.<\/p>\n<p>L\u2019acc\u00e8s et l\u2019utilisation du site Web, une fois l\u2019accord expresse donn\u00e9 en cochant la case correspondante de la part de l\u2019utilisateur, implique l\u2019acceptation int\u00e9grale du pr\u00e9sent document sur le traitement des donn\u00e9es \u00e0 caract\u00e8re personnel et s\u2019engagent \u00e0 respecter int\u00e9gralement les termes et conditions \u00e9nonc\u00e9s. Par cons\u00e9quent, l&rsquo;utilisateur doit lire attentivement ce document \u00e0 chacune des occasions dans lesquelles il a l&rsquo;intention d&rsquo;utiliser le site Web, puisqu&rsquo;il peut \u00eatre modifi\u00e9.<\/p>\n<p>Ce document est valable uniquement pour les donn\u00e9es \u00e0 caract\u00e8re personnel obtenues \u00e0 partir du site Web. Il ne s&rsquo;applique pas aux informations collect\u00e9es par des tiers sur d&rsquo;autres sites Web, m\u00eame si elles sont li\u00e9es \u00e0 ce site.<\/p>\n<h3>Qui est responsable du traitement de vos donn\u00e9es?<\/h3>\n<p>Le responsable des donn\u00e9es est PANIKER, SLU<\/p>\n<ul>\n<li><strong>Sa d\u00e9nomination sociale est: <\/strong><strong>PANIKER, SLU<\/strong><\/li>\n<li><strong>Son nom commercial est: <\/strong><strong>PANIKER, SLU<\/strong><\/li>\n<li><strong>Son CIF est: <\/strong><strong>ES-B08007049<\/strong><\/li>\n<li><strong>Son si\u00e8ge social est: <\/strong><strong>Crta. de Sta. Creu de Calafell, 68 \u2013 SANT BOI DE LLOBREGAT 08830 (BARCELONA)<\/strong><\/li>\n<li><strong>Il est inscrit au registre du Commerce de Barcelone<\/strong><\/li>\n<\/ul>\n<p>PANIKER, SLU vous informe que ces donn\u00e9es seront trait\u00e9es conform\u00e9ment aux dispositions de la r\u00e9glementation en vigueur sur la protection des donn\u00e9es personnelles, R\u00e8glement (UE) 2016\/679 du 27 avril 2016 (RGPD). Les informations de traitement suivantes sont fournies:<\/p>\n<h3>Dans quel but traitons-nous vos donn\u00e9es personnelles?<\/h3>\n<p>Nous traitons les informations que les int\u00e9ress\u00e9s nous facilitent pour r\u00e9aliser la prospection d&rsquo;envoi de communications commerciales en base \u00e0 l&rsquo;int\u00e9r\u00eat d\u00e9montr\u00e9 sur nos produits et services.<\/p>\n<h3>Combien de temps allons-nous conserver vos donn\u00e9es?<\/h3>\n<p>Les donn\u00e9es seront conserv\u00e9es pendant 10 ans.<\/p>\n<h3>Quelle est la l\u00e9gitimit\u00e9 du traitement de vos donn\u00e9es?<\/h3>\n<p>Les donn\u00e9es personnelles que nous traitons dans PANIKER, SLU proviennent de la partie int\u00e9ress\u00e9e, qui a accept\u00e9 le consentement tacite, les donn\u00e9es pouvant \u00eatre utilis\u00e9es aux fins susmentionn\u00e9es.<\/p>\n<h3>\u00c0 qui vos donn\u00e9es seront-elles transf\u00e9r\u00e9es?<\/h3>\n<p>Les donn\u00e9es ne seront pas transmises \u00e0 des tiers, sauf en cas d&rsquo;obligation l\u00e9gale.<\/p>\n<h3>Transferts de donn\u00e9es vers des pays tiers?<\/h3>\n<p>Les transferts de donn\u00e9es vers des pays tiers ne sont pas pr\u00e9vus.<\/p>\n<h3>Quels sont vos droits lorsque vous nous fournissez vos donn\u00e9es?<\/h3>\n<p>Vous avez le droit d&rsquo;obtenir confirmation si PANIKER, SLU traite ou non des donn\u00e9es \u00e0 caract\u00e8re personnel vous concernant.<\/p>\n<p>Les parties int\u00e9ress\u00e9es ont le droit d&rsquo;acc\u00e9der \u00e0 leurs donn\u00e9es \u00e0 caract\u00e8re personnel, ainsi que de demander la rectification de donn\u00e9es inexactes ou, le cas \u00e9ch\u00e9ant, leur suppression lorsque, entre autres raisons, les donn\u00e9es ne sont plus n\u00e9cessaires aux fins qui ont \u00e9t\u00e9 collect\u00e9es.<\/p>\n<p>Dans certaines circonstances, les parties int\u00e9ress\u00e9es peuvent demander la limitation du traitement de leurs donn\u00e9es. Dans ce cas, nous les conservons uniquement pour l\u2019exercice ou la d\u00e9fense des cr\u00e9ances.<\/p>\n<p>Dans certaines circonstances et pour des raisons li\u00e9es \u00e0 leur situation particuli\u00e8re, les parties int\u00e9ress\u00e9es peuvent s&rsquo;opposer au traitement de leurs donn\u00e9es. Dans ce cas, PANIKER, SLU cessera de traiter les donn\u00e9es, sauf pour des raisons l\u00e9gitimes imp\u00e9ratives, ou l\u2019exercice ou la d\u00e9fense de r\u00e9clamations \u00e9ventuelles.<\/p>\n<p>Vous pouvez exercer mat\u00e9riellement vos droits de la mani\u00e8re suivante: Vous disposez d&rsquo;un droit d&rsquo;acc\u00e8s, de rectification et de suppression des donn\u00e9es, ainsi que d&rsquo;autres droits, indiqu\u00e9s dans les informations suppl\u00e9mentaires, que vous pouvez exercer en contactant l&rsquo;adresse de la personne responsable du traitement.<\/p>\n<p>Si vous avez donn\u00e9 votre consentement \u00e0 une fin sp\u00e9cifique, vous avez le droit de retirer le consentement donn\u00e9 \u00e0 tout moment, sans affecter la l\u00e9galit\u00e9 du traitement fond\u00e9 sur le consentement avant son retrait.<\/p>\n<p>Si vous estimez que vos droits en mati\u00e8re de protection de vos donn\u00e9es sont viol\u00e9s, en particulier si vous n\u2019avez pas obtenu satisfaction dans l\u2019exercice de vos droits, vous pouvez adresser une demande \u00e0 l\u2019autorit\u00e9 de contr\u00f4le en mati\u00e8re de protection des donn\u00e9es: www.agpd.es<\/p>\n<h3>Quelles donn\u00e9es sont stock\u00e9es dans nos syst\u00e8mes?<\/h3>\n<p>Les cat\u00e9gories de donn\u00e9es trait\u00e9es sont les suivantes:<\/p>\n<ul>\n<li>Donn\u00e9es d&rsquo;identification<\/li>\n<li>Adresses postale et \u00e9lectronique.<\/li>\n<li>Informations commerciales<\/li>\n<\/ul>\n<p>Les cat\u00e9gories particuli\u00e8res de donn\u00e9es \u00e0 caract\u00e8re personnel ne sont pas trait\u00e9es (ce sont les donn\u00e9es qui r\u00e9v\u00e8lent l\u2019origine ethnique ou raciale, les opinions politiques, les convictions religieuses ou philosophiques, l\u2019appartenance \u00e0 un syndicat, les donn\u00e9es g\u00e9n\u00e9tiques, les donn\u00e9es biom\u00e9triques, donn\u00e9es relatives \u00e0 la sant\u00e9 ou donn\u00e9es relatives \u00e0 la vie sexuelle ou \u00e0 l&rsquo;orientation sexuelle d&rsquo;une personne physique).<\/p>\n<\/div><\/section><\/p><\/div>\n","protected":false},"excerpt":{"rendered":"","protected":false},"author":3,"featured_media":0,"parent":0,"menu_order":0,"comment_status":"closed","ping_status":"closed","template":"","meta":{"footnotes":""},"class_list":["post-752","page","type-page","status-publish","hentry"],"yoast_head":"<!-- This site is optimized with the Yoast SEO plugin v27.3 - https:\/\/yoast.com\/product\/yoast-seo-wordpress\/ -->\n<title>Politique de confidentialit\u00e9 - Paniker<\/title>\n<meta name=\"robots\" content=\"index, follow, max-snippet:-1, max-image-preview:large, max-video-preview:-1\" \/>\n<link rel=\"canonical\" href=\"https:\/\/www.paniker.com\/fr\/politique-confidentialite\/\" \/>\n<meta property=\"og:locale\" content=\"fr_FR\" \/>\n<meta property=\"og:type\" content=\"article\" \/>\n<meta property=\"og:title\" content=\"Politique de confidentialit\u00e9 - Paniker\" \/>\n<meta property=\"og:url\" content=\"https:\/\/www.paniker.com\/fr\/politique-confidentialite\/\" \/>\n<meta property=\"og:site_name\" content=\"Paniker\" \/>\n<meta property=\"article:modified_time\" content=\"2025-01-15T11:24:55+00:00\" \/>\n<meta name=\"twitter:card\" content=\"summary_large_image\" \/>\n<meta name=\"twitter:label1\" content=\"Dur\u00e9e de lecture estim\u00e9e\" \/>\n\t<meta name=\"twitter:data1\" content=\"4 minutes\" \/>\n<script type=\"application\/ld+json\" class=\"yoast-schema-graph\">{\"@context\":\"https:\\\/\\\/schema.org\",\"@graph\":[{\"@type\":\"WebPage\",\"@id\":\"https:\\\/\\\/www.paniker.com\\\/fr\\\/politique-confidentialite\\\/\",\"url\":\"https:\\\/\\\/www.paniker.com\\\/fr\\\/politique-confidentialite\\\/\",\"name\":\"Politique de confidentialit\u00e9 - Paniker\",\"isPartOf\":{\"@id\":\"https:\\\/\\\/www.paniker.com\\\/#website\"},\"datePublished\":\"2016-10-19T06:19:53+00:00\",\"dateModified\":\"2025-01-15T11:24:55+00:00\",\"breadcrumb\":{\"@id\":\"https:\\\/\\\/www.paniker.com\\\/fr\\\/politique-confidentialite\\\/#breadcrumb\"},\"inLanguage\":\"fr-FR\",\"potentialAction\":[{\"@type\":\"ReadAction\",\"target\":[\"https:\\\/\\\/www.paniker.com\\\/fr\\\/politique-confidentialite\\\/\"]}]},{\"@type\":\"BreadcrumbList\",\"@id\":\"https:\\\/\\\/www.paniker.com\\\/fr\\\/politique-confidentialite\\\/#breadcrumb\",\"itemListElement\":[{\"@type\":\"ListItem\",\"position\":1,\"name\":\"Inici\",\"item\":\"https:\\\/\\\/www.paniker.com\\\/fr\\\/acceuil\\\/\"},{\"@type\":\"ListItem\",\"position\":2,\"name\":\"Politique de confidentialit\u00e9\"}]},{\"@type\":\"WebSite\",\"@id\":\"https:\\\/\\\/www.paniker.com\\\/#website\",\"url\":\"https:\\\/\\\/www.paniker.com\\\/\",\"name\":\"Paniker\",\"description\":\"L\u00edderes en adhesivos l\u00edquidos y s\u00f3lidos\",\"potentialAction\":[{\"@type\":\"SearchAction\",\"target\":{\"@type\":\"EntryPoint\",\"urlTemplate\":\"https:\\\/\\\/www.paniker.com\\\/?s={search_term_string}\"},\"query-input\":{\"@type\":\"PropertyValueSpecification\",\"valueRequired\":true,\"valueName\":\"search_term_string\"}}],\"inLanguage\":\"fr-FR\"}]}<\/script>\n<!-- \/ Yoast SEO plugin. -->","yoast_head_json":{"title":"Politique de confidentialit\u00e9 - Paniker","robots":{"index":"index","follow":"follow","max-snippet":"max-snippet:-1","max-image-preview":"max-image-preview:large","max-video-preview":"max-video-preview:-1"},"canonical":"https:\/\/www.paniker.com\/fr\/politique-confidentialite\/","og_locale":"fr_FR","og_type":"article","og_title":"Politique de confidentialit\u00e9 - Paniker","og_url":"https:\/\/www.paniker.com\/fr\/politique-confidentialite\/","og_site_name":"Paniker","article_modified_time":"2025-01-15T11:24:55+00:00","twitter_card":"summary_large_image","twitter_misc":{"Dur\u00e9e de lecture estim\u00e9e":"4 minutes"},"schema":{"@context":"https:\/\/schema.org","@graph":[{"@type":"WebPage","@id":"https:\/\/www.paniker.com\/fr\/politique-confidentialite\/","url":"https:\/\/www.paniker.com\/fr\/politique-confidentialite\/","name":"Politique de confidentialit\u00e9 - Paniker","isPartOf":{"@id":"https:\/\/www.paniker.com\/#website"},"datePublished":"2016-10-19T06:19:53+00:00","dateModified":"2025-01-15T11:24:55+00:00","breadcrumb":{"@id":"https:\/\/www.paniker.com\/fr\/politique-confidentialite\/#breadcrumb"},"inLanguage":"fr-FR","potentialAction":[{"@type":"ReadAction","target":["https:\/\/www.paniker.com\/fr\/politique-confidentialite\/"]}]},{"@type":"BreadcrumbList","@id":"https:\/\/www.paniker.com\/fr\/politique-confidentialite\/#breadcrumb","itemListElement":[{"@type":"ListItem","position":1,"name":"Inici","item":"https:\/\/www.paniker.com\/fr\/acceuil\/"},{"@type":"ListItem","position":2,"name":"Politique de confidentialit\u00e9"}]},{"@type":"WebSite","@id":"https:\/\/www.paniker.com\/#website","url":"https:\/\/www.paniker.com\/","name":"Paniker","description":"L\u00edderes en adhesivos l\u00edquidos y s\u00f3lidos","potentialAction":[{"@type":"SearchAction","target":{"@type":"EntryPoint","urlTemplate":"https:\/\/www.paniker.com\/?s={search_term_string}"},"query-input":{"@type":"PropertyValueSpecification","valueRequired":true,"valueName":"search_term_string"}}],"inLanguage":"fr-FR"}]}},"_links":{"self":[{"href":"https:\/\/www.paniker.com\/fr\/wp-json\/wp\/v2\/pages\/752","targetHints":{"allow":["GET"]}}],"collection":[{"href":"https:\/\/www.paniker.com\/fr\/wp-json\/wp\/v2\/pages"}],"about":[{"href":"https:\/\/www.paniker.com\/fr\/wp-json\/wp\/v2\/types\/page"}],"author":[{"embeddable":true,"href":"https:\/\/www.paniker.com\/fr\/wp-json\/wp\/v2\/users\/3"}],"replies":[{"embeddable":true,"href":"https:\/\/www.paniker.com\/fr\/wp-json\/wp\/v2\/comments?post=752"}],"version-history":[{"count":3,"href":"https:\/\/www.paniker.com\/fr\/wp-json\/wp\/v2\/pages\/752\/revisions"}],"predecessor-version":[{"id":1546,"href":"https:\/\/www.paniker.com\/fr\/wp-json\/wp\/v2\/pages\/752\/revisions\/1546"}],"wp:attachment":[{"href":"https:\/\/www.paniker.com\/fr\/wp-json\/wp\/v2\/media?parent=752"}],"curies":[{"name":"wp","href":"https:\/\/api.w.org\/{rel}","templated":true}]}}