{"id":762,"date":"2016-09-16T10:07:18","date_gmt":"2016-09-16T10:07:18","guid":{"rendered":"http:\/\/paniker.ergatesweb4.ovh\/fr\/contacto\/"},"modified":"2025-01-15T11:33:42","modified_gmt":"2025-01-15T11:33:42","slug":"contact","status":"publish","type":"page","link":"https:\/\/www.paniker.com\/fr\/contact\/","title":{"rendered":"Contact"},"content":{"rendered":"<p>\n<style type=\"text\/css\" data-created_by=\"avia_inline_auto\" id=\"style-css-av-rzkk-6758d056bab2c5fb73cd49b0992ce386\">\n.avia-section.av-rzkk-6758d056bab2c5fb73cd49b0992ce386{\nmargin-top:50px;\nmargin-bottom:0;\n}\n<\/style>\n<div id='av_section_1'  class='avia-section av-rzkk-6758d056bab2c5fb73cd49b0992ce386 main_color avia-section-no-padding avia-no-border-styling  avia-builder-el-0  el_before_av_two_third  avia-builder-el-first  avia-bg-style-scroll container_wrap fullsize'  ><div class='container av-section-cont-open' ><main  role=\"main\" itemprop=\"mainContentOfPage\"  class='template-page content  av-content-full alpha units'><div class='post-entry post-entry-type-page post-entry-762'><div class='entry-content-wrapper clearfix'>\n<div  class='av_gmaps_sc_main_wrap av_gmaps_main_wrap '><div id='av_gmap_0' class='avia-google-map-container avia-google-map-sc av_gmaps_show_unconditionally av-no-fallback-img ' data-mapid='av_gmap_0'  style='height: 400px;'><a class=\"av_gmaps_browser_disabled av_text_confirm_link av_text_confirm_link_visible\" href=\"https:\/\/www.google.com\/maps\/search\/?api=1&#038;query=Carrer%20de%20la%20santa%20creu%20de%20calafell,%2068%20%20Sant%20Boi%20de%20Llobregat%20%20Spain\" target=\"_blank\">Les cartes ont \u00e9t\u00e9 d\u00e9sactiv\u00e9es par le visiteur sur ce site. Cliquer pour ouvrir la carte dans une nouvelle fen\u00eatre.<\/a><\/div><\/div>\n<\/div><\/div><\/main><!-- close content main element --><\/div><\/div><div id='after_section_1'  class='main_color av_default_container_wrap container_wrap fullsize'  ><div class='container av-section-cont-open' ><div class='template-page content  av-content-full alpha units'><div class='post-entry post-entry-type-page post-entry-762'><div class='entry-content-wrapper clearfix'><br \/>\n<div class='flex_column_table av-6hslk-12a99afd4cb54e188fe27bd4840dfe18 sc-av_two_third av-equal-height-column-flextable'>\n<style type=\"text\/css\" data-created_by=\"avia_inline_auto\" id=\"style-css-av-6hslk-12a99afd4cb54e188fe27bd4840dfe18\">\n.flex_column.av-6hslk-12a99afd4cb54e188fe27bd4840dfe18{\nborder-radius:0px 0px 0px 0px;\npadding:0px 0px 0px 0px;\n}\n<\/style>\n<div  class='flex_column av-6hslk-12a99afd4cb54e188fe27bd4840dfe18 av_two_third  avia-builder-el-2  el_after_av_section  el_before_av_one_third  avia-builder-el-first  box-gray first no_margin flex_column_table_cell av-equal-height-column av-align-top av-animated-generic fade-in av-zero-column-padding  '     ><section  class='av_textblock_section av-k4jqhym6-8f9d0cc3c0b8ac4da482cf6a14601328 '   itemscope=\"itemscope\" itemtype=\"https:\/\/schema.org\/CreativeWork\" ><div class='avia_textblock'  itemprop=\"text\" ><h2>Formulaire de contact<\/h2>\n<p>Veuillez SVPremplir le formulaire suivant et nous vous r\u00e9pondrons dans les plus brefs d\u00e9lais.<\/p>\n<\/div><\/section><br \/>\n<form action=\"https:\/\/www.paniker.com\/fr\/contact\/\" method=\"post\" data-fields-with-error=\"Erreurs trouv\u00e9es dans les champs suivants :\" class=\"avia_ajax_form av-form-labels-hidden   avia-builder-el-4  el_after_av_textblock  avia-builder-el-last   \" data-avia-form-id=\"1\" data-avia-redirect='' ><fieldset><p class='  first_form  form_element form_element_third' id='element_avia_1_1'><label for=\"avia_1_1\">Nom <abbr class=\"required\" title=\"requis(e)\">*<\/abbr><\/label> <input name=\"avia_1_1\" class=\"text_input is_empty\" type=\"text\" id=\"avia_1_1\" value=\"\"  placeholder='Nom*'\/><\/p><p class='  form_element form_element_two_third' id='element_avia_2_1'><label for=\"avia_2_1\">E-Mail <abbr class=\"required\" title=\"requis(e)\">*<\/abbr><\/label> <input name=\"avia_2_1\" class=\"text_input is_email\" type=\"text\" id=\"avia_2_1\" value=\"\"  placeholder='E-Mail*'\/><\/p><p class='  first_form  form_element form_fullwidth' id='element_avia_3_1'><label for=\"avia_3_1\">T\u00e9l\u00e9phone<\/label> <input name=\"avia_3_1\" class=\"text_input \" type=\"text\" id=\"avia_3_1\" value=\"\"  placeholder='T\u00e9l\u00e9phone'\/><\/p><p class='  first_form  form_element form_fullwidth' id='element_avia_4_1'><label for=\"avia_4_1\" class=\"textare_label hidden textare_label_avia_4_1\">Message <abbr class=\"required\" title=\"requis(e)\">*<\/abbr><\/label><textarea  placeholder='Message*' name=\"avia_4_1\" class=\"text_area is_empty\" cols=\"40\" rows=\"7\" id=\"avia_4_1\" ><\/textarea><\/p><p class=\"hidden\"><input type=\"text\" name=\"avia_5_1\" class=\"hidden \" id=\"avia_5_1\" value=\"\" \/><\/p><div id='avia_6_1' class='av-recaptcha-area  first_form  form_element form_fullwidth av-last-visible-form-element '  data-container_class=\"\" data-custom_class=\"\" data-context=\"av_contact_form\" data-token_input=\"av_recaptcha_token\" data-version=\"avia_recaptcha_v3\" data-theme=\"light\" data-size=\"normal\" data-score=\"0.5\" data-text_to_preview=\"\" data-value=\"\"><div class=\"av-google-badge-message hidden\">Ce site est prot\u00e9g\u00e9 par reCAPTCHA et la <a href=\"https:\/\/policies.google.com\/privacy\">politique de confidentialit\u00e9<\/a> de Google et <a href=\"https:\/\/policies.google.com\/terms\">leur conditions d\u2019utilisation<\/a> s\u2019appliquent.<\/div><\/div><p class=' av_form_privacy_check av_contact_privacy_check first_form  form_element form_fullwidth' id='element_avia_7_1'><input  name=\"avia_7_1\" class=\"input_checkbox is_empty\" type=\"checkbox\" id=\"avia_7_1\" value=\"true\"\/><label class=\"input_checkbox_label\" for=\"avia_7_1\">J'accepte les termes et conditions \u00e9nonc\u00e9s dans la <a href='https:\/\/www.paniker.com\/politica-privacidad\/' target='_blank'>Politique de confidentialit\u00e9<\/a> <abbr class=\"required\" title=\"requis(e)\">*<\/abbr><\/label><\/p><p class=\"form_element \"><input type=\"hidden\" value=\"1\" name=\"avia_generated_form1\" \/><input type=\"submit\" value=\"Envoyer\" class=\"button\"  data-sending-label=\"Envoi\"\/><\/p><\/fieldset><div class=\"avia-disabled-form\">Ce formulaire est d\u00e9sactiv\u00e9 dans la mesure o\u00f9 vous refusez d\u2019accepter le service Google reCAPTCHA n\u00e9cessaire pour valider toute exp\u00e9dition de message depuis celui-ci.<\/div><\/form><div id=\"ajaxresponse_1\" class=\"ajaxresponse ajaxresponse_1 hidden\"><\/div><\/p><\/div><br \/>\n\n<style type=\"text\/css\" data-created_by=\"avia_inline_auto\" id=\"style-css-av-2yz0g-326b260b1eba6e8770dcc7e5745c7220\">\n.flex_column.av-2yz0g-326b260b1eba6e8770dcc7e5745c7220{\nborder-radius:0px 0px 0px 0px;\npadding:0px 0px 0px 0px;\n}\n<\/style>\n<div  class='flex_column av-2yz0g-326b260b1eba6e8770dcc7e5745c7220 av_one_third  avia-builder-el-5  el_after_av_two_third  el_before_av_hr  box-gray contact no_margin flex_column_table_cell av-equal-height-column av-align-top av-animated-generic fade-in av-zero-column-padding  '     ><section  class='av_textblock_section av-29kqk-01c2d7461a064091854bd5dee10287ee '   itemscope=\"itemscope\" itemtype=\"https:\/\/schema.org\/CreativeWork\" ><div class='avia_textblock'  itemprop=\"text\" ><p class=\"top-socket\" style=\"text-align: center;\"><img decoding=\"async\" class=\"icon-text\" src=\"\/wp-content\/uploads\/2019\/12\/logo-location.png\" alt=\"location icon\" width=\"16\" \/><a title=\"Adress Paniker\" href=\"https:\/\/www.google.es\/maps\/place\/Carretera+de+la+Santa+Creu+de+Calafell,+68,+08830+Sant+Boi+de+Llobregat,+Barcelona\/@41.3288187,2.0346861,17z\/data=!3m1!4b1!4m5!3m4!1s0x12a49c65f7408303:0xe1f5d35105bd744!8m2!3d41.3288187!4d2.0368748\" target=\"_blank\" rel=\"noopener\">Crta. Santa Creu de Calafell, 68<br \/>\n08830 Sant Boi del Llobregat<br \/>\nBarcelona (Espa\u00f1a)<\/a><\/p>\n<p class=\"bottom-socket\" style=\"text-align: center;\"><span class=\"center-left\"><img decoding=\"async\" class=\"icon-text\" src=\"\/wp-content\/uploads\/2019\/12\/icon-chat-grey.png\" alt=\"chat icon\" width=\"16\" \/><a href=\"tel:+34936402116\">+34 936 402 116<\/a><br \/>\n<img decoding=\"async\" class=\"icon-text\" src=\"\/wp-content\/uploads\/2019\/12\/icon-email-grey.png\" alt=\"email icon\" width=\"16\" \/><a href=\"mailto:paniker@paniker.com\">paniker@paniker.com<\/a><\/span><\/p>\n<hr \/>\n<p class=\"top-socket\" style=\"text-align: center;\">\t\t\t\t\t<script type=\"text\/javascript\">\n\t\t\t\t\t\tvar gCaptchaSibWidget;\n                        var onloadSibCallbackInvisible = function () {\n\n                            var element = document.getElementsByClassName('sib-default-btn');\n                            var countInvisible = 0;\n                            var indexArray = [];\n                            jQuery('.sib-default-btn').each(function (index, el) {\n                                if ((jQuery(el).attr('id') == \"invisible\")) {\n                                    indexArray[countInvisible] = index;\n                                    countInvisible++\n                                }\n                            });\n\n                            jQuery('.invi-recaptcha').each(function (index, el) {\n                                grecaptcha.render(element[indexArray[index]], {\n                                    'sitekey': jQuery(el).attr('data-sitekey'),\n                                    'callback': sibVerifyCallback,\n                                });\n                            });\n                        };\n\t\t\t\t\t<\/script>\n\t\t\t\t\t                <script src=\"https:\/\/www.google.com\/recaptcha\/api.js?onload=onloadSibCallbackInvisible&render=explicit\" async defer><\/script>\n\t\t\t\t\n\t\t\t<form id=\"sib_signup_form_4\" method=\"post\" class=\"sib_signup_form\">\n\t\t\t\t<div class=\"sib_loader\" style=\"display:none;\"><img\n\t\t\t\t\t\t\tsrc=\"https:\/\/www.paniker.com\/wp-includes\/images\/spinner.gif\" alt=\"loader\"><\/div>\n\t\t\t\t<input type=\"hidden\" name=\"sib_form_action\" value=\"subscribe_form_submit\">\n\t\t\t\t<input type=\"hidden\" name=\"sib_form_id\" value=\"4\">\n                <input type=\"hidden\" name=\"sib_form_alert_notice\" value=\"Veuillez remplir ce champ.\">\n                <input type=\"hidden\" name=\"sib_form_invalid_email_notice\" value=\"Votre adresse email est invalide.\">\n                <input type=\"hidden\" name=\"sib_security\" value=\"dd2a54fbef\">\n\t\t\t\t<div class=\"sib_signup_box_inside_4\">\n\t\t\t\t\t<div style=\"\/*display:none*\/\" class=\"sib_msg_disp\">\n\t\t\t\t\t<\/div>\n                                            <div id=\"sib_captcha_invisible\" class=\"invi-recaptcha\" data-sitekey=\"6LcP7X0eAAAAAPEyyaOi2ZM0A-wvadZHBwWPGOHO\"><\/div>\n                    \t\t\t\t\t<p class=\"sendinblue-newsletter\">\r\n    <input placeholder=\"Abonnez-vous \u00e0 la newsletter\" type=\"email\" class=\"button-link email-button sib-email-area\" name=\"email\" required=\"required\">\r\n\r\n    <button class=\"button-link email-button sib-default-btn\"><\/button>\r\n<\/p>\t\t\t\t<\/div>\n\t\t\t<\/form>\n\t\t\t<style>\n\t\t\t\tform#sib_signup_form_4 p.sib-alert-message {\n    padding: 6px 12px;\n    margin-bottom: 20px;\n    border: 1px solid transparent;\n    border-radius: 4px;\n    -webkit-box-sizing: border-box;\n    -moz-box-sizing: border-box;\n    box-sizing: border-box;\n}\nform#sib_signup_form_4 p.sib-alert-message-error {\n    background-color: #f2dede;\n    border-color: #ebccd1;\n    color: #a94442;\n}\nform#sib_signup_form_4 p.sib-alert-message-success {\n    background-color: #dff0d8;\n    border-color: #d6e9c6;\n    color: #3c763d;\n}\nform#sib_signup_form_4 p.sib-alert-message-warning {\n    background-color: #fcf8e3;\n    border-color: #faebcc;\n    color: #8a6d3b;\n}\n\t\t\t<\/style>\n\t\t\t<\/p>\n<p class=\"bottom-socket\" style=\"text-align: center;\">En vous inscrivant \u00e0 nos newsletters, vous recevrez des nouvelles et des mises \u00e0 jour sur les salons et d&rsquo;autres informations sur Paniker.<\/p>\n<hr \/>\n<p class=\"top-socket icon-xxss\" style=\"text-align: center;\"><!--<a class=\"alt-img-hover\" href=\"https:\/\/www.facebook.com\/paniker\/\" target=\"_blank\" rel=\"noopener noreferrer\"><img decoding=\"async\" src=\"\/wp-content\/uploads\/2019\/12\/icon-facebook.png\" alt=\"facebook icon\" width=\"24\" data-alt-src=\"\/wp-content\/uploads\/2020\/01\/icon-facebook-red.png\" \/><\/a> <a class=\"alt-img-hover\" href=\"https:\/\/www.twitter.com\/paniker\/\" target=\"_blank\" rel=\"noopener noreferrer\"><img decoding=\"async\" src=\"\/wp-content\/uploads\/2019\/12\/icon-twitter.png\" alt=\"twitter icon\" width=\"24\" data-alt-src=\"\/wp-content\/uploads\/2020\/01\/icon-twitter-red.png\" \/><\/a><a class=\"alt-img-hover\" href=\"https:\/\/www.linkedin.com\/comany\/paniker\/\" target=\"_blank\" rel=\"noopener noreferrer\"><img decoding=\"async\" src=\"\/wp-content\/uploads\/2019\/12\/icon-linkedin.png\" alt=\"linkedin icon\" width=\"24\" data-alt-src=\"\/wp-content\/uploads\/2020\/01\/icon-linkedin-red.png\" \/><\/a>--><a class=\"alt-img-hover\" href=\"https:\/\/www.linkedin.com\/company\/paniker\/\" target=\"_blank\" rel=\"noopener noreferrer\"><img decoding=\"async\" class=\"solo-image\" src=\"\/wp-content\/uploads\/2020\/06\/Linkedin-paniker-1.png\" alt=\"linkedin icon\" height=\"45\" data-alt-src=\"\/wp-content\/uploads\/2020\/06\/\/Linkedin-paniker-2.png\" \/><\/a><\/p>\n<p class=\"bottom-socket style=\" style=\"text-align: center;\">Suivez-nous sur nos r\u00e9seaux sociaux pour rester au courant de nos actualit\u00e9s et les actualit\u00e9s du secteur.<\/p>\n<\/div><\/section><\/div><\/div><!--close column table wrapper. Autoclose: 1 --><br \/>\n\n<style type=\"text\/css\" data-created_by=\"avia_inline_auto\" id=\"style-css-av-k4jqbjcx-63c3538f602569fcb983b45ab0b4311c\">\n#top .hr.hr-invisible.av-k4jqbjcx-63c3538f602569fcb983b45ab0b4311c{\nheight:50px;\n}\n<\/style>\n<div  class='hr av-k4jqbjcx-63c3538f602569fcb983b45ab0b4311c hr-invisible  avia-builder-el-7  el_after_av_one_third  el_before_av_one_third '><span class='hr-inner '><span class=\"hr-inner-style\"><\/span><\/span><\/div><br \/>\n<div class='flex_column_table av-k3z0e93g-816b70584cc6d4c854265118b0687d55 sc-av_one_third av-equal-height-column-flextable'>\n<style type=\"text\/css\" data-created_by=\"avia_inline_auto\" id=\"style-css-av-k3z0e93g-816b70584cc6d4c854265118b0687d55\">\n.flex_column.av-k3z0e93g-816b70584cc6d4c854265118b0687d55{\nborder-radius:0px 0px 0px 0px;\npadding:0px 0px 0px 0px;\n}\n<\/style>\n<div  class='flex_column av-k3z0e93g-816b70584cc6d4c854265118b0687d55 av_one_third  avia-builder-el-8  el_after_av_hr  el_before_av_one_third  box-blue first no_margin flex_column_table_cell av-equal-height-column av-align-top av-zero-column-padding  '     ><section  class='av_textblock_section av-k3z0gbqk-af2af94ac404b8ee0d4a01bbc50a6598 '   itemscope=\"itemscope\" itemtype=\"https:\/\/schema.org\/CreativeWork\" ><div class='avia_textblock'  itemprop=\"text\" ><h2>Bienvenue dans l\u2019ing\u00e9nierie des adh\u00e9sifs<\/h2>\n<p>Paniker S.L.U. a \u00e9t\u00e9 fond\u00e9e en 1922. C\u2019est l\u2019une des plus anciennes industries d\u2019Espagne dans le secteur des adh\u00e9sifs.<\/p>\n<p><a class=\"button-link\" href=\"\/fr\/histoire\"><label>Plus d&rsquo;information<\/label><\/a><\/p>\n<\/div><\/section><\/div>\n<style type=\"text\/css\" data-created_by=\"avia_inline_auto\" id=\"style-css-av-k3z0e93g-0c11350a8be569b3c9d5cd313f88172a\">\n.flex_column.av-k3z0e93g-0c11350a8be569b3c9d5cd313f88172a{\nborder-radius:0px 0px 0px 0px;\npadding:0px 0px 0px 0px;\n}\n<\/style>\n<div  class='flex_column av-k3z0e93g-0c11350a8be569b3c9d5cd313f88172a av_one_third  avia-builder-el-10  el_after_av_one_third  el_before_av_one_third  box-red no_margin flex_column_table_cell av-equal-height-column av-align-top av-zero-column-padding  '     ><section  class='av_textblock_section av-k3z0gbqk-c664d41b30fb27305d2fec9121f5eebc '   itemscope=\"itemscope\" itemtype=\"https:\/\/schema.org\/CreativeWork\" ><div class='avia_textblock'  itemprop=\"text\" ><h2>Connaissez nos adh\u00e9sifs<\/h2>\n<p>Aujourd&rsquo;hui Paniker est la plus grande usine d&rsquo;adh\u00e9sifs liquides d&rsquo;Espagne avec 27 lignes de production et une capacit\u00e9 de 44000 tonnes par an.<\/p>\n<p><a class=\"button-link\" href=\"\/fr\/adhesifs\/base-eau\"><label>Plus d&rsquo;information<\/label><\/a><\/p>\n<\/div><\/section><\/div><br \/>\n\n<style type=\"text\/css\" data-created_by=\"avia_inline_auto\" id=\"style-css-av-k3z0e93g-a2bc8422998af0bb43f868f047c850bb\">\n.flex_column.av-k3z0e93g-a2bc8422998af0bb43f868f047c850bb{\nborder-radius:0px 0px 0px 0px;\npadding:0px 0px 0px 0px;\n}\n<\/style>\n<div  class='flex_column av-k3z0e93g-a2bc8422998af0bb43f868f047c850bb av_one_third  avia-builder-el-12  el_after_av_one_third  avia-builder-el-last  box-blue no_margin flex_column_table_cell av-equal-height-column av-align-top av-zero-column-padding  '     ><section  class='av_textblock_section av-k3z0gbqk-c664d41b30fb27305d2fec9121f5eebc '   itemscope=\"itemscope\" itemtype=\"https:\/\/schema.org\/CreativeWork\" ><div class='avia_textblock'  itemprop=\"text\" ><h2>March\u00e9s<\/h2>\n<p>Au cours de son histoire, Paniker a d\u00e9velopp\u00e9 une large gamme de produits sur des march\u00e9s exigeants comme, la manutention du papier, l&#8217;emballage, l&rsquo;\u00e9tiquetage, le packaging, les arts graphiques, le bois, les chaussures, le textile, les mousses et l&rsquo;automobile.<\/p>\n<p><a class=\"button-link\" href=\"\/fr\/marches\"><label>Plus d&rsquo;information<\/label><\/a><\/p>\n<\/div><\/section><\/div><\/div><!--close column table wrapper. Autoclose: 1 --><\/p>\n","protected":false},"excerpt":{"rendered":"","protected":false},"author":3,"featured_media":0,"parent":0,"menu_order":0,"comment_status":"closed","ping_status":"closed","template":"","meta":{"footnotes":""},"class_list":["post-762","page","type-page","status-publish","hentry"],"yoast_head":"<!-- This site is optimized with the Yoast SEO plugin v27.0 - https:\/\/yoast.com\/product\/yoast-seo-wordpress\/ -->\n<title>Contact - Paniker<\/title>\n<meta name=\"robots\" content=\"index, follow, max-snippet:-1, max-image-preview:large, max-video-preview:-1\" \/>\n<link rel=\"canonical\" href=\"https:\/\/www.paniker.com\/fr\/contact\/\" \/>\n<meta property=\"og:locale\" content=\"fr_FR\" \/>\n<meta property=\"og:type\" content=\"article\" \/>\n<meta property=\"og:title\" content=\"Contact - Paniker\" \/>\n<meta property=\"og:url\" content=\"https:\/\/www.paniker.com\/fr\/contact\/\" \/>\n<meta property=\"og:site_name\" content=\"Paniker\" \/>\n<meta property=\"article:modified_time\" content=\"2025-01-15T11:33:42+00:00\" \/>\n<meta name=\"twitter:card\" content=\"summary_large_image\" \/>\n<meta name=\"twitter:label1\" content=\"Dur\u00e9e de lecture estim\u00e9e\" \/>\n\t<meta name=\"twitter:data1\" content=\"4 minutes\" \/>\n<script type=\"application\/ld+json\" class=\"yoast-schema-graph\">{\"@context\":\"https:\/\/schema.org\",\"@graph\":[{\"@type\":\"WebPage\",\"@id\":\"https:\/\/www.paniker.com\/fr\/contact\/\",\"url\":\"https:\/\/www.paniker.com\/fr\/contact\/\",\"name\":\"Contact - Paniker\",\"isPartOf\":{\"@id\":\"https:\/\/www.paniker.com\/#website\"},\"datePublished\":\"2016-09-16T10:07:18+00:00\",\"dateModified\":\"2025-01-15T11:33:42+00:00\",\"breadcrumb\":{\"@id\":\"https:\/\/www.paniker.com\/fr\/contact\/#breadcrumb\"},\"inLanguage\":\"fr-FR\",\"potentialAction\":[{\"@type\":\"ReadAction\",\"target\":[\"https:\/\/www.paniker.com\/fr\/contact\/\"]}]},{\"@type\":\"BreadcrumbList\",\"@id\":\"https:\/\/www.paniker.com\/fr\/contact\/#breadcrumb\",\"itemListElement\":[{\"@type\":\"ListItem\",\"position\":1,\"name\":\"Inici\",\"item\":\"https:\/\/www.paniker.com\/fr\/acceuil\/\"},{\"@type\":\"ListItem\",\"position\":2,\"name\":\"Contact\"}]},{\"@type\":\"WebSite\",\"@id\":\"https:\/\/www.paniker.com\/#website\",\"url\":\"https:\/\/www.paniker.com\/\",\"name\":\"Paniker\",\"description\":\"L\u00edderes en adhesivos l\u00edquidos y s\u00f3lidos\",\"potentialAction\":[{\"@type\":\"SearchAction\",\"target\":{\"@type\":\"EntryPoint\",\"urlTemplate\":\"https:\/\/www.paniker.com\/?s={search_term_string}\"},\"query-input\":{\"@type\":\"PropertyValueSpecification\",\"valueRequired\":true,\"valueName\":\"search_term_string\"}}],\"inLanguage\":\"fr-FR\"}]}<\/script>\n<!-- \/ Yoast SEO plugin. -->","yoast_head_json":{"title":"Contact - Paniker","robots":{"index":"index","follow":"follow","max-snippet":"max-snippet:-1","max-image-preview":"max-image-preview:large","max-video-preview":"max-video-preview:-1"},"canonical":"https:\/\/www.paniker.com\/fr\/contact\/","og_locale":"fr_FR","og_type":"article","og_title":"Contact - Paniker","og_url":"https:\/\/www.paniker.com\/fr\/contact\/","og_site_name":"Paniker","article_modified_time":"2025-01-15T11:33:42+00:00","twitter_card":"summary_large_image","twitter_misc":{"Dur\u00e9e de lecture estim\u00e9e":"4 minutes"},"schema":{"@context":"https:\/\/schema.org","@graph":[{"@type":"WebPage","@id":"https:\/\/www.paniker.com\/fr\/contact\/","url":"https:\/\/www.paniker.com\/fr\/contact\/","name":"Contact - Paniker","isPartOf":{"@id":"https:\/\/www.paniker.com\/#website"},"datePublished":"2016-09-16T10:07:18+00:00","dateModified":"2025-01-15T11:33:42+00:00","breadcrumb":{"@id":"https:\/\/www.paniker.com\/fr\/contact\/#breadcrumb"},"inLanguage":"fr-FR","potentialAction":[{"@type":"ReadAction","target":["https:\/\/www.paniker.com\/fr\/contact\/"]}]},{"@type":"BreadcrumbList","@id":"https:\/\/www.paniker.com\/fr\/contact\/#breadcrumb","itemListElement":[{"@type":"ListItem","position":1,"name":"Inici","item":"https:\/\/www.paniker.com\/fr\/acceuil\/"},{"@type":"ListItem","position":2,"name":"Contact"}]},{"@type":"WebSite","@id":"https:\/\/www.paniker.com\/#website","url":"https:\/\/www.paniker.com\/","name":"Paniker","description":"L\u00edderes en adhesivos l\u00edquidos y s\u00f3lidos","potentialAction":[{"@type":"SearchAction","target":{"@type":"EntryPoint","urlTemplate":"https:\/\/www.paniker.com\/?s={search_term_string}"},"query-input":{"@type":"PropertyValueSpecification","valueRequired":true,"valueName":"search_term_string"}}],"inLanguage":"fr-FR"}]}},"_links":{"self":[{"href":"https:\/\/www.paniker.com\/fr\/wp-json\/wp\/v2\/pages\/762","targetHints":{"allow":["GET"]}}],"collection":[{"href":"https:\/\/www.paniker.com\/fr\/wp-json\/wp\/v2\/pages"}],"about":[{"href":"https:\/\/www.paniker.com\/fr\/wp-json\/wp\/v2\/types\/page"}],"author":[{"embeddable":true,"href":"https:\/\/www.paniker.com\/fr\/wp-json\/wp\/v2\/users\/3"}],"replies":[{"embeddable":true,"href":"https:\/\/www.paniker.com\/fr\/wp-json\/wp\/v2\/comments?post=762"}],"version-history":[{"count":10,"href":"https:\/\/www.paniker.com\/fr\/wp-json\/wp\/v2\/pages\/762\/revisions"}],"predecessor-version":[{"id":3986,"href":"https:\/\/www.paniker.com\/fr\/wp-json\/wp\/v2\/pages\/762\/revisions\/3986"}],"wp:attachment":[{"href":"https:\/\/www.paniker.com\/fr\/wp-json\/wp\/v2\/media?parent=762"}],"curies":[{"name":"wp","href":"https:\/\/api.w.org\/{rel}","templated":true}]}}