{"id":768,"date":"2019-12-11T21:39:39","date_gmt":"2019-12-11T21:39:39","guid":{"rendered":"http:\/\/paniker.ergatesweb4.ovh\/fr\/empresa\/historia\/"},"modified":"2023-06-28T20:55:42","modified_gmt":"2023-06-28T20:55:42","slug":"histoire","status":"publish","type":"page","link":"https:\/\/www.paniker.com\/fr\/societe\/histoire\/","title":{"rendered":"Histoire"},"content":{"rendered":"\n<style type=\"text\/css\" data-created_by=\"avia_inline_auto\" id=\"style-css-av-tcya-40a10b0891573256c87726afe02551a2\">\n.flex_column.av-tcya-40a10b0891573256c87726afe02551a2{\nborder-radius:0px 0px 0px 0px;\npadding:0px 0px 0px 0px;\n}\n<\/style>\n<div  class='flex_column av-tcya-40a10b0891573256c87726afe02551a2 av_one_full  avia-builder-el-0  el_before_av_one_full  avia-builder-el-first  first flex_column_div av-animated-generic fade-in av-zero-column-padding  '     ><p><section  class='av_textblock_section av-ljg73w0l-62589680880f5f9e045c194f528f5ef6 '   itemscope=\"itemscope\" itemtype=\"https:\/\/schema.org\/CreativeWork\" ><div class='av-small-hide av-mini-hide avia_textblock'  itemprop=\"text\" ><p>[layerslider id=\u00a0\u00bb17&Prime;]<\/p>\n<\/div><\/section><br \/>\n<section  class='av_textblock_section av-ljg747ct-5d285aa452ecf5cc506e335c72ae8be1 '   itemscope=\"itemscope\" itemtype=\"https:\/\/schema.org\/CreativeWork\" ><div class='av-desktop-hide av-medium-hide avia_textblock'  itemprop=\"text\" ><p>[layerslider id=\u00a0\u00bb9&Prime;]<\/p>\n<\/div><\/section><br \/>\n\n<style type=\"text\/css\" data-created_by=\"avia_inline_auto\" id=\"style-css-av-k54f526c-dbe3cb8b0bc9dbb2c58f2adafe431c61\">\n#top .hr.hr-invisible.av-k54f526c-dbe3cb8b0bc9dbb2c58f2adafe431c61{\nheight:50px;\n}\n<\/style>\n<div  class='hr av-k54f526c-dbe3cb8b0bc9dbb2c58f2adafe431c61 hr-invisible  avia-builder-el-3  el_after_av_textblock  avia-builder-el-last '><span class='hr-inner '><span class=\"hr-inner-style\"><\/span><\/span><\/div><\/p><\/div>\n<style type=\"text\/css\" data-created_by=\"avia_inline_auto\" id=\"style-css-av-k41tibc7-24852eed5bbb564d5f080aab7f24e8fb\">\n#top .flex_column.av-k41tibc7-24852eed5bbb564d5f080aab7f24e8fb{\nmargin-top:0px;\nmargin-bottom:50px;\n}\n.flex_column.av-k41tibc7-24852eed5bbb564d5f080aab7f24e8fb{\nborder-radius:0px 0px 0px 0px;\npadding:0px 0px 0px 0px;\n}\n.responsive #top #wrap_all .flex_column.av-k41tibc7-24852eed5bbb564d5f080aab7f24e8fb{\nmargin-top:0px;\nmargin-bottom:50px;\n}\n<\/style>\n<div  class='flex_column av-k41tibc7-24852eed5bbb564d5f080aab7f24e8fb av_one_full  avia-builder-el-4  el_after_av_one_full  el_before_av_one_third  box-gray first flex_column_div av-animated-generic fade-in av-zero-column-padding  column-top-margin'     ><section  class='av_textblock_section av-k41tfv25-4fc73c00decf658e543ba4149abab724 '   itemscope=\"itemscope\" itemtype=\"https:\/\/schema.org\/CreativeWork\" ><div class='avia_textblock'  itemprop=\"text\" ><h1>Ing\u00e9nierie en adh\u00e9sifs<\/h1>\n<p>Paniker a \u00e9t\u00e9 fond\u00e9e en 1922. C&rsquo;est l&rsquo;une des plus anciennes industries d&rsquo;Espagne dans le secteur des adh\u00e9sifs. Depuis ses origines dans l&rsquo;industrie de la chaussure, Paniker a diversifi\u00e9 sa position et a d\u00e9velopp\u00e9 une large gamme d&rsquo;adh\u00e9sifs pour des march\u00e9s exigeants comme la manipulation du papier, emballage, packaging, \u00e9tiquetage, arts graphiques, bois, mousses, chaussures, textile, panneau sandwich et automobile.<\/p>\n<p>A PANIKER, nous travaillons chaque jour pour faire de notre devise \u2018\u2019Ing\u00e9nierie en adh\u00e9sifs\u2019\u2019 une r\u00e9alit\u00e9. Gr\u00e2ce \u00e0 notre exp\u00e9rience et notre connaissance du march\u00e9 des adh\u00e9sifs, notre d\u00e9partement recherche et d\u00e9veloppement (I+D) tout au long de son histoire a pu d\u00e9velopper une large gamme d&rsquo;adh\u00e9sifs, faisant de Paniker la soci\u00e9t\u00e9 leader dans le secteur national, avec une forte pr\u00e9sence dans le reste de l\u2019Europe, l\u2019Am\u00e9rique centrale, l\u2019Am\u00e9rique du Sud, l\u2019Afrique, le Moyen-Orient et l\u2019Asie.<\/p>\n<p>PANIKER = SERVICE, QUALIT\u00c9, I+D, ENVIRRONEMENT<\/p>\n<\/div><\/section><\/div><div class='flex_column_table av-k3z0e93g-816b70584cc6d4c854265118b0687d55 sc-av_one_third av-equal-height-column-flextable'>\n<style type=\"text\/css\" data-created_by=\"avia_inline_auto\" id=\"style-css-av-k3z0e93g-816b70584cc6d4c854265118b0687d55\">\n.flex_column.av-k3z0e93g-816b70584cc6d4c854265118b0687d55{\nborder-radius:0px 0px 0px 0px;\npadding:0px 0px 0px 0px;\n}\n<\/style>\n<div  class='flex_column av-k3z0e93g-816b70584cc6d4c854265118b0687d55 av_one_third  avia-builder-el-6  el_after_av_one_full  el_before_av_one_third  box-blue first no_margin flex_column_table_cell av-equal-height-column av-align-top av-zero-column-padding  column-top-margin'     ><section  class='av_textblock_section av-k3z0gbqk-c664d41b30fb27305d2fec9121f5eebc '   itemscope=\"itemscope\" itemtype=\"https:\/\/schema.org\/CreativeWork\" ><div class='avia_textblock'  itemprop=\"text\" ><h2>Bienvenue a Paniker<\/h2>\n<p>Notre usine, situ\u00e9e \u00e0 Sant Boi de Llobregat \u00e0 Barcelone, dispose de 12 000 m2 dans lesquels nous fabriquons des adh\u00e9sifs liquides base d&rsquo;eau, base solvants, adh\u00e9sifs de Polyur\u00e9thane et adh\u00e9sifs <span class=\"nowrap\">Bi-composants<\/span>. Paniker est actuellement la plus grande usine d&rsquo;adh\u00e9sifs liquides en Espagne avec 27 lignes de production et une capacit\u00e9 de 44000 tonnes par an.<\/p>\n<p><a class=\"button-link\" href=\"\/fr\/societe\/paniker\/\"><label>Plus d&rsquo;information<\/label><\/a><\/p>\n<\/div><\/section><\/div><br \/>\n\n<style type=\"text\/css\" data-created_by=\"avia_inline_auto\" id=\"style-css-av-9elmw-adcec89676f804fb2db0d2978033102c\">\n.flex_column.av-9elmw-adcec89676f804fb2db0d2978033102c{\nborder-radius:0px 0px 0px 0px;\npadding:0px 0px 0px 0px;\n}\n<\/style>\n<div  class='flex_column av-9elmw-adcec89676f804fb2db0d2978033102c av_one_third  avia-builder-el-8  el_after_av_one_third  el_before_av_one_third  box-red no_margin flex_column_table_cell av-equal-height-column av-align-top av-zero-column-padding  column-top-margin'     ><section  class='av_textblock_section av-k3z0gbqk-af2af94ac404b8ee0d4a01bbc50a6598 '   itemscope=\"itemscope\" itemtype=\"https:\/\/schema.org\/CreativeWork\" ><div class='avia_textblock'  itemprop=\"text\" ><h2>I+D+I | Environnement<\/h2>\n<p>Fid\u00e8le \u00e0 l&rsquo;un de nos piliers, chez Paniker, nous disposons d&rsquo;un des laboratoires les plus complets de l&rsquo;industrie de l&rsquo;adh\u00e9sif qui, accompagn\u00e9 d&rsquo;un personnel hautement qualifi\u00e9, nous permet d&rsquo;offrir \u00e0 nos clients un service exclusif de recherche et de conseil technique, capable de garantir \u00e0 tout moment que nos produits r\u00e9pondent aux attentes des clients et satisfont leurs besoins.<\/p>\n<p><a class=\"button-link\" href=\"\/fr\/societe\/rdi-environnement\/\"><label>Plus d&rsquo;information<\/label><\/a><\/p>\n<\/div><\/section><\/div><br \/>\n\n<style type=\"text\/css\" data-created_by=\"avia_inline_auto\" id=\"style-css-av-a4i07-32689c69de5544b430bcfd35152ab4b4\">\n.flex_column.av-a4i07-32689c69de5544b430bcfd35152ab4b4{\nborder-radius:0px 0px 0px 0px;\npadding:0px 0px 0px 0px;\n}\n<\/style>\n<div  class='flex_column av-a4i07-32689c69de5544b430bcfd35152ab4b4 av_one_third  avia-builder-el-10  el_after_av_one_third  avia-builder-el-last  box-blue no_margin flex_column_table_cell av-equal-height-column av-align-top av-zero-column-padding  column-top-margin'     ><section  class='av_textblock_section av-kmf2ovyi-c9861e1d06be7cf3747041180f0e5154 '   itemscope=\"itemscope\" itemtype=\"https:\/\/schema.org\/CreativeWork\" ><div class='avia_textblock'  itemprop=\"text\" ><h2>Qualit\u00e9<\/h2>\n<p>Chez PANIKER, en tant que fabricants d&rsquo;adh\u00e9sifs experts et conform\u00e9ment \u00e0 notre politique de qualit\u00e9, nous souhaitons garantir la qualit\u00e9 de nos produits.<br \/>\nPour cette raison, nous sommes certifi\u00e9s ISO 9001: 2015, conform\u00e9ment aux exigences de d\u00e9veloppement, fabrication et commercialisation d&rsquo;adh\u00e9sifs et de colles.<\/p>\n<p><a class=\"button-link\" href=\"\/fr\/societe\/qualite\/\"><label>Plus d&rsquo;information<\/label><\/a><\/p>\n<\/div><\/section><\/div><\/div><!--close column table wrapper. Autoclose: 1 --><\/p>\n","protected":false},"excerpt":{"rendered":"","protected":false},"author":3,"featured_media":0,"parent":764,"menu_order":0,"comment_status":"closed","ping_status":"closed","template":"","meta":{"footnotes":""},"class_list":["post-768","page","type-page","status-publish","hentry"],"yoast_head":"<!-- This site is optimized with the Yoast SEO plugin v27.0 - https:\/\/yoast.com\/product\/yoast-seo-wordpress\/ -->\n<title>Histoire - Paniker<\/title>\n<meta name=\"robots\" content=\"index, follow, max-snippet:-1, max-image-preview:large, max-video-preview:-1\" \/>\n<link rel=\"canonical\" href=\"https:\/\/www.paniker.com\/fr\/societe\/histoire\/\" \/>\n<meta property=\"og:locale\" content=\"fr_FR\" \/>\n<meta property=\"og:type\" content=\"article\" \/>\n<meta property=\"og:title\" content=\"Histoire - Paniker\" \/>\n<meta property=\"og:url\" content=\"https:\/\/www.paniker.com\/fr\/societe\/histoire\/\" \/>\n<meta property=\"og:site_name\" content=\"Paniker\" \/>\n<meta property=\"article:modified_time\" content=\"2023-06-28T20:55:42+00:00\" \/>\n<meta name=\"twitter:card\" content=\"summary_large_image\" \/>\n<meta name=\"twitter:label1\" content=\"Dur\u00e9e de lecture estim\u00e9e\" \/>\n\t<meta name=\"twitter:data1\" content=\"4 minutes\" \/>\n<script type=\"application\/ld+json\" class=\"yoast-schema-graph\">{\"@context\":\"https:\/\/schema.org\",\"@graph\":[{\"@type\":\"WebPage\",\"@id\":\"https:\/\/www.paniker.com\/fr\/societe\/histoire\/\",\"url\":\"https:\/\/www.paniker.com\/fr\/societe\/histoire\/\",\"name\":\"Histoire - Paniker\",\"isPartOf\":{\"@id\":\"https:\/\/www.paniker.com\/#website\"},\"datePublished\":\"2019-12-11T21:39:39+00:00\",\"dateModified\":\"2023-06-28T20:55:42+00:00\",\"breadcrumb\":{\"@id\":\"https:\/\/www.paniker.com\/fr\/societe\/histoire\/#breadcrumb\"},\"inLanguage\":\"fr-FR\",\"potentialAction\":[{\"@type\":\"ReadAction\",\"target\":[\"https:\/\/www.paniker.com\/fr\/societe\/histoire\/\"]}]},{\"@type\":\"BreadcrumbList\",\"@id\":\"https:\/\/www.paniker.com\/fr\/societe\/histoire\/#breadcrumb\",\"itemListElement\":[{\"@type\":\"ListItem\",\"position\":1,\"name\":\"Inici\",\"item\":\"https:\/\/www.paniker.com\/fr\/acceuil\/\"},{\"@type\":\"ListItem\",\"position\":2,\"name\":\"Soci\u00e9t\u00e9\",\"item\":\"https:\/\/www.paniker.com\/fr\/societe\/\"},{\"@type\":\"ListItem\",\"position\":3,\"name\":\"Histoire\"}]},{\"@type\":\"WebSite\",\"@id\":\"https:\/\/www.paniker.com\/#website\",\"url\":\"https:\/\/www.paniker.com\/\",\"name\":\"Paniker\",\"description\":\"L\u00edderes en adhesivos l\u00edquidos y s\u00f3lidos\",\"potentialAction\":[{\"@type\":\"SearchAction\",\"target\":{\"@type\":\"EntryPoint\",\"urlTemplate\":\"https:\/\/www.paniker.com\/?s={search_term_string}\"},\"query-input\":{\"@type\":\"PropertyValueSpecification\",\"valueRequired\":true,\"valueName\":\"search_term_string\"}}],\"inLanguage\":\"fr-FR\"}]}<\/script>\n<!-- \/ Yoast SEO plugin. -->","yoast_head_json":{"title":"Histoire - Paniker","robots":{"index":"index","follow":"follow","max-snippet":"max-snippet:-1","max-image-preview":"max-image-preview:large","max-video-preview":"max-video-preview:-1"},"canonical":"https:\/\/www.paniker.com\/fr\/societe\/histoire\/","og_locale":"fr_FR","og_type":"article","og_title":"Histoire - Paniker","og_url":"https:\/\/www.paniker.com\/fr\/societe\/histoire\/","og_site_name":"Paniker","article_modified_time":"2023-06-28T20:55:42+00:00","twitter_card":"summary_large_image","twitter_misc":{"Dur\u00e9e de lecture estim\u00e9e":"4 minutes"},"schema":{"@context":"https:\/\/schema.org","@graph":[{"@type":"WebPage","@id":"https:\/\/www.paniker.com\/fr\/societe\/histoire\/","url":"https:\/\/www.paniker.com\/fr\/societe\/histoire\/","name":"Histoire - Paniker","isPartOf":{"@id":"https:\/\/www.paniker.com\/#website"},"datePublished":"2019-12-11T21:39:39+00:00","dateModified":"2023-06-28T20:55:42+00:00","breadcrumb":{"@id":"https:\/\/www.paniker.com\/fr\/societe\/histoire\/#breadcrumb"},"inLanguage":"fr-FR","potentialAction":[{"@type":"ReadAction","target":["https:\/\/www.paniker.com\/fr\/societe\/histoire\/"]}]},{"@type":"BreadcrumbList","@id":"https:\/\/www.paniker.com\/fr\/societe\/histoire\/#breadcrumb","itemListElement":[{"@type":"ListItem","position":1,"name":"Inici","item":"https:\/\/www.paniker.com\/fr\/acceuil\/"},{"@type":"ListItem","position":2,"name":"Soci\u00e9t\u00e9","item":"https:\/\/www.paniker.com\/fr\/societe\/"},{"@type":"ListItem","position":3,"name":"Histoire"}]},{"@type":"WebSite","@id":"https:\/\/www.paniker.com\/#website","url":"https:\/\/www.paniker.com\/","name":"Paniker","description":"L\u00edderes en adhesivos l\u00edquidos y s\u00f3lidos","potentialAction":[{"@type":"SearchAction","target":{"@type":"EntryPoint","urlTemplate":"https:\/\/www.paniker.com\/?s={search_term_string}"},"query-input":{"@type":"PropertyValueSpecification","valueRequired":true,"valueName":"search_term_string"}}],"inLanguage":"fr-FR"}]}},"_links":{"self":[{"href":"https:\/\/www.paniker.com\/fr\/wp-json\/wp\/v2\/pages\/768","targetHints":{"allow":["GET"]}}],"collection":[{"href":"https:\/\/www.paniker.com\/fr\/wp-json\/wp\/v2\/pages"}],"about":[{"href":"https:\/\/www.paniker.com\/fr\/wp-json\/wp\/v2\/types\/page"}],"author":[{"embeddable":true,"href":"https:\/\/www.paniker.com\/fr\/wp-json\/wp\/v2\/users\/3"}],"replies":[{"embeddable":true,"href":"https:\/\/www.paniker.com\/fr\/wp-json\/wp\/v2\/comments?post=768"}],"version-history":[{"count":10,"href":"https:\/\/www.paniker.com\/fr\/wp-json\/wp\/v2\/pages\/768\/revisions"}],"predecessor-version":[{"id":3992,"href":"https:\/\/www.paniker.com\/fr\/wp-json\/wp\/v2\/pages\/768\/revisions\/3992"}],"up":[{"embeddable":true,"href":"https:\/\/www.paniker.com\/fr\/wp-json\/wp\/v2\/pages\/764"}],"wp:attachment":[{"href":"https:\/\/www.paniker.com\/fr\/wp-json\/wp\/v2\/media?parent=768"}],"curies":[{"name":"wp","href":"https:\/\/api.w.org\/{rel}","templated":true}]}}