{"id":773,"date":"2019-12-11T21:51:33","date_gmt":"2019-12-11T21:51:33","guid":{"rendered":"http:\/\/paniker.ergatesweb4.ovh\/fr\/empresa\/paniker\/"},"modified":"2023-06-28T20:57:26","modified_gmt":"2023-06-28T20:57:26","slug":"paniker","status":"publish","type":"page","link":"https:\/\/www.paniker.com\/fr\/societe\/paniker\/","title":{"rendered":"Paniker"},"content":{"rendered":"<p>\n<style type=\"text\/css\" data-created_by=\"avia_inline_auto\" id=\"style-css-av-k58qmwan-49a326b3a50ceb848151705c7eae0579\">\n.flex_column.av-k58qmwan-49a326b3a50ceb848151705c7eae0579{\nborder-radius:0px 0px 0px 0px;\npadding:0px 0px 0px 0px;\n}\n<\/style>\n<div  class='flex_column av-k58qmwan-49a326b3a50ceb848151705c7eae0579 av_one_full  avia-builder-el-0  el_before_av_one_full  avia-builder-el-first  first flex_column_div av-zero-column-padding  '     ><p><section  class='av_textblock_section av-k53ugnnr-71b331c6dbe8d4be30495790c4b1a2b6 '   itemscope=\"itemscope\" itemtype=\"https:\/\/schema.org\/CreativeWork\" ><div class='av-desktop-hide av-medium-hide avia_textblock'  itemprop=\"text\" ><p>[layerslider id=\u00a0\u00bb31&Prime;]<\/p>\n<\/div><\/section><br \/>\n<section  class='av_textblock_section av-k53ugnnr-1a2adcf665acd3e14f2ea2249d396ce6 '   itemscope=\"itemscope\" itemtype=\"https:\/\/schema.org\/CreativeWork\" ><div class='av-small-hide av-mini-hide avia_textblock'  itemprop=\"text\" ><p>[layerslider id=\u00a0\u00bb30&Prime;]<\/p>\n<\/div><\/section><br \/>\n\n<style type=\"text\/css\" data-created_by=\"avia_inline_auto\" id=\"style-css-av-6w81y-fada0c2b7e80752dd2707925d8e43d5d\">\n#top .hr.hr-invisible.av-6w81y-fada0c2b7e80752dd2707925d8e43d5d{\nheight:50px;\n}\n<\/style>\n<div  class='hr av-6w81y-fada0c2b7e80752dd2707925d8e43d5d hr-invisible  avia-builder-el-3  el_after_av_textblock  avia-builder-el-last '><span class='hr-inner '><span class=\"hr-inner-style\"><\/span><\/span><\/div><\/p><\/div><br \/>\n\n<style type=\"text\/css\" data-created_by=\"avia_inline_auto\" id=\"style-css-av-k41tibc7-24852eed5bbb564d5f080aab7f24e8fb\">\n#top .flex_column.av-k41tibc7-24852eed5bbb564d5f080aab7f24e8fb{\nmargin-top:0px;\nmargin-bottom:50px;\n}\n.flex_column.av-k41tibc7-24852eed5bbb564d5f080aab7f24e8fb{\nborder-radius:0px 0px 0px 0px;\npadding:0px 0px 0px 0px;\n}\n.responsive #top #wrap_all .flex_column.av-k41tibc7-24852eed5bbb564d5f080aab7f24e8fb{\nmargin-top:0px;\nmargin-bottom:50px;\n}\n<\/style>\n<div  class='flex_column av-k41tibc7-24852eed5bbb564d5f080aab7f24e8fb av_one_full  avia-builder-el-4  el_after_av_one_full  el_before_av_one_third  box-gray first flex_column_div av-animated-generic fade-in av-zero-column-padding  column-top-margin'     ><section  class='av_textblock_section av-k41tfv25-8f797c2ceb2f3cddc332ffa70100533f '   itemscope=\"itemscope\" itemtype=\"https:\/\/schema.org\/CreativeWork\" ><div class='avia_textblock'  itemprop=\"text\" ><h1>Bienvenue \u00e0 Paniker<\/h1>\n<p>Notre usine situ\u00e9e \u00e0 Barcelone \u00e0 plus de 12 000 m2 dans lesquels nous fabriquons des adh\u00e9sifs liquides \u00e0 base eau, \u00e0 base solvant, polyur\u00e9thane et bicomposants. Toutes nos sections comptent avec la technologie la plus moderne. Les processus de production sont conformes \u00e0 la r\u00e9glementation ISO 9001 et sont enti\u00e8rement automatis\u00e9s, \u00e9tant respectueux avec l&rsquo;environnement, comme le d\u00e9montre notre processus de purification, du recyclage et de traitement des d\u00e9chets.<\/p>\n<p>Actuellement, Paniker est la plus grande usine d\u2019adh\u00e9sifs liquides d&rsquo;Espagne avec 27 lignes de production et une capacit\u00e9 de 44 000 tonnes par an. Gr\u00e2ce \u00e0 cette capacit\u00e9 de production, nos clients b\u00e9n\u00e9ficient de d\u00e9lais de livraison courts.<\/p>\n<\/div><\/section><br \/>\n\n<style type=\"text\/css\" data-created_by=\"avia_inline_auto\" id=\"style-css-av-k41tw9g1-0e33fbf987f821ed5221edfc80a35441\">\n.avia-image-container.av-k41tw9g1-0e33fbf987f821ed5221edfc80a35441 img.avia_image{\nbox-shadow:none;\n}\n.avia-image-container.av-k41tw9g1-0e33fbf987f821ed5221edfc80a35441 .av-image-caption-overlay-center{\ncolor:#ffffff;\n}\n<\/style>\n<div  class='avia-image-container av-k41tw9g1-0e33fbf987f821ed5221edfc80a35441 av-styling- avia-align-left  avia-builder-el-6  el_after_av_textblock  avia-builder-el-last '   itemprop=\"image\" itemscope=\"itemscope\" itemtype=\"https:\/\/schema.org\/ImageObject\" ><div class=\"avia-image-container-inner\"><div class=\"avia-image-overlay-wrap\"><img decoding=\"async\" fetchpriority=\"high\" class='wp-image-995 avia-img-lazy-loading-not-995 avia_image ' src=\"https:\/\/www.paniker.com\/wp-content\/uploads\/2019\/12\/bureau-veritas-paniker.jpg\" alt='' title='bureau-veritas-paniker'  height=\"106\" width=\"185\"  itemprop=\"thumbnailUrl\"  \/><\/div><\/div><\/div><\/p><\/div><br \/>\n<div class='flex_column_table av-k3z0e93g-816b70584cc6d4c854265118b0687d55 sc-av_one_third av-equal-height-column-flextable'>\n<style type=\"text\/css\" data-created_by=\"avia_inline_auto\" id=\"style-css-av-k3z0e93g-816b70584cc6d4c854265118b0687d55\">\n.flex_column.av-k3z0e93g-816b70584cc6d4c854265118b0687d55{\nborder-radius:0px 0px 0px 0px;\npadding:0px 0px 0px 0px;\n}\n<\/style>\n<div  class='flex_column av-k3z0e93g-816b70584cc6d4c854265118b0687d55 av_one_third  avia-builder-el-7  el_after_av_one_full  el_before_av_one_third  box-blue first no_margin flex_column_table_cell av-equal-height-column av-align-top av-zero-column-padding  column-top-margin'     ><section  class='av_textblock_section av-k3z0gbqk-c664d41b30fb27305d2fec9121f5eebc '   itemscope=\"itemscope\" itemtype=\"https:\/\/schema.org\/CreativeWork\" ><div class='avia_textblock'  itemprop=\"text\" ><h2>Histoire<\/h2>\n<p>Fond\u00e9e en 1922, Paniker est l&rsquo;une des plus anciennes industries du secteur des adh\u00e9sifs en Espagne. Dominant l&rsquo;industrie de la chaussure, Paniker s&rsquo;est d\u00e9velopp\u00e9e pour \u00eatre pr\u00e9sente sur un large \u00e9ventail de march\u00e9s exigeants comme la manipulation du papier, r\u00e9cipient et emballages, packaging, \u00e9tiquetage, arts graphiques, bois, chaussures et automobile.<\/p>\n<p><a class=\"button-link\" href=\"\/fr\/societe\/histoire\/\"><label>Plus d&rsquo;information<\/label><\/a><\/p>\n<\/div><\/section><\/div><br \/>\n\n<style type=\"text\/css\" data-created_by=\"avia_inline_auto\" id=\"style-css-av-8mxhx-074f5af6b71c8b2043d660e2d7072b30\">\n.flex_column.av-8mxhx-074f5af6b71c8b2043d660e2d7072b30{\nborder-radius:0px 0px 0px 0px;\npadding:0px 0px 0px 0px;\n}\n<\/style>\n<div  class='flex_column av-8mxhx-074f5af6b71c8b2043d660e2d7072b30 av_one_third  avia-builder-el-9  el_after_av_one_third  el_before_av_one_third  box-red no_margin flex_column_table_cell av-equal-height-column av-align-top av-zero-column-padding  column-top-margin'     ><section  class='av_textblock_section av-k3z0gbqk-af2af94ac404b8ee0d4a01bbc50a6598 '   itemscope=\"itemscope\" itemtype=\"https:\/\/schema.org\/CreativeWork\" ><div class='avia_textblock'  itemprop=\"text\" ><h2>I+D+I | Environnement<\/h2>\n<p>Fid\u00e8le \u00e0 l&rsquo;un de nos piliers, chez Paniker, nous disposons d&rsquo;un des laboratoires les plus complets de l&rsquo;industrie de l&rsquo;adh\u00e9sif qui, accompagn\u00e9 d&rsquo;un personnel hautement qualifi\u00e9, nous permet d&rsquo;offrir \u00e0 nos clients un service exclusif de recherche et de conseil technique, capable de garantir \u00e0 tout moment que nos produits r\u00e9pondent aux attentes des clients et satisfont leurs besoins.<\/p>\n<p><a class=\"button-link\" href=\"\/fr\/societe\/rdi-environnement\/\"><label>Plus d&rsquo;information<\/label><\/a><\/p>\n<\/div><\/section><\/div><br \/>\n\n<style type=\"text\/css\" data-created_by=\"avia_inline_auto\" id=\"style-css-av-dgwm5-83d3716441ed665de7864ee5f36a167e\">\n.flex_column.av-dgwm5-83d3716441ed665de7864ee5f36a167e{\nborder-radius:0px 0px 0px 0px;\npadding:0px 0px 0px 0px;\n}\n<\/style>\n<div  class='flex_column av-dgwm5-83d3716441ed665de7864ee5f36a167e av_one_third  avia-builder-el-11  el_after_av_one_third  avia-builder-el-last  box-blue no_margin flex_column_table_cell av-equal-height-column av-align-top av-zero-column-padding  column-top-margin'     ><section  class='av_textblock_section av-8zbhh-9c21167dffa89d9bd03f1b8f10491d0a '   itemscope=\"itemscope\" itemtype=\"https:\/\/schema.org\/CreativeWork\" ><div class='avia_textblock'  itemprop=\"text\" ><h2>Qualit\u00e9<\/h2>\n<p>Chez PANIKER, en tant que fabricants d&rsquo;adh\u00e9sifs experts et conform\u00e9ment \u00e0 notre politique de qualit\u00e9, nous souhaitons garantir la qualit\u00e9 de nos produits.<br \/>\nPour cette raison, nous sommes certifi\u00e9s ISO 9001: 2015, conform\u00e9ment aux exigences de d\u00e9veloppement, fabrication et commercialisation d&rsquo;adh\u00e9sifs et de colles.<\/p>\n<p><a class=\"button-link\" href=\"\/fr\/societe\/qualite\/\"><label>Plus d&rsquo;information<\/label><\/a><\/p>\n<\/div><\/section><\/div><\/div><!--close column table wrapper. Autoclose: 1 --><\/p>\n","protected":false},"excerpt":{"rendered":"","protected":false},"author":3,"featured_media":0,"parent":764,"menu_order":0,"comment_status":"closed","ping_status":"closed","template":"","meta":{"footnotes":""},"class_list":["post-773","page","type-page","status-publish","hentry"],"yoast_head":"<!-- This site is optimized with the Yoast SEO plugin v27.3 - https:\/\/yoast.com\/product\/yoast-seo-wordpress\/ -->\n<title>Paniker - Paniker<\/title>\n<meta name=\"robots\" content=\"index, follow, max-snippet:-1, max-image-preview:large, max-video-preview:-1\" \/>\n<link rel=\"canonical\" href=\"https:\/\/www.paniker.com\/fr\/societe\/paniker\/\" \/>\n<meta property=\"og:locale\" content=\"fr_FR\" \/>\n<meta property=\"og:type\" content=\"article\" \/>\n<meta property=\"og:title\" content=\"Paniker - Paniker\" \/>\n<meta property=\"og:url\" content=\"https:\/\/www.paniker.com\/fr\/societe\/paniker\/\" \/>\n<meta property=\"og:site_name\" content=\"Paniker\" \/>\n<meta property=\"article:modified_time\" content=\"2023-06-28T20:57:26+00:00\" \/>\n<meta name=\"twitter:card\" content=\"summary_large_image\" \/>\n<meta name=\"twitter:label1\" content=\"Dur\u00e9e de lecture estim\u00e9e\" \/>\n\t<meta name=\"twitter:data1\" content=\"4 minutes\" \/>\n<script type=\"application\/ld+json\" class=\"yoast-schema-graph\">{\"@context\":\"https:\\\/\\\/schema.org\",\"@graph\":[{\"@type\":\"WebPage\",\"@id\":\"https:\\\/\\\/www.paniker.com\\\/fr\\\/societe\\\/paniker\\\/\",\"url\":\"https:\\\/\\\/www.paniker.com\\\/fr\\\/societe\\\/paniker\\\/\",\"name\":\"Paniker - Paniker\",\"isPartOf\":{\"@id\":\"https:\\\/\\\/www.paniker.com\\\/#website\"},\"datePublished\":\"2019-12-11T21:51:33+00:00\",\"dateModified\":\"2023-06-28T20:57:26+00:00\",\"breadcrumb\":{\"@id\":\"https:\\\/\\\/www.paniker.com\\\/fr\\\/societe\\\/paniker\\\/#breadcrumb\"},\"inLanguage\":\"fr-FR\",\"potentialAction\":[{\"@type\":\"ReadAction\",\"target\":[\"https:\\\/\\\/www.paniker.com\\\/fr\\\/societe\\\/paniker\\\/\"]}]},{\"@type\":\"BreadcrumbList\",\"@id\":\"https:\\\/\\\/www.paniker.com\\\/fr\\\/societe\\\/paniker\\\/#breadcrumb\",\"itemListElement\":[{\"@type\":\"ListItem\",\"position\":1,\"name\":\"Inici\",\"item\":\"https:\\\/\\\/www.paniker.com\\\/fr\\\/acceuil\\\/\"},{\"@type\":\"ListItem\",\"position\":2,\"name\":\"Soci\u00e9t\u00e9\",\"item\":\"https:\\\/\\\/www.paniker.com\\\/fr\\\/societe\\\/\"},{\"@type\":\"ListItem\",\"position\":3,\"name\":\"Paniker\"}]},{\"@type\":\"WebSite\",\"@id\":\"https:\\\/\\\/www.paniker.com\\\/#website\",\"url\":\"https:\\\/\\\/www.paniker.com\\\/\",\"name\":\"Paniker\",\"description\":\"L\u00edderes en adhesivos l\u00edquidos y s\u00f3lidos\",\"potentialAction\":[{\"@type\":\"SearchAction\",\"target\":{\"@type\":\"EntryPoint\",\"urlTemplate\":\"https:\\\/\\\/www.paniker.com\\\/?s={search_term_string}\"},\"query-input\":{\"@type\":\"PropertyValueSpecification\",\"valueRequired\":true,\"valueName\":\"search_term_string\"}}],\"inLanguage\":\"fr-FR\"}]}<\/script>\n<!-- \/ Yoast SEO plugin. -->","yoast_head_json":{"title":"Paniker - Paniker","robots":{"index":"index","follow":"follow","max-snippet":"max-snippet:-1","max-image-preview":"max-image-preview:large","max-video-preview":"max-video-preview:-1"},"canonical":"https:\/\/www.paniker.com\/fr\/societe\/paniker\/","og_locale":"fr_FR","og_type":"article","og_title":"Paniker - Paniker","og_url":"https:\/\/www.paniker.com\/fr\/societe\/paniker\/","og_site_name":"Paniker","article_modified_time":"2023-06-28T20:57:26+00:00","twitter_card":"summary_large_image","twitter_misc":{"Dur\u00e9e de lecture estim\u00e9e":"4 minutes"},"schema":{"@context":"https:\/\/schema.org","@graph":[{"@type":"WebPage","@id":"https:\/\/www.paniker.com\/fr\/societe\/paniker\/","url":"https:\/\/www.paniker.com\/fr\/societe\/paniker\/","name":"Paniker - Paniker","isPartOf":{"@id":"https:\/\/www.paniker.com\/#website"},"datePublished":"2019-12-11T21:51:33+00:00","dateModified":"2023-06-28T20:57:26+00:00","breadcrumb":{"@id":"https:\/\/www.paniker.com\/fr\/societe\/paniker\/#breadcrumb"},"inLanguage":"fr-FR","potentialAction":[{"@type":"ReadAction","target":["https:\/\/www.paniker.com\/fr\/societe\/paniker\/"]}]},{"@type":"BreadcrumbList","@id":"https:\/\/www.paniker.com\/fr\/societe\/paniker\/#breadcrumb","itemListElement":[{"@type":"ListItem","position":1,"name":"Inici","item":"https:\/\/www.paniker.com\/fr\/acceuil\/"},{"@type":"ListItem","position":2,"name":"Soci\u00e9t\u00e9","item":"https:\/\/www.paniker.com\/fr\/societe\/"},{"@type":"ListItem","position":3,"name":"Paniker"}]},{"@type":"WebSite","@id":"https:\/\/www.paniker.com\/#website","url":"https:\/\/www.paniker.com\/","name":"Paniker","description":"L\u00edderes en adhesivos l\u00edquidos y s\u00f3lidos","potentialAction":[{"@type":"SearchAction","target":{"@type":"EntryPoint","urlTemplate":"https:\/\/www.paniker.com\/?s={search_term_string}"},"query-input":{"@type":"PropertyValueSpecification","valueRequired":true,"valueName":"search_term_string"}}],"inLanguage":"fr-FR"}]}},"_links":{"self":[{"href":"https:\/\/www.paniker.com\/fr\/wp-json\/wp\/v2\/pages\/773","targetHints":{"allow":["GET"]}}],"collection":[{"href":"https:\/\/www.paniker.com\/fr\/wp-json\/wp\/v2\/pages"}],"about":[{"href":"https:\/\/www.paniker.com\/fr\/wp-json\/wp\/v2\/types\/page"}],"author":[{"embeddable":true,"href":"https:\/\/www.paniker.com\/fr\/wp-json\/wp\/v2\/users\/3"}],"replies":[{"embeddable":true,"href":"https:\/\/www.paniker.com\/fr\/wp-json\/wp\/v2\/comments?post=773"}],"version-history":[{"count":10,"href":"https:\/\/www.paniker.com\/fr\/wp-json\/wp\/v2\/pages\/773\/revisions"}],"predecessor-version":[{"id":3408,"href":"https:\/\/www.paniker.com\/fr\/wp-json\/wp\/v2\/pages\/773\/revisions\/3408"}],"up":[{"embeddable":true,"href":"https:\/\/www.paniker.com\/fr\/wp-json\/wp\/v2\/pages\/764"}],"wp:attachment":[{"href":"https:\/\/www.paniker.com\/fr\/wp-json\/wp\/v2\/media?parent=773"}],"curies":[{"name":"wp","href":"https:\/\/api.w.org\/{rel}","templated":true}]}}