{"id":794,"date":"2019-12-20T16:16:15","date_gmt":"2019-12-20T16:16:15","guid":{"rendered":"http:\/\/paniker.ergatesweb4.ovh\/fr\/adhesivos\/base-solvente\/"},"modified":"2020-07-02T08:28:33","modified_gmt":"2020-07-02T08:28:33","slug":"base-solvant","status":"publish","type":"page","link":"https:\/\/www.paniker.com\/fr\/adhesifs\/base-solvant\/","title":{"rendered":"Base solvant"},"content":{"rendered":"<div  class='avia-slideshow av-k3z0a57v-b9e7aeaab433984110b592f1954a20c4 avia-slideshow-no scaling av_slideshow avia-slide-slider  avia-builder-el-0  el_before_av_one_full  avia-builder-el-first  av-desktop-hide av-medium-hide av-slideshow-ui av-control-minimal av-slideshow-manual av-loop-once av-loop-manual-endless av-default-height-applied avia-slideshow-1' data-slideshow-options=\"{&quot;animation&quot;:&quot;slide&quot;,&quot;autoplay&quot;:false,&quot;loop_autoplay&quot;:&quot;once&quot;,&quot;interval&quot;:5,&quot;loop_manual&quot;:&quot;manual-endless&quot;,&quot;autoplay_stopper&quot;:false,&quot;noNavigation&quot;:false,&quot;bg_slider&quot;:false,&quot;keep_padding&quot;:false,&quot;hoverpause&quot;:false,&quot;show_slide_delay&quot;:0}\"  itemprop=\"image\" itemscope=\"itemscope\" itemtype=\"https:\/\/schema.org\/ImageObject\" ><ul class='avia-slideshow-inner ' style='padding-bottom: 125%;'><li  class='avia-slideshow-slide av-k3z0a57v-b9e7aeaab433984110b592f1954a20c4__0  slide-1 slide-odd'><div data-rel='slideshow-1' class='avia-slide-wrap '   ><img decoding=\"async\" fetchpriority=\"high\" class=\"wp-image-1593 avia-img-lazy-loading-not-1593\"  src=\"https:\/\/www.paniker.com\/wp-content\/uploads\/2020\/06\/Adhesivos-Base-Solvent-Paniker-Escritorio.jpg\" width=\"1200\" height=\"1500\" title='Adhesivos-Base-Solvent-Paniker-Escritorio' alt=''  itemprop=\"thumbnailUrl\" srcset=\"https:\/\/www.paniker.com\/wp-content\/uploads\/2020\/06\/Adhesivos-Base-Solvent-Paniker-Escritorio.jpg 1200w, https:\/\/www.paniker.com\/wp-content\/uploads\/2020\/06\/Adhesivos-Base-Solvent-Paniker-Escritorio-240x300.jpg 240w, https:\/\/www.paniker.com\/wp-content\/uploads\/2020\/06\/Adhesivos-Base-Solvent-Paniker-Escritorio-824x1030.jpg 824w, https:\/\/www.paniker.com\/wp-content\/uploads\/2020\/06\/Adhesivos-Base-Solvent-Paniker-Escritorio-768x960.jpg 768w, https:\/\/www.paniker.com\/wp-content\/uploads\/2020\/06\/Adhesivos-Base-Solvent-Paniker-Escritorio-564x705.jpg 564w\" sizes=\"(max-width: 1200px) 100vw, 1200px\" \/><\/div><\/li><li  class='avia-slideshow-slide av-k3z0a57v-b9e7aeaab433984110b592f1954a20c4__1  slide-2 slide-even'><div data-rel='slideshow-1' class='avia-slide-wrap '   ><img decoding=\"async\" fetchpriority=\"high\" class=\"wp-image-1355 avia-img-lazy-loading-not-1355\"  src=\"https:\/\/www.paniker.com\/wp-content\/uploads\/2020\/02\/paniker-adhesivos-base-solvente-02.jpg\" width=\"1200\" height=\"1500\" title='paniker-adhesivos-base-solvente-02' alt=''  itemprop=\"thumbnailUrl\" srcset=\"https:\/\/www.paniker.com\/wp-content\/uploads\/2020\/02\/paniker-adhesivos-base-solvente-02.jpg 1200w, https:\/\/www.paniker.com\/wp-content\/uploads\/2020\/02\/paniker-adhesivos-base-solvente-02-240x300.jpg 240w, https:\/\/www.paniker.com\/wp-content\/uploads\/2020\/02\/paniker-adhesivos-base-solvente-02-824x1030.jpg 824w, https:\/\/www.paniker.com\/wp-content\/uploads\/2020\/02\/paniker-adhesivos-base-solvente-02-768x960.jpg 768w, https:\/\/www.paniker.com\/wp-content\/uploads\/2020\/02\/paniker-adhesivos-base-solvente-02-564x705.jpg 564w\" sizes=\"(max-width: 1200px) 100vw, 1200px\" \/><\/div><\/li><\/ul><div class='avia-slideshow-arrows avia-slideshow-controls' ><a href='#prev' class='prev-slide  avia-svg-icon avia-font-svg_entypo-fontello' data-av_svg_icon='left-open-big' data-av_iconset='svg_entypo-fontello' tabindex='-1' title=\"Pr\u00e9c\u00e9dent\"><svg version=\"1.1\" xmlns=\"http:\/\/www.w3.org\/2000\/svg\" width=\"15\" height=\"32\" viewBox=\"0 0 15 32\" preserveAspectRatio=\"xMidYMid meet\" aria-labelledby='av-svg-title-1' aria-describedby='av-svg-desc-1' role=\"graphics-symbol\" aria-hidden=\"true\">\n<title id='av-svg-title-1'>Pr\u00e9c\u00e9dent<\/title>\n<desc id='av-svg-desc-1'>Pr\u00e9c\u00e9dent<\/desc>\n<path d=\"M14.464 27.84q0.832 0.832 0 1.536-0.832 0.832-1.536 0l-12.544-12.608q-0.768-0.768 0-1.6l12.544-12.608q0.704-0.832 1.536 0 0.832 0.704 0 1.536l-11.456 11.904z\"><\/path>\n<\/svg><span class='avia_hidden_link_text'>Pr\u00e9c\u00e9dent<\/span><\/a><a href='#next' class='next-slide  avia-svg-icon avia-font-svg_entypo-fontello' data-av_svg_icon='right-open-big' data-av_iconset='svg_entypo-fontello' tabindex='-1' title=\"Suivant\"><svg version=\"1.1\" xmlns=\"http:\/\/www.w3.org\/2000\/svg\" width=\"15\" height=\"32\" viewBox=\"0 0 15 32\" preserveAspectRatio=\"xMidYMid meet\" aria-labelledby='av-svg-title-2' aria-describedby='av-svg-desc-2' role=\"graphics-symbol\" aria-hidden=\"true\">\n<title id='av-svg-title-2'>Suivant<\/title>\n<desc id='av-svg-desc-2'>Suivant<\/desc>\n<path d=\"M0.416 27.84l11.456-11.84-11.456-11.904q-0.832-0.832 0-1.536 0.832-0.832 1.536 0l12.544 12.608q0.768 0.832 0 1.6l-12.544 12.608q-0.704 0.832-1.536 0-0.832-0.704 0-1.536z\"><\/path>\n<\/svg><span class='avia_hidden_link_text'>Suivant<\/span><\/a><\/div><div class='avia-slideshow-dots avia-slideshow-controls'><a href='#1' class='goto-slide active' >1<\/a><a href='#2' class='goto-slide ' >2<\/a><\/div><\/div>\n\n<style type=\"text\/css\" data-created_by=\"avia_inline_auto\" id=\"style-css-av-k5gmi2kt-23f3ca5c263c5a7fd4562402a5498c78\">\n.flex_column.av-k5gmi2kt-23f3ca5c263c5a7fd4562402a5498c78{\nborder-radius:0px 0px 0px 0px;\npadding:0px 0px 50px 0px;\n}\n<\/style>\n<div  class='flex_column av-k5gmi2kt-23f3ca5c263c5a7fd4562402a5498c78 av_one_full  avia-builder-el-1  el_after_av_slideshow  el_before_av_one_full  first flex_column_div  '     ><div  class='avia-slideshow av-k3z0a57v-42bc83732899bdae97473a31c67f7f3f avia-slideshow-no scaling av_slideshow avia-slide-slider  avia-builder-el-2  avia-builder-el-no-sibling  av-small-hide av-mini-hide av-slideshow-ui av-control-minimal av-slideshow-manual av-loop-once av-loop-manual-endless av-default-height-applied avia-slideshow-2' data-slideshow-options=\"{&quot;animation&quot;:&quot;slide&quot;,&quot;autoplay&quot;:false,&quot;loop_autoplay&quot;:&quot;once&quot;,&quot;interval&quot;:5,&quot;loop_manual&quot;:&quot;manual-endless&quot;,&quot;autoplay_stopper&quot;:false,&quot;noNavigation&quot;:false,&quot;bg_slider&quot;:false,&quot;keep_padding&quot;:false,&quot;hoverpause&quot;:false,&quot;show_slide_delay&quot;:0}\"  itemprop=\"image\" itemscope=\"itemscope\" itemtype=\"https:\/\/schema.org\/ImageObject\" ><ul class='avia-slideshow-inner ' style='padding-bottom: 44.901960784314%;'><li  class='avia-slideshow-slide av-k3z0a57v-42bc83732899bdae97473a31c67f7f3f__0  slide-1 slide-odd'><div data-rel='slideshow-2' class='avia-slide-wrap '   ><img decoding=\"async\" fetchpriority=\"high\" class=\"wp-image-1601 avia-img-lazy-loading-not-1601\"  src=\"https:\/\/www.paniker.com\/wp-content\/uploads\/2020\/06\/Adhesivos-Base-Solvent-Paniker-Dispositius.jpg\" width=\"1530\" height=\"687\" title='Adhesivos-Base-Solvent-Paniker-Dispositius' alt=''  itemprop=\"thumbnailUrl\" srcset=\"https:\/\/www.paniker.com\/wp-content\/uploads\/2020\/06\/Adhesivos-Base-Solvent-Paniker-Dispositius.jpg 1530w, https:\/\/www.paniker.com\/wp-content\/uploads\/2020\/06\/Adhesivos-Base-Solvent-Paniker-Dispositius-300x135.jpg 300w, https:\/\/www.paniker.com\/wp-content\/uploads\/2020\/06\/Adhesivos-Base-Solvent-Paniker-Dispositius-1030x462.jpg 1030w, https:\/\/www.paniker.com\/wp-content\/uploads\/2020\/06\/Adhesivos-Base-Solvent-Paniker-Dispositius-768x345.jpg 768w, https:\/\/www.paniker.com\/wp-content\/uploads\/2020\/06\/Adhesivos-Base-Solvent-Paniker-Dispositius-1500x674.jpg 1500w, https:\/\/www.paniker.com\/wp-content\/uploads\/2020\/06\/Adhesivos-Base-Solvent-Paniker-Dispositius-705x317.jpg 705w\" sizes=\"(max-width: 1530px) 100vw, 1530px\" \/><\/div><\/li><li  class='avia-slideshow-slide av-k3z0a57v-42bc83732899bdae97473a31c67f7f3f__1  slide-2 slide-even'><div data-rel='slideshow-2' class='avia-slide-wrap '   ><img decoding=\"async\" fetchpriority=\"high\" class=\"wp-image-1313 avia-img-lazy-loading-not-1313\"  src=\"https:\/\/www.paniker.com\/wp-content\/uploads\/2020\/02\/adhesivos-solvente-paniker-02.jpg\" width=\"1530\" height=\"687\" title='adhesivos-solvente-paniker-02' alt=''  itemprop=\"thumbnailUrl\" srcset=\"https:\/\/www.paniker.com\/wp-content\/uploads\/2020\/02\/adhesivos-solvente-paniker-02.jpg 1530w, https:\/\/www.paniker.com\/wp-content\/uploads\/2020\/02\/adhesivos-solvente-paniker-02-300x135.jpg 300w, https:\/\/www.paniker.com\/wp-content\/uploads\/2020\/02\/adhesivos-solvente-paniker-02-1030x462.jpg 1030w, https:\/\/www.paniker.com\/wp-content\/uploads\/2020\/02\/adhesivos-solvente-paniker-02-768x345.jpg 768w, https:\/\/www.paniker.com\/wp-content\/uploads\/2020\/02\/adhesivos-solvente-paniker-02-1500x674.jpg 1500w, https:\/\/www.paniker.com\/wp-content\/uploads\/2020\/02\/adhesivos-solvente-paniker-02-705x317.jpg 705w\" sizes=\"(max-width: 1530px) 100vw, 1530px\" \/><\/div><\/li><\/ul><div class='avia-slideshow-arrows avia-slideshow-controls' ><a href='#prev' class='prev-slide  avia-svg-icon avia-font-svg_entypo-fontello' data-av_svg_icon='left-open-big' data-av_iconset='svg_entypo-fontello' tabindex='-1' title=\"Pr\u00e9c\u00e9dent\"><svg version=\"1.1\" xmlns=\"http:\/\/www.w3.org\/2000\/svg\" width=\"15\" height=\"32\" viewBox=\"0 0 15 32\" preserveAspectRatio=\"xMidYMid meet\" aria-labelledby='av-svg-title-3' aria-describedby='av-svg-desc-3' role=\"graphics-symbol\" aria-hidden=\"true\">\n<title id='av-svg-title-3'>Pr\u00e9c\u00e9dent<\/title>\n<desc id='av-svg-desc-3'>Pr\u00e9c\u00e9dent<\/desc>\n<path d=\"M14.464 27.84q0.832 0.832 0 1.536-0.832 0.832-1.536 0l-12.544-12.608q-0.768-0.768 0-1.6l12.544-12.608q0.704-0.832 1.536 0 0.832 0.704 0 1.536l-11.456 11.904z\"><\/path>\n<\/svg><span class='avia_hidden_link_text'>Pr\u00e9c\u00e9dent<\/span><\/a><a href='#next' class='next-slide  avia-svg-icon avia-font-svg_entypo-fontello' data-av_svg_icon='right-open-big' data-av_iconset='svg_entypo-fontello' tabindex='-1' title=\"Suivant\"><svg version=\"1.1\" xmlns=\"http:\/\/www.w3.org\/2000\/svg\" width=\"15\" height=\"32\" viewBox=\"0 0 15 32\" preserveAspectRatio=\"xMidYMid meet\" aria-labelledby='av-svg-title-4' aria-describedby='av-svg-desc-4' role=\"graphics-symbol\" aria-hidden=\"true\">\n<title id='av-svg-title-4'>Suivant<\/title>\n<desc id='av-svg-desc-4'>Suivant<\/desc>\n<path d=\"M0.416 27.84l11.456-11.84-11.456-11.904q-0.832-0.832 0-1.536 0.832-0.832 1.536 0l12.544 12.608q0.768 0.832 0 1.6l-12.544 12.608q-0.704 0.832-1.536 0-0.832-0.704 0-1.536z\"><\/path>\n<\/svg><span class='avia_hidden_link_text'>Suivant<\/span><\/a><\/div><div class='avia-slideshow-dots avia-slideshow-controls'><a href='#1' class='goto-slide active' >1<\/a><a href='#2' class='goto-slide ' >2<\/a><\/div><\/div><\/div>\n\n<style type=\"text\/css\" data-created_by=\"avia_inline_auto\" id=\"style-css-av-k41tibc7-24852eed5bbb564d5f080aab7f24e8fb\">\n#top .flex_column.av-k41tibc7-24852eed5bbb564d5f080aab7f24e8fb{\nmargin-top:0px;\nmargin-bottom:50px;\n}\n.flex_column.av-k41tibc7-24852eed5bbb564d5f080aab7f24e8fb{\nborder-radius:0px 0px 0px 0px;\npadding:0px 0px 0px 0px;\n}\n.responsive #top #wrap_all .flex_column.av-k41tibc7-24852eed5bbb564d5f080aab7f24e8fb{\nmargin-top:0px;\nmargin-bottom:50px;\n}\n<\/style>\n<div  class='flex_column av-k41tibc7-24852eed5bbb564d5f080aab7f24e8fb av_one_full  avia-builder-el-3  el_after_av_one_full  el_before_av_one_full  box-gray first flex_column_div av-animated-generic fade-in av-zero-column-padding  column-top-margin'     ><section  class='av_textblock_section av-k41tfv25-8f797c2ceb2f3cddc332ffa70100533f '   itemscope=\"itemscope\" itemtype=\"https:\/\/schema.org\/CreativeWork\" ><div class='avia_textblock'  itemprop=\"text\" ><h1>Base Solvant<\/h1>\n<p>Nous fabriquons une large gamme d&rsquo;adh\u00e9sifs \u00e0 base de solvants qui sont compos\u00e9s de polym\u00e8res dissous dans des solvants organiques.<\/p>\n<ul>\n<li>Polychloropr\u00e8ne (colle de contact)<\/li>\n<li>Polyur\u00e9thanes<\/li>\n<li>Caoutchoucs synth\u00e9tiques<\/li>\n<li>Caoutchouc naturel<\/li>\n<\/ul>\n<p>Ces adh\u00e9sifs sont normalement utilis\u00e9s pour coller du plastique, du cuir, du bois, des mat\u00e9riaux en mousse.<br \/>\n<strong>ROYAL CALIFORNIA, ESTRATICOL, ADHESIVO KOLTAC<\/strong> sont nos marques commerciales.<\/p>\n<p>MARCH\u00c9S : Bois, chaussure, tapisserie.<\/p>\n<\/div><\/section><\/div>\n\n<style type=\"text\/css\" data-created_by=\"avia_inline_auto\" id=\"style-css-av-k41tibc7-24852eed5bbb564d5f080aab7f24e8fb\">\n#top .flex_column.av-k41tibc7-24852eed5bbb564d5f080aab7f24e8fb{\nmargin-top:0px;\nmargin-bottom:50px;\n}\n.flex_column.av-k41tibc7-24852eed5bbb564d5f080aab7f24e8fb{\nborder-radius:0px 0px 0px 0px;\npadding:0px 0px 0px 0px;\n}\n.responsive #top #wrap_all .flex_column.av-k41tibc7-24852eed5bbb564d5f080aab7f24e8fb{\nmargin-top:0px;\nmargin-bottom:50px;\n}\n<\/style>\n<div  class='flex_column av-k41tibc7-24852eed5bbb564d5f080aab7f24e8fb av_one_full  avia-builder-el-5  el_after_av_one_full  el_before_av_one_half  box-gray first flex_column_div av-animated-generic fade-in av-zero-column-padding  column-top-margin'     ><section  class='av_textblock_section av-k41tfv25-8f797c2ceb2f3cddc332ffa70100533f '   itemscope=\"itemscope\" itemtype=\"https:\/\/schema.org\/CreativeWork\" ><div class='avia_textblock'  itemprop=\"text\" ><h1>Nos adh\u00e9sifs<\/h1>\n<p>Tout au long de son histoire, Paniker a consacr\u00e9 sa croissance \u00e0 cinq piliers fondamentaux\u00a0: le service, la qualit\u00e9, la recherche (I+D+I), la haute technologie et le respect de l&rsquo;environnement.<\/p>\n<p>Ces points ont \u00e9t\u00e9 la cl\u00e9 du d\u00e9veloppement continu de notre entreprise et du succ\u00e8s de nos produits dans un march\u00e9 aussi exigeant que celui des adh\u00e9sifs.<\/p>\n<p>Base Eau, base Solvant, Polyur\u00e9thnes et\u00a0 Bi-composant.<\/p>\n<\/div><\/section><br \/>\n\n<style type=\"text\/css\" data-created_by=\"avia_inline_auto\" id=\"style-css-av-k41ur6sw-89bb70264fe9c9d09f656d784ffa348c\">\n.avia-image-container.av-k41ur6sw-89bb70264fe9c9d09f656d784ffa348c img.avia_image{\nbox-shadow:none;\n}\n.avia-image-container.av-k41ur6sw-89bb70264fe9c9d09f656d784ffa348c .av-image-caption-overlay-center{\ncolor:#ffffff;\n}\n<\/style>\n<div  class='avia-image-container av-k41ur6sw-89bb70264fe9c9d09f656d784ffa348c av-styling- avia-align-left  avia-builder-el-7  el_after_av_textblock  avia-builder-el-last '   itemprop=\"image\" itemscope=\"itemscope\" itemtype=\"https:\/\/schema.org\/ImageObject\" ><div class=\"avia-image-container-inner\"><div class=\"avia-image-overlay-wrap\"><img decoding=\"async\" fetchpriority=\"high\" class='wp-image-995 avia-img-lazy-loading-not-995 avia_image ' src=\"https:\/\/www.paniker.com\/wp-content\/uploads\/2019\/12\/bureau-veritas-paniker.jpg\" alt='' title='bureau-veritas-paniker'  height=\"106\" width=\"185\"  itemprop=\"thumbnailUrl\"  \/><\/div><\/div><\/div><\/p><\/div>\n<div class='flex_column_table av-k3z0e93g-816b70584cc6d4c854265118b0687d55 sc-av_one_half av-equal-height-column-flextable'>\n<style type=\"text\/css\" data-created_by=\"avia_inline_auto\" id=\"style-css-av-k3z0e93g-816b70584cc6d4c854265118b0687d55\">\n.flex_column.av-k3z0e93g-816b70584cc6d4c854265118b0687d55{\nborder-radius:0px 0px 0px 0px;\npadding:0px 0px 0px 0px;\n}\n<\/style>\n<div  class='flex_column av-k3z0e93g-816b70584cc6d4c854265118b0687d55 av_one_half  avia-builder-el-8  el_after_av_one_full  el_before_av_one_half  box-blue first no_margin flex_column_table_cell av-equal-height-column av-align-top av-zero-column-padding  column-top-margin'     ><section  class='av_textblock_section av-k3z0gbqk-c664d41b30fb27305d2fec9121f5eebc '   itemscope=\"itemscope\" itemtype=\"https:\/\/schema.org\/CreativeWork\" ><div class='avia_textblock'  itemprop=\"text\" ><h2>Base eau<\/h2>\n<p>Nous fabriquons une grande vari\u00e9t\u00e9 d&rsquo;adh\u00e9sifs en dispersion aqueuse pour une utilisation dans une large gamme d&rsquo;applications.<\/p>\n<p><a class=\"button-link\" href=\"\/fr\/adhesifs\/base-eau\"><label>Plus d&rsquo;information<\/label><\/a><\/p>\n<\/div><\/section><\/div>\n\n<style type=\"text\/css\" data-created_by=\"avia_inline_auto\" id=\"style-css-av-k3z0e93g-0c11350a8be569b3c9d5cd313f88172a\">\n.flex_column.av-k3z0e93g-0c11350a8be569b3c9d5cd313f88172a{\nborder-radius:0px 0px 0px 0px;\npadding:0px 0px 0px 0px;\n}\n<\/style>\n<div  class='flex_column av-k3z0e93g-0c11350a8be569b3c9d5cd313f88172a av_one_half  avia-builder-el-10  el_after_av_one_half  el_before_av_one_half  box-red no_margin flex_column_table_cell av-equal-height-column av-align-top av-zero-column-padding  column-top-margin'     ><section  class='av_textblock_section av-k3z0gbqk-c664d41b30fb27305d2fec9121f5eebc '   itemscope=\"itemscope\" itemtype=\"https:\/\/schema.org\/CreativeWork\" ><div class='avia_textblock'  itemprop=\"text\" ><h2>Polyur\u00e9thanes<\/h2>\n<p>PANIKER dispose d\u2019une large gamme d&rsquo;adh\u00e9sifs polyur\u00e9thanes (PU) d\u2019un composant (1K), 2 composants (2K), hotmelt r\u00e9actifs (PUR) et base solvant.<\/p>\n<p><a class=\"button-link\" href=\"\/fr\/adhesifs\/polyurethanes\/\"><label>Plus d&rsquo;information<\/label><\/a><\/p>\n<\/div><\/section><\/div><\/div><!--close column table wrapper. Autoclose: 1 -->\n<div class='flex_column_table av-k3z0e93g-bc490a7a031a92547f00193c3bbac426 sc-av_one_half av-equal-height-column-flextable'>\n<style type=\"text\/css\" data-created_by=\"avia_inline_auto\" id=\"style-css-av-k3z0e93g-bc490a7a031a92547f00193c3bbac426\">\n.flex_column.av-k3z0e93g-bc490a7a031a92547f00193c3bbac426{\nborder-radius:0px 0px 0px 0px;\npadding:0px 0px 0px 0px;\n}\n<\/style>\n<div  class='flex_column av-k3z0e93g-bc490a7a031a92547f00193c3bbac426 av_one_half  avia-builder-el-12  el_after_av_one_half  el_before_av_one_half  box-red first no_margin flex_column_table_cell av-equal-height-column av-align-top av-zero-column-padding  column-top-margin'     ><section  class='av_textblock_section av-k3z0gbqk-c664d41b30fb27305d2fec9121f5eebc '   itemscope=\"itemscope\" itemtype=\"https:\/\/schema.org\/CreativeWork\" ><div class='avia_textblock'  itemprop=\"text\" ><h2>\u00c9poxy<\/h2>\n<p>Bas\u00e9 sur des r\u00e9sines \u00e9poxy pour divers march\u00e9s o\u00f9 des performances \u00e9lev\u00e9es sont requises, r\u00e9sistance aux hautes temp\u00e9ratures, r\u00e9sistance chimique aux solvants, adh\u00e9rence sur des substrats non poreux, etc.<\/p>\n<p><a class=\"button-link\" href=\"\/fr\/adhesifs\/epoxy\"><label>Plus d&rsquo;information<\/label><\/a><\/p>\n<\/div><\/section><\/div>\n\n<style type=\"text\/css\" data-created_by=\"avia_inline_auto\" id=\"style-css-av-k3z0e93g-a2bc8422998af0bb43f868f047c850bb\">\n.flex_column.av-k3z0e93g-a2bc8422998af0bb43f868f047c850bb{\nborder-radius:0px 0px 0px 0px;\npadding:0px 0px 0px 0px;\n}\n<\/style>\n<div  class='flex_column av-k3z0e93g-a2bc8422998af0bb43f868f047c850bb av_one_half  avia-builder-el-14  el_after_av_one_half  avia-builder-el-last  box-blue no_margin flex_column_table_cell av-equal-height-column av-align-top av-zero-column-padding  column-top-margin'     ><section  class='av_textblock_section av-k3z0gbqk-c664d41b30fb27305d2fec9121f5eebc '   itemscope=\"itemscope\" itemtype=\"https:\/\/schema.org\/CreativeWork\" ><div class='avia_textblock'  itemprop=\"text\" ><h2>Hotmelt<\/h2>\n<p>Ces adh\u00e9sifs thermofusibles sont des m\u00e9langes de cires, r\u00e9sines et d&rsquo;autres composants.<\/p>\n<p><a class=\"button-link\" href=\"https:\/\/www.paniker.com\/fr\/adhesifs\/hotmelt\/\"><label>Plus d&rsquo;information<\/label><\/a><\/p>\n<\/div><\/section><\/div><\/div><!--close column table wrapper. Autoclose: 1 -->\n","protected":false},"excerpt":{"rendered":"","protected":false},"author":3,"featured_media":0,"parent":790,"menu_order":0,"comment_status":"closed","ping_status":"closed","template":"","meta":{"footnotes":""},"class_list":["post-794","page","type-page","status-publish","hentry"],"yoast_head":"<!-- This site is optimized with the Yoast SEO plugin v27.3 - https:\/\/yoast.com\/product\/yoast-seo-wordpress\/ -->\n<title>Base solvant - Paniker<\/title>\n<meta name=\"robots\" content=\"index, follow, max-snippet:-1, max-image-preview:large, max-video-preview:-1\" \/>\n<link rel=\"canonical\" href=\"https:\/\/www.paniker.com\/fr\/adhesifs\/base-solvant\/\" \/>\n<meta property=\"og:locale\" content=\"fr_FR\" \/>\n<meta property=\"og:type\" content=\"article\" \/>\n<meta property=\"og:title\" content=\"Base solvant - Paniker\" \/>\n<meta property=\"og:url\" content=\"https:\/\/www.paniker.com\/fr\/adhesifs\/base-solvant\/\" \/>\n<meta property=\"og:site_name\" content=\"Paniker\" \/>\n<meta property=\"article:modified_time\" content=\"2020-07-02T08:28:33+00:00\" \/>\n<meta name=\"twitter:card\" content=\"summary_large_image\" \/>\n<meta name=\"twitter:label1\" content=\"Dur\u00e9e de lecture estim\u00e9e\" \/>\n\t<meta name=\"twitter:data1\" content=\"8 minutes\" \/>\n<script type=\"application\/ld+json\" class=\"yoast-schema-graph\">{\"@context\":\"https:\\\/\\\/schema.org\",\"@graph\":[{\"@type\":\"WebPage\",\"@id\":\"https:\\\/\\\/www.paniker.com\\\/fr\\\/adhesifs\\\/base-solvant\\\/\",\"url\":\"https:\\\/\\\/www.paniker.com\\\/fr\\\/adhesifs\\\/base-solvant\\\/\",\"name\":\"Base solvant - Paniker\",\"isPartOf\":{\"@id\":\"https:\\\/\\\/www.paniker.com\\\/#website\"},\"datePublished\":\"2019-12-20T16:16:15+00:00\",\"dateModified\":\"2020-07-02T08:28:33+00:00\",\"breadcrumb\":{\"@id\":\"https:\\\/\\\/www.paniker.com\\\/fr\\\/adhesifs\\\/base-solvant\\\/#breadcrumb\"},\"inLanguage\":\"fr-FR\",\"potentialAction\":[{\"@type\":\"ReadAction\",\"target\":[\"https:\\\/\\\/www.paniker.com\\\/fr\\\/adhesifs\\\/base-solvant\\\/\"]}]},{\"@type\":\"BreadcrumbList\",\"@id\":\"https:\\\/\\\/www.paniker.com\\\/fr\\\/adhesifs\\\/base-solvant\\\/#breadcrumb\",\"itemListElement\":[{\"@type\":\"ListItem\",\"position\":1,\"name\":\"Inici\",\"item\":\"https:\\\/\\\/www.paniker.com\\\/fr\\\/acceuil\\\/\"},{\"@type\":\"ListItem\",\"position\":2,\"name\":\"Adh\u00e9sifs\",\"item\":\"https:\\\/\\\/www.paniker.com\\\/fr\\\/adhesifs\\\/\"},{\"@type\":\"ListItem\",\"position\":3,\"name\":\"Base solvant\"}]},{\"@type\":\"WebSite\",\"@id\":\"https:\\\/\\\/www.paniker.com\\\/#website\",\"url\":\"https:\\\/\\\/www.paniker.com\\\/\",\"name\":\"Paniker\",\"description\":\"L\u00edderes en adhesivos l\u00edquidos y s\u00f3lidos\",\"potentialAction\":[{\"@type\":\"SearchAction\",\"target\":{\"@type\":\"EntryPoint\",\"urlTemplate\":\"https:\\\/\\\/www.paniker.com\\\/?s={search_term_string}\"},\"query-input\":{\"@type\":\"PropertyValueSpecification\",\"valueRequired\":true,\"valueName\":\"search_term_string\"}}],\"inLanguage\":\"fr-FR\"}]}<\/script>\n<!-- \/ Yoast SEO plugin. -->","yoast_head_json":{"title":"Base solvant - Paniker","robots":{"index":"index","follow":"follow","max-snippet":"max-snippet:-1","max-image-preview":"max-image-preview:large","max-video-preview":"max-video-preview:-1"},"canonical":"https:\/\/www.paniker.com\/fr\/adhesifs\/base-solvant\/","og_locale":"fr_FR","og_type":"article","og_title":"Base solvant - Paniker","og_url":"https:\/\/www.paniker.com\/fr\/adhesifs\/base-solvant\/","og_site_name":"Paniker","article_modified_time":"2020-07-02T08:28:33+00:00","twitter_card":"summary_large_image","twitter_misc":{"Dur\u00e9e de lecture estim\u00e9e":"8 minutes"},"schema":{"@context":"https:\/\/schema.org","@graph":[{"@type":"WebPage","@id":"https:\/\/www.paniker.com\/fr\/adhesifs\/base-solvant\/","url":"https:\/\/www.paniker.com\/fr\/adhesifs\/base-solvant\/","name":"Base solvant - Paniker","isPartOf":{"@id":"https:\/\/www.paniker.com\/#website"},"datePublished":"2019-12-20T16:16:15+00:00","dateModified":"2020-07-02T08:28:33+00:00","breadcrumb":{"@id":"https:\/\/www.paniker.com\/fr\/adhesifs\/base-solvant\/#breadcrumb"},"inLanguage":"fr-FR","potentialAction":[{"@type":"ReadAction","target":["https:\/\/www.paniker.com\/fr\/adhesifs\/base-solvant\/"]}]},{"@type":"BreadcrumbList","@id":"https:\/\/www.paniker.com\/fr\/adhesifs\/base-solvant\/#breadcrumb","itemListElement":[{"@type":"ListItem","position":1,"name":"Inici","item":"https:\/\/www.paniker.com\/fr\/acceuil\/"},{"@type":"ListItem","position":2,"name":"Adh\u00e9sifs","item":"https:\/\/www.paniker.com\/fr\/adhesifs\/"},{"@type":"ListItem","position":3,"name":"Base solvant"}]},{"@type":"WebSite","@id":"https:\/\/www.paniker.com\/#website","url":"https:\/\/www.paniker.com\/","name":"Paniker","description":"L\u00edderes en adhesivos l\u00edquidos y s\u00f3lidos","potentialAction":[{"@type":"SearchAction","target":{"@type":"EntryPoint","urlTemplate":"https:\/\/www.paniker.com\/?s={search_term_string}"},"query-input":{"@type":"PropertyValueSpecification","valueRequired":true,"valueName":"search_term_string"}}],"inLanguage":"fr-FR"}]}},"_links":{"self":[{"href":"https:\/\/www.paniker.com\/fr\/wp-json\/wp\/v2\/pages\/794","targetHints":{"allow":["GET"]}}],"collection":[{"href":"https:\/\/www.paniker.com\/fr\/wp-json\/wp\/v2\/pages"}],"about":[{"href":"https:\/\/www.paniker.com\/fr\/wp-json\/wp\/v2\/types\/page"}],"author":[{"embeddable":true,"href":"https:\/\/www.paniker.com\/fr\/wp-json\/wp\/v2\/users\/3"}],"replies":[{"embeddable":true,"href":"https:\/\/www.paniker.com\/fr\/wp-json\/wp\/v2\/comments?post=794"}],"version-history":[{"count":6,"href":"https:\/\/www.paniker.com\/fr\/wp-json\/wp\/v2\/pages\/794\/revisions"}],"predecessor-version":[{"id":1949,"href":"https:\/\/www.paniker.com\/fr\/wp-json\/wp\/v2\/pages\/794\/revisions\/1949"}],"up":[{"embeddable":true,"href":"https:\/\/www.paniker.com\/fr\/wp-json\/wp\/v2\/pages\/790"}],"wp:attachment":[{"href":"https:\/\/www.paniker.com\/fr\/wp-json\/wp\/v2\/media?parent=794"}],"curies":[{"name":"wp","href":"https:\/\/api.w.org\/{rel}","templated":true}]}}