{"id":796,"date":"2019-12-24T08:27:53","date_gmt":"2019-12-24T08:27:53","guid":{"rendered":"http:\/\/paniker.ergatesweb4.ovh\/fr\/adhesivos\/bi-componentes\/"},"modified":"2020-07-02T08:30:34","modified_gmt":"2020-07-02T08:30:34","slug":"epoxi","status":"publish","type":"page","link":"https:\/\/www.paniker.com\/fr\/adhesifs\/epoxi\/","title":{"rendered":"Epoxi"},"content":{"rendered":"<div  class='avia-slideshow av-k3z0a57v-b9e7aeaab433984110b592f1954a20c4 avia-slideshow-no scaling av_slideshow avia-slide-slider  avia-builder-el-0  el_before_av_one_full  avia-builder-el-first  av-desktop-hide av-medium-hide av-slideshow-ui av-control-minimal av-slideshow-manual av-loop-once av-loop-manual-endless av-default-height-applied avia-slideshow-1' data-slideshow-options=\"{&quot;animation&quot;:&quot;slide&quot;,&quot;autoplay&quot;:false,&quot;loop_autoplay&quot;:&quot;once&quot;,&quot;interval&quot;:5,&quot;loop_manual&quot;:&quot;manual-endless&quot;,&quot;autoplay_stopper&quot;:false,&quot;noNavigation&quot;:false,&quot;bg_slider&quot;:false,&quot;keep_padding&quot;:false,&quot;hoverpause&quot;:false,&quot;show_slide_delay&quot;:0}\"  itemprop=\"image\" itemscope=\"itemscope\" itemtype=\"https:\/\/schema.org\/ImageObject\" ><ul class='avia-slideshow-inner ' style='padding-bottom: 125%;'><li  class='avia-slideshow-slide av-k3z0a57v-b9e7aeaab433984110b592f1954a20c4__0  av-single-slide slide-1 slide-odd'><div data-rel='slideshow-1' class='avia-slide-wrap '   ><img decoding=\"async\" fetchpriority=\"high\" class=\"wp-image-1609 avia-img-lazy-loading-not-1609\"  src=\"https:\/\/www.paniker.com\/wp-content\/uploads\/2020\/06\/0000_Adhesivos-Bi-Componente-Paniker-Dispositivos.jpg\" width=\"1200\" height=\"1500\" title='_0000_Adhesivos-Bi-Componente-Paniker-Dispositivos' alt=''  itemprop=\"thumbnailUrl\" srcset=\"https:\/\/www.paniker.com\/wp-content\/uploads\/2020\/06\/0000_Adhesivos-Bi-Componente-Paniker-Dispositivos.jpg 1200w, https:\/\/www.paniker.com\/wp-content\/uploads\/2020\/06\/0000_Adhesivos-Bi-Componente-Paniker-Dispositivos-240x300.jpg 240w, https:\/\/www.paniker.com\/wp-content\/uploads\/2020\/06\/0000_Adhesivos-Bi-Componente-Paniker-Dispositivos-824x1030.jpg 824w, https:\/\/www.paniker.com\/wp-content\/uploads\/2020\/06\/0000_Adhesivos-Bi-Componente-Paniker-Dispositivos-768x960.jpg 768w, https:\/\/www.paniker.com\/wp-content\/uploads\/2020\/06\/0000_Adhesivos-Bi-Componente-Paniker-Dispositivos-564x705.jpg 564w\" sizes=\"(max-width: 1200px) 100vw, 1200px\" \/><\/div><\/li><\/ul><\/div>\n\n<style type=\"text\/css\" data-created_by=\"avia_inline_auto\" id=\"style-css-av-k5gmi2kt-23f3ca5c263c5a7fd4562402a5498c78\">\n.flex_column.av-k5gmi2kt-23f3ca5c263c5a7fd4562402a5498c78{\nborder-radius:0px 0px 0px 0px;\npadding:0px 0px 50px 0px;\n}\n<\/style>\n<div  class='flex_column av-k5gmi2kt-23f3ca5c263c5a7fd4562402a5498c78 av_one_full  avia-builder-el-1  el_after_av_slideshow  el_before_av_one_full  first flex_column_div  '     ><div  class='avia-slideshow av-k3z0a57v-42bc83732899bdae97473a31c67f7f3f avia-slideshow-no scaling av_slideshow avia-slide-slider  avia-builder-el-2  avia-builder-el-no-sibling  av-small-hide av-mini-hide av-slideshow-ui av-control-minimal av-slideshow-manual av-loop-once av-loop-manual-endless av-default-height-applied avia-slideshow-2' data-slideshow-options=\"{&quot;animation&quot;:&quot;slide&quot;,&quot;autoplay&quot;:false,&quot;loop_autoplay&quot;:&quot;once&quot;,&quot;interval&quot;:5,&quot;loop_manual&quot;:&quot;manual-endless&quot;,&quot;autoplay_stopper&quot;:false,&quot;noNavigation&quot;:false,&quot;bg_slider&quot;:false,&quot;keep_padding&quot;:false,&quot;hoverpause&quot;:false,&quot;show_slide_delay&quot;:0}\"  itemprop=\"image\" itemscope=\"itemscope\" itemtype=\"https:\/\/schema.org\/ImageObject\" ><ul class='avia-slideshow-inner ' style='padding-bottom: 44.901960784314%;'><li  class='avia-slideshow-slide av-k3z0a57v-42bc83732899bdae97473a31c67f7f3f__0  av-single-slide slide-1 slide-odd'><div data-rel='slideshow-2' class='avia-slide-wrap '   ><img decoding=\"async\" fetchpriority=\"high\" class=\"wp-image-1613 avia-img-lazy-loading-not-1613\"  src=\"https:\/\/www.paniker.com\/wp-content\/uploads\/2020\/06\/0000_Adhesivos-Bi-Componente-Paniker-Escritorio.jpg\" width=\"1530\" height=\"687\" title='_0000_Adhesivos-Bi-Componente-Paniker-Escritorio' alt=''  itemprop=\"thumbnailUrl\" srcset=\"https:\/\/www.paniker.com\/wp-content\/uploads\/2020\/06\/0000_Adhesivos-Bi-Componente-Paniker-Escritorio.jpg 1530w, https:\/\/www.paniker.com\/wp-content\/uploads\/2020\/06\/0000_Adhesivos-Bi-Componente-Paniker-Escritorio-300x135.jpg 300w, https:\/\/www.paniker.com\/wp-content\/uploads\/2020\/06\/0000_Adhesivos-Bi-Componente-Paniker-Escritorio-1030x462.jpg 1030w, https:\/\/www.paniker.com\/wp-content\/uploads\/2020\/06\/0000_Adhesivos-Bi-Componente-Paniker-Escritorio-768x345.jpg 768w, https:\/\/www.paniker.com\/wp-content\/uploads\/2020\/06\/0000_Adhesivos-Bi-Componente-Paniker-Escritorio-1500x674.jpg 1500w, https:\/\/www.paniker.com\/wp-content\/uploads\/2020\/06\/0000_Adhesivos-Bi-Componente-Paniker-Escritorio-705x317.jpg 705w\" sizes=\"(max-width: 1530px) 100vw, 1530px\" \/><\/div><\/li><\/ul><\/div><\/div>\n<style type=\"text\/css\" data-created_by=\"avia_inline_auto\" id=\"style-css-av-k41tibc7-24852eed5bbb564d5f080aab7f24e8fb\">\n#top .flex_column.av-k41tibc7-24852eed5bbb564d5f080aab7f24e8fb{\nmargin-top:0px;\nmargin-bottom:50px;\n}\n.flex_column.av-k41tibc7-24852eed5bbb564d5f080aab7f24e8fb{\nborder-radius:0px 0px 0px 0px;\npadding:0px 0px 0px 0px;\n}\n.responsive #top #wrap_all .flex_column.av-k41tibc7-24852eed5bbb564d5f080aab7f24e8fb{\nmargin-top:0px;\nmargin-bottom:50px;\n}\n<\/style>\n<div  class='flex_column av-k41tibc7-24852eed5bbb564d5f080aab7f24e8fb av_one_full  avia-builder-el-3  el_after_av_one_full  el_before_av_one_full  box-gray first flex_column_div av-animated-generic fade-in av-zero-column-padding  column-top-margin'     ><section  class='av_textblock_section av-k41tfv25-8f797c2ceb2f3cddc332ffa70100533f '   itemscope=\"itemscope\" itemtype=\"https:\/\/schema.org\/CreativeWork\" ><div class='avia_textblock'  itemprop=\"text\" ><h1>Epoxi<\/h1>\n<p>Basados en resinas epox\u00eddicas para diversos mercados en los que se requieren elevadas prestaciones, elevada resistencia a la temperatura, resistencia qu\u00edmica a disolventes, adhesi\u00f3n sobre substratos no porosos, etc\u2026<br \/>\nDisponemos de una ampl\u00eda gama de adhesivos comercializados bajo la marca <strong>KOLTAC<\/strong>.<\/p>\n<\/div><\/section><\/div><\/p>\n\n<style type=\"text\/css\" data-created_by=\"avia_inline_auto\" id=\"style-css-av-k41tibc7-24852eed5bbb564d5f080aab7f24e8fb\">\n#top .flex_column.av-k41tibc7-24852eed5bbb564d5f080aab7f24e8fb{\nmargin-top:0px;\nmargin-bottom:50px;\n}\n.flex_column.av-k41tibc7-24852eed5bbb564d5f080aab7f24e8fb{\nborder-radius:0px 0px 0px 0px;\npadding:0px 0px 0px 0px;\n}\n.responsive #top #wrap_all .flex_column.av-k41tibc7-24852eed5bbb564d5f080aab7f24e8fb{\nmargin-top:0px;\nmargin-bottom:50px;\n}\n<\/style>\n<div  class='flex_column av-k41tibc7-24852eed5bbb564d5f080aab7f24e8fb av_one_full  avia-builder-el-5  el_after_av_one_full  el_before_av_one_half  box-gray first flex_column_div av-animated-generic fade-in av-zero-column-padding  column-top-margin'     ><section  class='av_textblock_section av-k41tfv25-8f797c2ceb2f3cddc332ffa70100533f '   itemscope=\"itemscope\" itemtype=\"https:\/\/schema.org\/CreativeWork\" ><div class='avia_textblock'  itemprop=\"text\" ><h1>Nuestros adhesivos<\/h1>\n<p>A lo largo de su historia, Paniker ha basado su crecimiento en cinco pilares b\u00e1sicos; Servicio, calidad, investigaci\u00f3n (I+D+i), alta tecnolog\u00eda y respeto por el Medio Ambiente.<\/p>\n<p>Estos puntos han sido clave para el continuo desarrollo de nuestra empresa y del \u00e9xito de nuestros productos, en un mercado tan exigente como el de los adhesivos.<\/p>\n<p>Base Agua, base Solvente, Poliuretano y Epoxis.<\/p>\n<\/div><\/section><br \/>\n\n<style type=\"text\/css\" data-created_by=\"avia_inline_auto\" id=\"style-css-av-k41ur6sw-89bb70264fe9c9d09f656d784ffa348c\">\n.avia-image-container.av-k41ur6sw-89bb70264fe9c9d09f656d784ffa348c img.avia_image{\nbox-shadow:none;\n}\n.avia-image-container.av-k41ur6sw-89bb70264fe9c9d09f656d784ffa348c .av-image-caption-overlay-center{\ncolor:#ffffff;\n}\n<\/style>\n<div  class='avia-image-container av-k41ur6sw-89bb70264fe9c9d09f656d784ffa348c av-styling- avia-align-left  avia-builder-el-7  el_after_av_textblock  avia-builder-el-last '   itemprop=\"image\" itemscope=\"itemscope\" itemtype=\"https:\/\/schema.org\/ImageObject\" ><div class=\"avia-image-container-inner\"><div class=\"avia-image-overlay-wrap\"><img decoding=\"async\" fetchpriority=\"high\" class='wp-image-995 avia-img-lazy-loading-not-995 avia_image ' src=\"https:\/\/www.paniker.com\/wp-content\/uploads\/2019\/12\/bureau-veritas-paniker.jpg\" alt='' title='bureau-veritas-paniker'  height=\"106\" width=\"185\"  itemprop=\"thumbnailUrl\"  \/><\/div><\/div><\/div><\/p><\/div>\n<div class='flex_column_table av-k3z0e93g-816b70584cc6d4c854265118b0687d55 sc-av_one_half av-equal-height-column-flextable'>\n<style type=\"text\/css\" data-created_by=\"avia_inline_auto\" id=\"style-css-av-k3z0e93g-816b70584cc6d4c854265118b0687d55\">\n.flex_column.av-k3z0e93g-816b70584cc6d4c854265118b0687d55{\nborder-radius:0px 0px 0px 0px;\npadding:0px 0px 0px 0px;\n}\n<\/style>\n<div  class='flex_column av-k3z0e93g-816b70584cc6d4c854265118b0687d55 av_one_half  avia-builder-el-8  el_after_av_one_full  el_before_av_one_half  box-blue first no_margin flex_column_table_cell av-equal-height-column av-align-top av-zero-column-padding  column-top-margin'     ><section  class='av_textblock_section av-k3z0gbqk-c664d41b30fb27305d2fec9121f5eebc '   itemscope=\"itemscope\" itemtype=\"https:\/\/schema.org\/CreativeWork\" ><div class='avia_textblock'  itemprop=\"text\" ><h2>Base de agua<\/h2>\n<p>Fabricamos una amplia variedad de adhesivos en dispersi\u00f3n acuosa<br \/>\npara utilizar en una amplia gama de aplicaciones.<\/p>\n<p><a class=\"button-link\" href=\"\/adhesivos\/base-de-agua\"><label>M\u00e1s informaci\u00f3n<\/label><\/a><\/p>\n<\/div><\/section><\/div>\n\n<style type=\"text\/css\" data-created_by=\"avia_inline_auto\" id=\"style-css-av-k3z0e93g-0c11350a8be569b3c9d5cd313f88172a\">\n.flex_column.av-k3z0e93g-0c11350a8be569b3c9d5cd313f88172a{\nborder-radius:0px 0px 0px 0px;\npadding:0px 0px 0px 0px;\n}\n<\/style>\n<div  class='flex_column av-k3z0e93g-0c11350a8be569b3c9d5cd313f88172a av_one_half  avia-builder-el-10  el_after_av_one_half  el_before_av_one_half  box-red no_margin flex_column_table_cell av-equal-height-column av-align-top av-zero-column-padding  column-top-margin'     ><section  class='av_textblock_section av-k3z0gbqk-c664d41b30fb27305d2fec9121f5eebc '   itemscope=\"itemscope\" itemtype=\"https:\/\/schema.org\/CreativeWork\" ><div class='avia_textblock'  itemprop=\"text\" ><h2>Base Solvente<\/h2>\n<p>Fabricamos una extensa gama de adhesivos en base solvente.<br \/>\nEstos adhesivos est\u00e1n compuestos por pol\u00edmeros disueltos en disolventes org\u00e1nicos.<\/p>\n<p><a class=\"button-link\" href=\"\/adhesivos\/base-solvente\"><label>M\u00e1s informaci\u00f3n<\/label><\/a><\/p>\n<\/div><\/section><\/div><\/div><!--close column table wrapper. Autoclose: 1 -->\n<div class='flex_column_table av-k3z0e93g-bc490a7a031a92547f00193c3bbac426 sc-av_one_half av-equal-height-column-flextable'>\n<style type=\"text\/css\" data-created_by=\"avia_inline_auto\" id=\"style-css-av-k3z0e93g-bc490a7a031a92547f00193c3bbac426\">\n.flex_column.av-k3z0e93g-bc490a7a031a92547f00193c3bbac426{\nborder-radius:0px 0px 0px 0px;\npadding:0px 0px 0px 0px;\n}\n<\/style>\n<div  class='flex_column av-k3z0e93g-bc490a7a031a92547f00193c3bbac426 av_one_half  avia-builder-el-12  el_after_av_one_half  el_before_av_one_half  box-red first no_margin flex_column_table_cell av-equal-height-column av-align-top av-zero-column-padding  column-top-margin'     ><section  class='av_textblock_section av-k3z0gbqk-c664d41b30fb27305d2fec9121f5eebc '   itemscope=\"itemscope\" itemtype=\"https:\/\/schema.org\/CreativeWork\" ><div class='avia_textblock'  itemprop=\"text\" ><h2>Poliuretanos<\/h2>\n<p>PANIKER dispone de una amplia gama de adhesivos de Poliuretano ( PU) de un componente, ( 1K), dos comopentes (2K) , hotmelt Reactivo (PUR) y de base solvente.<\/p>\n<p><a class=\"button-link\" href=\"\/adhesivos\/poliuretanos\/\"><label>M\u00e1s informaci\u00f3n<\/label><\/a><\/p>\n<\/div><\/section><\/div>\n\n<style type=\"text\/css\" data-created_by=\"avia_inline_auto\" id=\"style-css-av-k3z0e93g-a2bc8422998af0bb43f868f047c850bb\">\n.flex_column.av-k3z0e93g-a2bc8422998af0bb43f868f047c850bb{\nborder-radius:0px 0px 0px 0px;\npadding:0px 0px 0px 0px;\n}\n<\/style>\n<div  class='flex_column av-k3z0e93g-a2bc8422998af0bb43f868f047c850bb av_one_half  avia-builder-el-14  el_after_av_one_half  avia-builder-el-last  box-blue no_margin flex_column_table_cell av-equal-height-column av-align-top av-zero-column-padding  column-top-margin'     ><section  class='av_textblock_section av-k3z0gbqk-c664d41b30fb27305d2fec9121f5eebc '   itemscope=\"itemscope\" itemtype=\"https:\/\/schema.org\/CreativeWork\" ><div class='avia_textblock'  itemprop=\"text\" ><h2>Hotmelt<\/h2>\n<p>Estos adhesivos de fusi\u00f3n en caliente son mezclas de ceras, resinas y otros componentes.<\/p>\n<p><a class=\"button-link\" href=\"\/adhesivos\/hotmelt\/\"><label>M\u00e1s informaci\u00f3n<\/label><\/a><\/p>\n<\/div><\/section><\/div><\/div><!--close column table wrapper. Autoclose: 1 -->\n","protected":false},"excerpt":{"rendered":"","protected":false},"author":3,"featured_media":0,"parent":790,"menu_order":0,"comment_status":"closed","ping_status":"closed","template":"","meta":{"footnotes":""},"class_list":["post-796","page","type-page","status-publish","hentry"],"yoast_head":"<!-- This site is optimized with the Yoast SEO plugin v27.0 - https:\/\/yoast.com\/product\/yoast-seo-wordpress\/ -->\n<title>Epoxi - Paniker<\/title>\n<meta name=\"robots\" content=\"index, follow, max-snippet:-1, max-image-preview:large, max-video-preview:-1\" \/>\n<link rel=\"canonical\" href=\"https:\/\/www.paniker.com\/fr\/adhesifs\/epoxi\/\" \/>\n<meta property=\"og:locale\" content=\"fr_FR\" \/>\n<meta property=\"og:type\" content=\"article\" \/>\n<meta property=\"og:title\" content=\"Epoxi - Paniker\" \/>\n<meta property=\"og:url\" content=\"https:\/\/www.paniker.com\/fr\/adhesifs\/epoxi\/\" \/>\n<meta property=\"og:site_name\" content=\"Paniker\" \/>\n<meta property=\"article:modified_time\" content=\"2020-07-02T08:30:34+00:00\" \/>\n<meta name=\"twitter:card\" content=\"summary_large_image\" \/>\n<meta name=\"twitter:label1\" content=\"Dur\u00e9e de lecture estim\u00e9e\" \/>\n\t<meta name=\"twitter:data1\" content=\"8 minutes\" \/>\n<script type=\"application\/ld+json\" class=\"yoast-schema-graph\">{\"@context\":\"https:\/\/schema.org\",\"@graph\":[{\"@type\":\"WebPage\",\"@id\":\"https:\/\/www.paniker.com\/fr\/adhesifs\/epoxi\/\",\"url\":\"https:\/\/www.paniker.com\/fr\/adhesifs\/epoxi\/\",\"name\":\"Epoxi - Paniker\",\"isPartOf\":{\"@id\":\"https:\/\/www.paniker.com\/#website\"},\"datePublished\":\"2019-12-24T08:27:53+00:00\",\"dateModified\":\"2020-07-02T08:30:34+00:00\",\"breadcrumb\":{\"@id\":\"https:\/\/www.paniker.com\/fr\/adhesifs\/epoxi\/#breadcrumb\"},\"inLanguage\":\"fr-FR\",\"potentialAction\":[{\"@type\":\"ReadAction\",\"target\":[\"https:\/\/www.paniker.com\/fr\/adhesifs\/epoxi\/\"]}]},{\"@type\":\"BreadcrumbList\",\"@id\":\"https:\/\/www.paniker.com\/fr\/adhesifs\/epoxi\/#breadcrumb\",\"itemListElement\":[{\"@type\":\"ListItem\",\"position\":1,\"name\":\"Inici\",\"item\":\"https:\/\/www.paniker.com\/fr\/acceuil\/\"},{\"@type\":\"ListItem\",\"position\":2,\"name\":\"Adh\u00e9sifs\",\"item\":\"https:\/\/www.paniker.com\/fr\/adhesifs\/\"},{\"@type\":\"ListItem\",\"position\":3,\"name\":\"Epoxi\"}]},{\"@type\":\"WebSite\",\"@id\":\"https:\/\/www.paniker.com\/#website\",\"url\":\"https:\/\/www.paniker.com\/\",\"name\":\"Paniker\",\"description\":\"L\u00edderes en adhesivos l\u00edquidos y s\u00f3lidos\",\"potentialAction\":[{\"@type\":\"SearchAction\",\"target\":{\"@type\":\"EntryPoint\",\"urlTemplate\":\"https:\/\/www.paniker.com\/?s={search_term_string}\"},\"query-input\":{\"@type\":\"PropertyValueSpecification\",\"valueRequired\":true,\"valueName\":\"search_term_string\"}}],\"inLanguage\":\"fr-FR\"}]}<\/script>\n<!-- \/ Yoast SEO plugin. -->","yoast_head_json":{"title":"Epoxi - Paniker","robots":{"index":"index","follow":"follow","max-snippet":"max-snippet:-1","max-image-preview":"max-image-preview:large","max-video-preview":"max-video-preview:-1"},"canonical":"https:\/\/www.paniker.com\/fr\/adhesifs\/epoxi\/","og_locale":"fr_FR","og_type":"article","og_title":"Epoxi - Paniker","og_url":"https:\/\/www.paniker.com\/fr\/adhesifs\/epoxi\/","og_site_name":"Paniker","article_modified_time":"2020-07-02T08:30:34+00:00","twitter_card":"summary_large_image","twitter_misc":{"Dur\u00e9e de lecture estim\u00e9e":"8 minutes"},"schema":{"@context":"https:\/\/schema.org","@graph":[{"@type":"WebPage","@id":"https:\/\/www.paniker.com\/fr\/adhesifs\/epoxi\/","url":"https:\/\/www.paniker.com\/fr\/adhesifs\/epoxi\/","name":"Epoxi - Paniker","isPartOf":{"@id":"https:\/\/www.paniker.com\/#website"},"datePublished":"2019-12-24T08:27:53+00:00","dateModified":"2020-07-02T08:30:34+00:00","breadcrumb":{"@id":"https:\/\/www.paniker.com\/fr\/adhesifs\/epoxi\/#breadcrumb"},"inLanguage":"fr-FR","potentialAction":[{"@type":"ReadAction","target":["https:\/\/www.paniker.com\/fr\/adhesifs\/epoxi\/"]}]},{"@type":"BreadcrumbList","@id":"https:\/\/www.paniker.com\/fr\/adhesifs\/epoxi\/#breadcrumb","itemListElement":[{"@type":"ListItem","position":1,"name":"Inici","item":"https:\/\/www.paniker.com\/fr\/acceuil\/"},{"@type":"ListItem","position":2,"name":"Adh\u00e9sifs","item":"https:\/\/www.paniker.com\/fr\/adhesifs\/"},{"@type":"ListItem","position":3,"name":"Epoxi"}]},{"@type":"WebSite","@id":"https:\/\/www.paniker.com\/#website","url":"https:\/\/www.paniker.com\/","name":"Paniker","description":"L\u00edderes en adhesivos l\u00edquidos y s\u00f3lidos","potentialAction":[{"@type":"SearchAction","target":{"@type":"EntryPoint","urlTemplate":"https:\/\/www.paniker.com\/?s={search_term_string}"},"query-input":{"@type":"PropertyValueSpecification","valueRequired":true,"valueName":"search_term_string"}}],"inLanguage":"fr-FR"}]}},"_links":{"self":[{"href":"https:\/\/www.paniker.com\/fr\/wp-json\/wp\/v2\/pages\/796","targetHints":{"allow":["GET"]}}],"collection":[{"href":"https:\/\/www.paniker.com\/fr\/wp-json\/wp\/v2\/pages"}],"about":[{"href":"https:\/\/www.paniker.com\/fr\/wp-json\/wp\/v2\/types\/page"}],"author":[{"embeddable":true,"href":"https:\/\/www.paniker.com\/fr\/wp-json\/wp\/v2\/users\/3"}],"replies":[{"embeddable":true,"href":"https:\/\/www.paniker.com\/fr\/wp-json\/wp\/v2\/comments?post=796"}],"version-history":[{"count":10,"href":"https:\/\/www.paniker.com\/fr\/wp-json\/wp\/v2\/pages\/796\/revisions"}],"predecessor-version":[{"id":1854,"href":"https:\/\/www.paniker.com\/fr\/wp-json\/wp\/v2\/pages\/796\/revisions\/1854"}],"up":[{"embeddable":true,"href":"https:\/\/www.paniker.com\/fr\/wp-json\/wp\/v2\/pages\/790"}],"wp:attachment":[{"href":"https:\/\/www.paniker.com\/fr\/wp-json\/wp\/v2\/media?parent=796"}],"curies":[{"name":"wp","href":"https:\/\/api.w.org\/{rel}","templated":true}]}}